{"id":1699,"date":"2025-10-09T06:31:33","date_gmt":"2025-10-09T06:31:33","guid":{"rendered":"https:\/\/uhmwpemanufacture.com\/?post_type=product&#038;p=1699"},"modified":"2025-10-09T06:31:33","modified_gmt":"2025-10-09T06:31:33","slug":"lead-boron-polyethylene-plate-uhmwpe-boards-manufacturer","status":"publish","type":"product","link":"https:\/\/uhmwpemanufacture.com\/fr\/lead-boron-polyethylene-plate-uhmwpe-boards-manufacturer\/","title":{"rendered":"Plaques de poly\u00e9thyl\u00e8ne au plomb-bore Fabrication de plaques UHMWPE"},"content":{"rendered":"<h2>Plaques de poly\u00e9thyl\u00e8ne plomb-bore Fournisseur de plaques UHMWPE<\/h2>\n<p>Les plaques de poly\u00e9thyl\u00e8ne plomb-bore sont sp\u00e9cialement con\u00e7ues pour un blindage de qualit\u00e9 sup\u00e9rieure contre les rayonnements neutroniques et gamma. Fabriqu\u00e9es \u00e0 partir de poly\u00e9thyl\u00e8ne haute densit\u00e9 impr\u00e9gn\u00e9 de plomb et de bore, ces plaques UHMWPE sont robustes, polyvalentes et tr\u00e8s r\u00e9sistantes aux chocs. Ils conviennent parfaitement aux centrales nucl\u00e9aires, aux salles de radiologie m\u00e9dicale, aux laboratoires et aux environnements de d\u00e9fense commerciale. La surface lisse et robuste garantit un nettoyage facile et des performances \u00e0 long terme dans des conditions difficiles. Propos\u00e9s dans des tailles et des \u00e9paisseurs personnalis\u00e9es, ces panneaux constituent une option efficace, l\u00e9g\u00e8re et r\u00e9sistante \u00e0 la corrosion pour les applications de radioprotection et de s\u00e9curit\u00e9.<\/p>","protected":false},"excerpt":{"rendered":"<p>Les plaques en poly\u00e9thyl\u00e8ne plomb-bore offrent un blindage efficace contre les neutrons et les rayons gamma, ainsi qu'une r\u00e9sistance et une durabilit\u00e9 excellentes. Fabriqu\u00e9es en UHMWPE, elles sont id\u00e9ales pour la radioprotection nucl\u00e9aire, m\u00e9dicale et industrielle, car elles r\u00e9sistent \u00e0 la corrosion et ont une longue dur\u00e9e de vie.<\/p>","protected":false},"featured_media":1701,"template":"","meta":{"_gspb_post_css":""},"product_brand":[],"product_cat":[15,19],"product_tag":[307,309,308],"class_list":{"0":"post-1699","1":"product","2":"type-product","3":"status-publish","4":"has-post-thumbnail","6":"product_cat-uhmwpe-hdpe-sheets-plates","7":"product_cat-lead-boron-polyethylene-plates","8":"product_tag-lead-boron-plate","9":"product_tag-polyethylene-shielding-panel","10":"product_tag-uhmwpe-radiation-board","12":"first","13":"instock","14":"shipping-taxable","15":"product-type-simple"},"_links":{"self":[{"href":"https:\/\/uhmwpemanufacture.com\/fr\/wp-json\/wp\/v2\/product\/1699","targetHints":{"allow":["GET"]}}],"collection":[{"href":"https:\/\/uhmwpemanufacture.com\/fr\/wp-json\/wp\/v2\/product"}],"about":[{"href":"https:\/\/uhmwpemanufacture.com\/fr\/wp-json\/wp\/v2\/types\/product"}],"wp:featuredmedia":[{"embeddable":true,"href":"https:\/\/uhmwpemanufacture.com\/fr\/wp-json\/wp\/v2\/media\/1701"}],"wp:attachment":[{"href":"https:\/\/uhmwpemanufacture.com\/fr\/wp-json\/wp\/v2\/media?parent=1699"}],"wp:term":[{"taxonomy":"product_brand","embeddable":true,"href":"https:\/\/uhmwpemanufacture.com\/fr\/wp-json\/wp\/v2\/product_brand?post=1699"},{"taxonomy":"product_cat","embeddable":true,"href":"https:\/\/uhmwpemanufacture.com\/fr\/wp-json\/wp\/v2\/product_cat?post=1699"},{"taxonomy":"product_tag","embeddable":true,"href":"https:\/\/uhmwpemanufacture.com\/fr\/wp-json\/wp\/v2\/product_tag?post=1699"}],"curies":[{"name":"wp","href":"https:\/\/api.w.org\/{rel}","templated":true}]}}