{"id":1702,"date":"2025-10-09T08:40:02","date_gmt":"2025-10-09T08:40:02","guid":{"rendered":"https:\/\/uhmwpemanufacture.com\/?post_type=product&#038;p=1702"},"modified":"2025-10-09T08:40:02","modified_gmt":"2025-10-09T08:40:02","slug":"custom-chinese-factories-plastic-uhmw-pe-sheet-manufacturer","status":"publish","type":"product","link":"https:\/\/uhmwpemanufacture.com\/fr\/custom-chinese-factories-plastic-uhmw-pe-sheet-manufacturer\/","title":{"rendered":"Usines chinoises sur mesure Plastique UHMW-PE Sheet Manufacturer"},"content":{"rendered":"<h2>Installations de fabrication chinoise sur mesure Producteur de feuilles de plastique UHMW-PE<\/h2>\n<p>Les plaques UHMW-PE des principaux producteurs chinois sont cr\u00e9\u00e9es pour offrir une r\u00e9sistance \u00e0 l'usure exceptionnelle, un faible frottement et une t\u00e9nacit\u00e9 remarquable. Disponibles dans diff\u00e9rentes couleurs telles que le bleu, le blanc et le noir, ces feuilles offrent une s\u00e9curit\u00e9 chimique et une r\u00e9sistance \u00e0 l'humidit\u00e9, \u00e0 la corrosion et \u00e0 l'abrasion exceptionnelles. Parfaites pour les applications dans l'industrie alimentaire, les \u00e9quipements, la marine et les syst\u00e8mes de transport, les feuilles UHMW-PE offrent une surface durable et sans entretien. Des dimensions et des densit\u00e9s personnalis\u00e9es peuvent \u00eatre cr\u00e9\u00e9es pour r\u00e9pondre aux besoins commerciaux et techniques, garantissant des performances fiables dans les atmosph\u00e8res les plus exigeantes, tout en conservant un poids l\u00e9ger et une grande durabilit\u00e9.<\/p>","protected":false},"excerpt":{"rendered":"<p>Les feuilles d'UHMW-PE de haute qualit\u00e9 se caract\u00e9risent par une excellente r\u00e9sistance \u00e0 l'usure et aux chocs, ainsi que par un faible coefficient de frottement. Disponibles dans des couleurs et des tailles personnalis\u00e9es, elles sont id\u00e9ales pour les machines, la marine et les applications industrielles n\u00e9cessitant une durabilit\u00e9 et une r\u00e9sistance aux produits chimiques.<\/p>","protected":false},"featured_media":1721,"template":"","meta":{"_gspb_post_css":""},"product_brand":[],"product_cat":[15,17],"product_tag":[311,312,310],"class_list":{"0":"post-1702","1":"product","2":"type-product","3":"status-publish","4":"has-post-thumbnail","6":"product_cat-uhmwpe-hdpe-sheets-plates","7":"product_cat-uhmwpe-sheets","8":"product_tag-plastic-board","9":"product_tag-polyethylene-manufacturer","10":"product_tag-uhmw-pe-sheet","12":"first","13":"instock","14":"shipping-taxable","15":"product-type-simple"},"_links":{"self":[{"href":"https:\/\/uhmwpemanufacture.com\/fr\/wp-json\/wp\/v2\/product\/1702","targetHints":{"allow":["GET"]}}],"collection":[{"href":"https:\/\/uhmwpemanufacture.com\/fr\/wp-json\/wp\/v2\/product"}],"about":[{"href":"https:\/\/uhmwpemanufacture.com\/fr\/wp-json\/wp\/v2\/types\/product"}],"wp:featuredmedia":[{"embeddable":true,"href":"https:\/\/uhmwpemanufacture.com\/fr\/wp-json\/wp\/v2\/media\/1721"}],"wp:attachment":[{"href":"https:\/\/uhmwpemanufacture.com\/fr\/wp-json\/wp\/v2\/media?parent=1702"}],"wp:term":[{"taxonomy":"product_brand","embeddable":true,"href":"https:\/\/uhmwpemanufacture.com\/fr\/wp-json\/wp\/v2\/product_brand?post=1702"},{"taxonomy":"product_cat","embeddable":true,"href":"https:\/\/uhmwpemanufacture.com\/fr\/wp-json\/wp\/v2\/product_cat?post=1702"},{"taxonomy":"product_tag","embeddable":true,"href":"https:\/\/uhmwpemanufacture.com\/fr\/wp-json\/wp\/v2\/product_tag?post=1702"}],"curies":[{"name":"wp","href":"https:\/\/api.w.org\/{rel}","templated":true}]}}