{"id":1722,"date":"2025-10-09T08:43:43","date_gmt":"2025-10-09T08:43:43","guid":{"rendered":"https:\/\/uhmwpemanufacture.com\/?post_type=product&#038;p=1722"},"modified":"2025-10-09T08:43:43","modified_gmt":"2025-10-09T08:43:43","slug":"heavy-duty-uhmwpe-plastic-outrigger-pad-crane-level-pads","status":"publish","type":"product","link":"https:\/\/uhmwpemanufacture.com\/fr\/heavy-duty-uhmwpe-plastic-outrigger-pad-crane-level-pads\/","title":{"rendered":"Coussin de niveau de grue en plastique Uhmwpe pour usage intensif"},"content":{"rendered":"<h2>Plaque de niveau pour grue en plastique UHMWPE solide<\/h2>\n<p>Ces tampons durables en plastique UHMWPE sont con\u00e7us pour assurer une meilleure circulation des lots et une meilleure s\u00e9curit\u00e9 au sol. Construits pour supporter des pressions extr\u00eames, ils \u00e9vitent aux grues et aux \u00e9quipements lourds de s'enfoncer ou de s'incliner sur des surfaces molles ou irr\u00e9guli\u00e8res. Les coussins sont \u00e9quip\u00e9s d'une corde rouge r\u00e9siliente qui facilite le transport et le positionnement, garantissant ainsi une efficacit\u00e9 optimale sur les chantiers. Gr\u00e2ce \u00e0 leur excellente r\u00e9sistance \u00e0 l'usure, aux chocs et aux intemp\u00e9ries, ils surpassent les patins standard en bois ou en acier. Adapt\u00e9s aux grues, aux nacelles \u00e9l\u00e9vatrices et aux \u00e9quipements de construction, ces tampons en UHMWPE offrent une manipulation l\u00e9g\u00e8re, des performances durables et une s\u00e9curit\u00e9 fiable dans les environnements exigeants.<\/p>","protected":false},"excerpt":{"rendered":"<p>Les plaques d'appui durables en UHMWPE offrent un support stable et antid\u00e9rapant pour les grues et les machines lourdes. L\u00e9gers mais solides, ils r\u00e9sistent \u00e0 l'usure, \u00e0 la corrosion et aux intemp\u00e9ries, garantissant des performances s\u00fbres et \u00e0 long terme sur n'importe quelle surface.<\/p>","protected":false},"featured_media":1724,"template":"","meta":{"_gspb_post_css":""},"product_brand":[],"product_cat":[15,21],"product_tag":[313,256,155],"class_list":{"0":"post-1722","1":"product","2":"type-product","3":"status-publish","4":"has-post-thumbnail","6":"product_cat-uhmwpe-hdpe-sheets-plates","7":"product_cat-uhmwpe-fender-pads","8":"product_tag-crane-support-pads","9":"product_tag-outrigger-pads","10":"product_tag-uhmwpe-plate","12":"first","13":"instock","14":"shipping-taxable","15":"product-type-simple"},"_links":{"self":[{"href":"https:\/\/uhmwpemanufacture.com\/fr\/wp-json\/wp\/v2\/product\/1722","targetHints":{"allow":["GET"]}}],"collection":[{"href":"https:\/\/uhmwpemanufacture.com\/fr\/wp-json\/wp\/v2\/product"}],"about":[{"href":"https:\/\/uhmwpemanufacture.com\/fr\/wp-json\/wp\/v2\/types\/product"}],"wp:featuredmedia":[{"embeddable":true,"href":"https:\/\/uhmwpemanufacture.com\/fr\/wp-json\/wp\/v2\/media\/1724"}],"wp:attachment":[{"href":"https:\/\/uhmwpemanufacture.com\/fr\/wp-json\/wp\/v2\/media?parent=1722"}],"wp:term":[{"taxonomy":"product_brand","embeddable":true,"href":"https:\/\/uhmwpemanufacture.com\/fr\/wp-json\/wp\/v2\/product_brand?post=1722"},{"taxonomy":"product_cat","embeddable":true,"href":"https:\/\/uhmwpemanufacture.com\/fr\/wp-json\/wp\/v2\/product_cat?post=1722"},{"taxonomy":"product_tag","embeddable":true,"href":"https:\/\/uhmwpemanufacture.com\/fr\/wp-json\/wp\/v2\/product_tag?post=1722"}],"curies":[{"name":"wp","href":"https:\/\/api.w.org\/{rel}","templated":true}]}}