{"id":1734,"date":"2025-10-09T09:05:50","date_gmt":"2025-10-09T09:05:50","guid":{"rendered":"https:\/\/uhmwpemanufacture.com\/?post_type=product&#038;p=1734"},"modified":"2025-10-09T09:05:50","modified_gmt":"2025-10-09T09:05:50","slug":"durable-pe-ground-protection-quick-mat-temporary-road-mats","status":"publish","type":"product","link":"https:\/\/uhmwpemanufacture.com\/fr\/durable-pe-ground-protection-quick-mat-temporary-road-mats\/","title":{"rendered":"Tapis de protection du sol en PE durable Tapis de route temporaire"},"content":{"rendered":"<h2 data-start=\"0\" data-end=\"63\">Tapis de protection du sol en PE durable Tapis de route temporaire<\/h2>\n<p data-start=\"65\" data-end=\"618\" data-is-last-node=\"\" data-is-only-node=\"\">Con\u00e7us pour \u00eatre r\u00e9sistants et durables, ces tapis rapides de protection des sols en PE constituent une solution fiable de voirie temporaire pour les chantiers de construction, les \u00e9v\u00e9nements en plein air et les op\u00e9rations lourdes. Fabriqu\u00e9s en poly\u00e9thyl\u00e8ne haute densit\u00e9 (PEHD), ils r\u00e9sistent aux chocs, \u00e0 la corrosion et \u00e0 l'humidit\u00e9, garantissant une utilisation \u00e0 long terme dans toutes les conditions m\u00e9t\u00e9orologiques. La surface antid\u00e9rapante en diamant am\u00e9liore la traction, tandis que la conception l\u00e9g\u00e8re permet une installation et un retrait rapides. Elles sont parfaites pour prot\u00e9ger l'herbe, le sol ou les surfaces sensibles des machines lourdes et de la circulation des v\u00e9hicules.<\/p>","protected":false},"excerpt":{"rendered":"<p>Les tapis rapides de protection du sol en PE durable offrent un acc\u00e8s routier temporaire fiable pour la construction, les \u00e9v\u00e9nements et les v\u00e9hicules lourds. Fabriqu\u00e9s en PEHD solide avec une surface antid\u00e9rapante, ils prot\u00e8gent l'herbe et le sol tout en offrant stabilit\u00e9 et facilit\u00e9 d'installation. R\u00e9sistants aux intemp\u00e9ries et r\u00e9utilisables pour une utilisation \u00e0 long terme.<\/p>","protected":false},"featured_media":1742,"template":"","meta":{"_gspb_post_css":""},"product_brand":[],"product_cat":[24,25],"product_tag":[72,314,76],"class_list":{"0":"post-1734","1":"product","2":"type-product","3":"status-publish","4":"has-post-thumbnail","6":"product_cat-ground-protection-road-mats","7":"product_cat-quick-mats","8":"product_tag-ground-protection-mats","9":"product_tag-hdpe-trackway","10":"product_tag-temporary-road-mats","12":"first","13":"instock","14":"shipping-taxable","15":"product-type-simple"},"_links":{"self":[{"href":"https:\/\/uhmwpemanufacture.com\/fr\/wp-json\/wp\/v2\/product\/1734","targetHints":{"allow":["GET"]}}],"collection":[{"href":"https:\/\/uhmwpemanufacture.com\/fr\/wp-json\/wp\/v2\/product"}],"about":[{"href":"https:\/\/uhmwpemanufacture.com\/fr\/wp-json\/wp\/v2\/types\/product"}],"wp:featuredmedia":[{"embeddable":true,"href":"https:\/\/uhmwpemanufacture.com\/fr\/wp-json\/wp\/v2\/media\/1742"}],"wp:attachment":[{"href":"https:\/\/uhmwpemanufacture.com\/fr\/wp-json\/wp\/v2\/media?parent=1734"}],"wp:term":[{"taxonomy":"product_brand","embeddable":true,"href":"https:\/\/uhmwpemanufacture.com\/fr\/wp-json\/wp\/v2\/product_brand?post=1734"},{"taxonomy":"product_cat","embeddable":true,"href":"https:\/\/uhmwpemanufacture.com\/fr\/wp-json\/wp\/v2\/product_cat?post=1734"},{"taxonomy":"product_tag","embeddable":true,"href":"https:\/\/uhmwpemanufacture.com\/fr\/wp-json\/wp\/v2\/product_tag?post=1734"}],"curies":[{"name":"wp","href":"https:\/\/api.w.org\/{rel}","templated":true}]}}