{"id":1768,"date":"2025-10-09T09:24:22","date_gmt":"2025-10-09T09:24:22","guid":{"rendered":"https:\/\/uhmwpemanufacture.com\/?post_type=product&#038;p=1768"},"modified":"2025-10-09T09:24:22","modified_gmt":"2025-10-09T09:24:22","slug":"polyethylene-pe-extrusion-line-hdpe-plastic-sheet-wholesale","status":"publish","type":"product","link":"https:\/\/uhmwpemanufacture.com\/fr\/polyethylene-pe-extrusion-line-hdpe-plastic-sheet-wholesale\/","title":{"rendered":"Ligne d'extrusion de poly\u00e9thyl\u00e8ne PE Feuille plastique HDPE en gros"},"content":{"rendered":"<h2>Ligne d'extrusion de poly\u00e9thyl\u00e8ne PE Feuille plastique HDPE en gros<\/h2>\n<p>Les feuilles de plastique PEHD de qualit\u00e9 sup\u00e9rieure produites gr\u00e2ce \u00e0 une innovation sophistiqu\u00e9e en mati\u00e8re d'extrusion du poly\u00e9thyl\u00e8ne offrent une t\u00e9nacit\u00e9, une r\u00e9sistance aux influences et une robustesse exceptionnelles. Ces feuilles sont l\u00e9g\u00e8res, r\u00e9sistantes \u00e0 la corrosion et conviennent \u00e0 diverses applications commerciales, agricoles et aquatiques. Elles pr\u00e9sentent une s\u00e9curit\u00e9 chimique exceptionnelle, une r\u00e9sistance aux UV et une surface lisse et facile \u00e0 nettoyer. Adapt\u00e9es aux panneaux de r\u00e9duction, aux composants de machines, aux rev\u00eatements et aux panneaux de s\u00e9curit\u00e9, elles peuvent \u00eatre personnalis\u00e9es dans diff\u00e9rentes couleurs, dimensions et \u00e9paisseurs. Ils sont parfaits pour des performances durables et un approvisionnement en gros dans des atmosph\u00e8res exigeantes.<\/p>","protected":false},"excerpt":{"rendered":"<p class=\"sr-only\"><span style=\"font-size: 16px;\">Les feuilles de plastique PEHD durables fabriqu\u00e9es \u00e0 partir d'extrusion de poly\u00e9thyl\u00e8ne offrent une grande solidit\u00e9, une r\u00e9sistance aux chocs et une protection contre la corrosion. Id\u00e9ales pour l'industrie, la marine et l'agriculture, elles sont personnalisables en termes de dimensions et de couleurs pour des applications polyvalentes.<\/span><\/p>","protected":false},"featured_media":1774,"template":"","meta":{"_gspb_post_css":""},"product_brand":[],"product_cat":[15,19],"product_tag":[59,320,199],"class_list":{"0":"post-1768","1":"product","2":"type-product","3":"status-publish","4":"has-post-thumbnail","6":"product_cat-uhmwpe-hdpe-sheets-plates","7":"product_cat-lead-boron-polyethylene-plates","8":"product_tag-hdpe-sheet","9":"product_tag-plastic-sheet-wholesale","10":"product_tag-polyethylene-board","12":"first","13":"instock","14":"shipping-taxable","15":"product-type-simple"},"_links":{"self":[{"href":"https:\/\/uhmwpemanufacture.com\/fr\/wp-json\/wp\/v2\/product\/1768","targetHints":{"allow":["GET"]}}],"collection":[{"href":"https:\/\/uhmwpemanufacture.com\/fr\/wp-json\/wp\/v2\/product"}],"about":[{"href":"https:\/\/uhmwpemanufacture.com\/fr\/wp-json\/wp\/v2\/types\/product"}],"wp:featuredmedia":[{"embeddable":true,"href":"https:\/\/uhmwpemanufacture.com\/fr\/wp-json\/wp\/v2\/media\/1774"}],"wp:attachment":[{"href":"https:\/\/uhmwpemanufacture.com\/fr\/wp-json\/wp\/v2\/media?parent=1768"}],"wp:term":[{"taxonomy":"product_brand","embeddable":true,"href":"https:\/\/uhmwpemanufacture.com\/fr\/wp-json\/wp\/v2\/product_brand?post=1768"},{"taxonomy":"product_cat","embeddable":true,"href":"https:\/\/uhmwpemanufacture.com\/fr\/wp-json\/wp\/v2\/product_cat?post=1768"},{"taxonomy":"product_tag","embeddable":true,"href":"https:\/\/uhmwpemanufacture.com\/fr\/wp-json\/wp\/v2\/product_tag?post=1768"}],"curies":[{"name":"wp","href":"https:\/\/api.w.org\/{rel}","templated":true}]}}