{"id":1776,"date":"2025-10-09T09:29:24","date_gmt":"2025-10-09T09:29:24","guid":{"rendered":"https:\/\/uhmwpemanufacture.com\/?post_type=product&#038;p=1776"},"modified":"2025-10-09T09:29:24","modified_gmt":"2025-10-09T09:29:24","slug":"custom-hole-decorative-perforated-plastic-mesh-sheets-dealer","status":"publish","type":"product","link":"https:\/\/uhmwpemanufacture.com\/fr\/custom-hole-decorative-perforated-plastic-mesh-sheets-dealer\/","title":{"rendered":"Revendeur de feuilles de maille plastique perfor\u00e9es d\u00e9coratives \u00e0 trous sur mesure"},"content":{"rendered":"<h2>Revendeur de feuilles de maille plastique perfor\u00e9e d\u00e9corative \u00e0 trous sur mesure<\/h2>\n<p>Ces feuilles de maille plastique perfor\u00e9e sur mesure sont con\u00e7ues pour durer, s'adapter et \u00eatre visuellement attrayantes. Fabriqu\u00e9es \u00e0 partir de mat\u00e9riaux plastiques de haute qualit\u00e9, elles offrent une excellente endurance, une r\u00e9sistance \u00e0 la rouille et une grande l\u00e9g\u00e8ret\u00e9. Adapt\u00e9es aux panneaux attrayants, aux pr\u00e9sentoirs de ventilation, aux syst\u00e8mes de filtration et aux applications architecturales, ces feuilles int\u00e8grent la fonction \u00e0 l'aspect contemporain. Les mod\u00e8les d'ouverture coh\u00e9rents permettent une circulation de l'air et un drainage fiables, tout en pr\u00e9servant la stabilit\u00e9 de l'architecture. Propos\u00e9es en diff\u00e9rentes tailles d'ouverture, formes et couleurs, elles peuvent \u00eatre adapt\u00e9es \u00e0 un certain style ou \u00e0 des exigences industrielles pour une utilisation int\u00e9rieure ou ext\u00e9rieure.<\/p>","protected":false},"excerpt":{"rendered":"<p>Les feuilles de maille plastique perfor\u00e9e sur mesure offrent durabilit\u00e9, r\u00e9sistance \u00e0 la corrosion et l\u00e9g\u00e8ret\u00e9. Id\u00e9ales pour les panneaux d\u00e9coratifs, la ventilation et les applications de filtration. Disponibles en diff\u00e9rentes tailles de trous et formes personnalisables pour une utilisation industrielle et architecturale.<\/p>","protected":false},"featured_media":1783,"template":"","meta":{"_gspb_post_css":""},"product_brand":[],"product_cat":[29,32],"product_tag":[322,321,323],"class_list":{"0":"post-1776","1":"product","2":"type-product","3":"status-publish","4":"has-post-thumbnail","6":"product_cat-ice-rink-products","7":"product_cat-ice-synthetic-panels","8":"product_tag-decorative-mesh-panel","9":"product_tag-perforated-plastic-sheet","10":"product_tag-plastic-ventilation-sheet","12":"first","13":"instock","14":"shipping-taxable","15":"product-type-simple"},"_links":{"self":[{"href":"https:\/\/uhmwpemanufacture.com\/fr\/wp-json\/wp\/v2\/product\/1776","targetHints":{"allow":["GET"]}}],"collection":[{"href":"https:\/\/uhmwpemanufacture.com\/fr\/wp-json\/wp\/v2\/product"}],"about":[{"href":"https:\/\/uhmwpemanufacture.com\/fr\/wp-json\/wp\/v2\/types\/product"}],"wp:featuredmedia":[{"embeddable":true,"href":"https:\/\/uhmwpemanufacture.com\/fr\/wp-json\/wp\/v2\/media\/1783"}],"wp:attachment":[{"href":"https:\/\/uhmwpemanufacture.com\/fr\/wp-json\/wp\/v2\/media?parent=1776"}],"wp:term":[{"taxonomy":"product_brand","embeddable":true,"href":"https:\/\/uhmwpemanufacture.com\/fr\/wp-json\/wp\/v2\/product_brand?post=1776"},{"taxonomy":"product_cat","embeddable":true,"href":"https:\/\/uhmwpemanufacture.com\/fr\/wp-json\/wp\/v2\/product_cat?post=1776"},{"taxonomy":"product_tag","embeddable":true,"href":"https:\/\/uhmwpemanufacture.com\/fr\/wp-json\/wp\/v2\/product_tag?post=1776"}],"curies":[{"name":"wp","href":"https:\/\/api.w.org\/{rel}","templated":true}]}}