{"id":1791,"date":"2025-10-09T09:39:36","date_gmt":"2025-10-09T09:39:36","guid":{"rendered":"https:\/\/uhmwpemanufacture.com\/?post_type=product&#038;p=1791"},"modified":"2025-10-09T09:39:36","modified_gmt":"2025-10-09T09:39:36","slug":"recyclable-durable-corrosion-protection-equipment-pp-sheet","status":"publish","type":"product","link":"https:\/\/uhmwpemanufacture.com\/fr\/recyclable-durable-corrosion-protection-equipment-pp-sheet\/","title":{"rendered":"\u00c9quipement de protection contre la corrosion durable et recyclable Pp Sheet"},"content":{"rendered":"<h2>Feuille PP recyclable \u00e0 longue dur\u00e9e de vie pour les \u00e9quipements de protection contre la corrosion<\/h2>\n<p>Ces feuilles de PP recyclables sont con\u00e7ues pour \u00eatre robustes et exceptionnellement r\u00e9sistantes \u00e0 la corrosion, ce qui les rend parfaites pour les applications industrielles et chimiques. Fabriqu\u00e9es \u00e0 partir de polypropyl\u00e8ne de qualit\u00e9 sup\u00e9rieure, elles pr\u00e9sentent une s\u00e9curit\u00e9 chimique, une r\u00e9sistance aux effets et une l\u00e9g\u00e8ret\u00e9 exceptionnelles. Parfaites pour les r\u00e9servoirs de stockage, les syst\u00e8mes de circulation d'air et les rev\u00eatements de s\u00e9curit\u00e9, ces feuilles conservent leur endurance et leur qualit\u00e9 m\u00eame dans des environnements difficiles. Leur surface lisse facilite le nettoyage et la fabrication, tandis que leur nature \u00e9cologique et recyclable favorise une fabrication durable. Elles sont propos\u00e9es dans de nombreuses \u00e9paisseurs et dimensions pour r\u00e9pondre \u00e0 des demandes commerciales vari\u00e9es.<\/p>","protected":false},"excerpt":{"rendered":"<p>Les feuilles de PP recyclable offrent une excellente r\u00e9sistance \u00e0 la corrosion et aux produits chimiques, id\u00e9ale pour les r\u00e9servoirs industriels, les rev\u00eatements et les syst\u00e8mes de ventilation. L\u00e9g\u00e8res, durables et faciles \u00e0 fabriquer, elles garantissent des performances \u00e0 long terme tout en contribuant \u00e0 des applications durables et respectueuses de l'environnement.<\/p>","protected":false},"featured_media":1796,"template":"","meta":{"_gspb_post_css":""},"product_brand":[],"product_cat":[29,31],"product_tag":[327,328,326],"class_list":{"0":"post-1791","1":"product","2":"type-product","3":"status-publish","4":"has-post-thumbnail","6":"product_cat-ice-rink-products","7":"product_cat-hockey-practice-shooting-pads","8":"product_tag-corrosion-resistant-plastic","9":"product_tag-polypropylene-board","10":"product_tag-pp-sheet","12":"first","13":"instock","14":"shipping-taxable","15":"product-type-simple"},"_links":{"self":[{"href":"https:\/\/uhmwpemanufacture.com\/fr\/wp-json\/wp\/v2\/product\/1791","targetHints":{"allow":["GET"]}}],"collection":[{"href":"https:\/\/uhmwpemanufacture.com\/fr\/wp-json\/wp\/v2\/product"}],"about":[{"href":"https:\/\/uhmwpemanufacture.com\/fr\/wp-json\/wp\/v2\/types\/product"}],"wp:featuredmedia":[{"embeddable":true,"href":"https:\/\/uhmwpemanufacture.com\/fr\/wp-json\/wp\/v2\/media\/1796"}],"wp:attachment":[{"href":"https:\/\/uhmwpemanufacture.com\/fr\/wp-json\/wp\/v2\/media?parent=1791"}],"wp:term":[{"taxonomy":"product_brand","embeddable":true,"href":"https:\/\/uhmwpemanufacture.com\/fr\/wp-json\/wp\/v2\/product_brand?post=1791"},{"taxonomy":"product_cat","embeddable":true,"href":"https:\/\/uhmwpemanufacture.com\/fr\/wp-json\/wp\/v2\/product_cat?post=1791"},{"taxonomy":"product_tag","embeddable":true,"href":"https:\/\/uhmwpemanufacture.com\/fr\/wp-json\/wp\/v2\/product_tag?post=1791"}],"curies":[{"name":"wp","href":"https:\/\/api.w.org\/{rel}","templated":true}]}}