{"id":1797,"date":"2025-10-09T09:42:33","date_gmt":"2025-10-09T09:42:33","guid":{"rendered":"https:\/\/uhmwpemanufacture.com\/?post_type=product&#038;p=1797"},"modified":"2025-10-09T09:43:25","modified_gmt":"2025-10-09T09:43:25","slug":"pp-polypropylene-plastic-sheets-suppliers-pp-building-sheet","status":"publish","type":"product","link":"https:\/\/uhmwpemanufacture.com\/fr\/pp-polypropylene-plastic-sheets-suppliers-pp-building-sheet\/","title":{"rendered":"PP Feuilles en plastique polypropyl\u00e8ne Fournisseurs Feuilles de construction en PP"},"content":{"rendered":"<h2>PP Feuilles en plastique polypropyl\u00e8ne Vendeurs Feuilles de structure PP<\/h2>\n<p>Les feuilles de plastique polypropyl\u00e8ne PP sont des mat\u00e9riaux robustes, l\u00e9gers et r\u00e9sistants \u00e0 la corrosion, id\u00e9aux pour le b\u00e2timent et la construction, l'industrie et les applications chimiques. Gr\u00e2ce \u00e0 leur excellente stabilit\u00e9 chimique, leur r\u00e9sistance aux influences et leur facilit\u00e9 de manipulation, ces feuilles sont largement utilis\u00e9es pour les r\u00e9servoirs, les rev\u00eatements, les syst\u00e8mes de circulation d'air et les panneaux de construction. Leur surface lisse, s\u00fbre et r\u00e9sistante \u00e0 l'humidit\u00e9 garantit des performances s\u00fbres et durables, m\u00eame dans des conditions difficiles. Propos\u00e9es dans de nombreuses teintes et densit\u00e9s, elles peuvent \u00eatre facilement d\u00e9coup\u00e9es, coll\u00e9es ou d\u00e9velopp\u00e9es pour une utilisation personnalis\u00e9e. Ils sont parfaits pour les projets int\u00e9rieurs et ext\u00e9rieurs n\u00e9cessitant robustesse et int\u00e9grit\u00e9.<\/p>","protected":false},"excerpt":{"rendered":"<p>Les feuilles de plastique polypropyl\u00e8ne PP sont durables, r\u00e9sistantes aux produits chimiques et l\u00e9g\u00e8res. Id\u00e9ales pour la construction, les r\u00e9servoirs et les syst\u00e8mes de ventilation, elles sont faciles \u00e0 couper, \u00e0 souder et \u00e0 former pour des applications industrielles et de construction polyvalentes.<\/p>","protected":false},"featured_media":1802,"template":"","meta":{"_gspb_post_css":""},"product_brand":[],"product_cat":[29,33],"product_tag":[330,285,329],"class_list":{"0":"post-1797","1":"product","2":"type-product","3":"status-publish","4":"has-post-thumbnail","6":"product_cat-ice-rink-products","7":"product_cat-floor-ball-dasher-boards","8":"product_tag-plastic-construction-material","9":"product_tag-polypropylene-sheet","10":"product_tag-pp-building-panel","12":"first","13":"instock","14":"shipping-taxable","15":"product-type-simple"},"_links":{"self":[{"href":"https:\/\/uhmwpemanufacture.com\/fr\/wp-json\/wp\/v2\/product\/1797","targetHints":{"allow":["GET"]}}],"collection":[{"href":"https:\/\/uhmwpemanufacture.com\/fr\/wp-json\/wp\/v2\/product"}],"about":[{"href":"https:\/\/uhmwpemanufacture.com\/fr\/wp-json\/wp\/v2\/types\/product"}],"wp:featuredmedia":[{"embeddable":true,"href":"https:\/\/uhmwpemanufacture.com\/fr\/wp-json\/wp\/v2\/media\/1802"}],"wp:attachment":[{"href":"https:\/\/uhmwpemanufacture.com\/fr\/wp-json\/wp\/v2\/media?parent=1797"}],"wp:term":[{"taxonomy":"product_brand","embeddable":true,"href":"https:\/\/uhmwpemanufacture.com\/fr\/wp-json\/wp\/v2\/product_brand?post=1797"},{"taxonomy":"product_cat","embeddable":true,"href":"https:\/\/uhmwpemanufacture.com\/fr\/wp-json\/wp\/v2\/product_cat?post=1797"},{"taxonomy":"product_tag","embeddable":true,"href":"https:\/\/uhmwpemanufacture.com\/fr\/wp-json\/wp\/v2\/product_tag?post=1797"}],"curies":[{"name":"wp","href":"https:\/\/api.w.org\/{rel}","templated":true}]}}