{"id":1804,"date":"2025-10-09T09:47:27","date_gmt":"2025-10-09T09:47:27","guid":{"rendered":"https:\/\/uhmwpemanufacture.com\/?post_type=product&#038;p=1804"},"modified":"2025-10-09T09:47:27","modified_gmt":"2025-10-09T09:47:27","slug":"wear-resistant-composite-ground-protection-mats-wholesaler","status":"publish","type":"product","link":"https:\/\/uhmwpemanufacture.com\/fr\/wear-resistant-composite-ground-protection-mats-wholesaler\/","title":{"rendered":"Tapis de protection du sol en composite r\u00e9sistant \u00e0 l'usure Grossiste"},"content":{"rendered":"<h2>Tapis de s\u00e9curit\u00e9 au sol en composite r\u00e9sistant \u00e0 l'usure Revendeur<\/h2>\n<p>Ces tapis de s\u00e9curit\u00e9 en composite r\u00e9sistants \u00e0 l'usure sont con\u00e7us pour offrir une durabilit\u00e9 et une s\u00e9curit\u00e9 optimales dans les applications lourdes. Fabriqu\u00e9s \u00e0 partir de produits composites tr\u00e8s r\u00e9sistants, ils pr\u00e9sentent une surface antid\u00e9rapante en diamant pour une adh\u00e9rence et une s\u00e9curit\u00e9 exceptionnelles. Parfaits pour les sites de construction, les occasions en plein air et les routes \u00e0 court terme, ces rev\u00eatements de sol r\u00e9partissent uniform\u00e9ment le poids afin d'\u00e9viter les dommages au sol. Ils sont insensibles aux chocs, aux produits chimiques et aux conditions climatiques difficiles, ce qui garantit des performances durables. L\u00e9gers et faciles \u00e0 monter, ils peuvent \u00eatre r\u00e9utilis\u00e9s plusieurs fois, ce qui en fait un service abordable et respectueux de l'environnement pour les demandes de s\u00e9curit\u00e9 des sols commerciaux et industriels.<\/p>","protected":false},"excerpt":{"rendered":"<p>Les tapis de protection des sols en mat\u00e9riaux composites r\u00e9sistants \u00e0 l'usure offrent un support durable et antid\u00e9rapant pour la construction, les \u00e9v\u00e9nements et les zones \u00e0 usage intensif. Con\u00e7us pour r\u00e9sister aux chocs et aux intemp\u00e9ries, ils prot\u00e8gent le sol tout en offrant une installation facile et une r\u00e9utilisation \u00e0 long terme pour un usage industriel et commercial.<\/p>","protected":false},"featured_media":1806,"template":"","meta":{"_gspb_post_css":""},"product_brand":[],"product_cat":[24,27],"product_tag":[331,72,332],"class_list":{"0":"post-1804","1":"product","2":"type-product","3":"status-publish","4":"has-post-thumbnail","6":"product_cat-ground-protection-road-mats","7":"product_cat-dura-mats","8":"product_tag-composite-road-mats","9":"product_tag-ground-protection-mats","10":"product_tag-heavy-duty-flooring","12":"first","13":"instock","14":"shipping-taxable","15":"product-type-simple"},"_links":{"self":[{"href":"https:\/\/uhmwpemanufacture.com\/fr\/wp-json\/wp\/v2\/product\/1804","targetHints":{"allow":["GET"]}}],"collection":[{"href":"https:\/\/uhmwpemanufacture.com\/fr\/wp-json\/wp\/v2\/product"}],"about":[{"href":"https:\/\/uhmwpemanufacture.com\/fr\/wp-json\/wp\/v2\/types\/product"}],"wp:featuredmedia":[{"embeddable":true,"href":"https:\/\/uhmwpemanufacture.com\/fr\/wp-json\/wp\/v2\/media\/1806"}],"wp:attachment":[{"href":"https:\/\/uhmwpemanufacture.com\/fr\/wp-json\/wp\/v2\/media?parent=1804"}],"wp:term":[{"taxonomy":"product_brand","embeddable":true,"href":"https:\/\/uhmwpemanufacture.com\/fr\/wp-json\/wp\/v2\/product_brand?post=1804"},{"taxonomy":"product_cat","embeddable":true,"href":"https:\/\/uhmwpemanufacture.com\/fr\/wp-json\/wp\/v2\/product_cat?post=1804"},{"taxonomy":"product_tag","embeddable":true,"href":"https:\/\/uhmwpemanufacture.com\/fr\/wp-json\/wp\/v2\/product_tag?post=1804"}],"curies":[{"name":"wp","href":"https:\/\/api.w.org\/{rel}","templated":true}]}}