{"id":1809,"date":"2025-10-09T09:51:25","date_gmt":"2025-10-09T09:51:25","guid":{"rendered":"https:\/\/uhmwpemanufacture.com\/?post_type=product&#038;p=1809"},"modified":"2025-10-09T09:51:25","modified_gmt":"2025-10-09T09:51:25","slug":"custom-crane-outrigger-pad-oem-outrigger-pads-manufacturer","status":"publish","type":"product","link":"https:\/\/uhmwpemanufacture.com\/fr\/custom-crane-outrigger-pad-oem-outrigger-pads-manufacturer\/","title":{"rendered":"Coussin de d\u00e9clenchement de grue sur mesure Fabricant de coussins de d\u00e9clenchement OEM"},"content":{"rendered":"<h2>Coussin de d\u00e9clenchement de grue sur mesure Fabricant de coussins de d\u00e9clenchement OEM<\/h2>\n<p>Les patins des stabilisateurs de grues sur mesure sont con\u00e7us pour assurer une r\u00e9partition exceptionnelle des lots et la stabilit\u00e9 du sol pendant les proc\u00e9dures de levage lourdes. Fabriqu\u00e9s en poly\u00e9thyl\u00e8ne haute densit\u00e9 (PEHD), ces coussins sont durables, l\u00e9gers et insensibles \u00e0 la d\u00e9t\u00e9rioration, \u00e0 l'eau et aux conditions m\u00e9t\u00e9orologiques extr\u00eames. Leur surface antid\u00e9rapante et leur corde renforc\u00e9e garantissent une manipulation s\u00fbre et une mise en place simple. Id\u00e9ales pour les grues, les syst\u00e8mes a\u00e9riens et les outils de construction, elles pr\u00e9viennent les dommages au sol et am\u00e9liorent la s\u00e9curit\u00e9 sur les chantiers. Propos\u00e9s dans de nombreuses formes, tailles et densit\u00e9s, ils peuvent \u00eatre enti\u00e8rement personnalis\u00e9s pour r\u00e9pondre aux besoins des \u00e9quipementiers en termes de capacit\u00e9s de formation et de types d'\u00e9quipement.<\/p>","protected":false},"excerpt":{"rendered":"<p>Les plaques de protection des grues fabriqu\u00e9es sur mesure en PEHD durable assurent une excellente r\u00e9partition de la charge et une bonne protection du sol. L\u00e9gers, r\u00e9sistants \u00e0 la corrosion et faciles \u00e0 manipuler, ils assurent la stabilit\u00e9 des grues et des \u00e9quipements lourds dans toutes les conditions de travail.<\/p>","protected":false},"featured_media":1810,"template":"","meta":{"_gspb_post_css":""},"product_brand":[],"product_cat":[15,20],"product_tag":[333,334,335],"class_list":{"0":"post-1809","1":"product","2":"type-product","3":"status-publish","4":"has-post-thumbnail","6":"product_cat-uhmwpe-hdpe-sheets-plates","7":"product_cat-crane-outrigger-pads","8":"product_tag-crane-outrigger-pad","9":"product_tag-hdpe-pad","10":"product_tag-lifting-equipment-accessory","12":"first","13":"instock","14":"shipping-taxable","15":"product-type-simple"},"_links":{"self":[{"href":"https:\/\/uhmwpemanufacture.com\/fr\/wp-json\/wp\/v2\/product\/1809","targetHints":{"allow":["GET"]}}],"collection":[{"href":"https:\/\/uhmwpemanufacture.com\/fr\/wp-json\/wp\/v2\/product"}],"about":[{"href":"https:\/\/uhmwpemanufacture.com\/fr\/wp-json\/wp\/v2\/types\/product"}],"wp:featuredmedia":[{"embeddable":true,"href":"https:\/\/uhmwpemanufacture.com\/fr\/wp-json\/wp\/v2\/media\/1810"}],"wp:attachment":[{"href":"https:\/\/uhmwpemanufacture.com\/fr\/wp-json\/wp\/v2\/media?parent=1809"}],"wp:term":[{"taxonomy":"product_brand","embeddable":true,"href":"https:\/\/uhmwpemanufacture.com\/fr\/wp-json\/wp\/v2\/product_brand?post=1809"},{"taxonomy":"product_cat","embeddable":true,"href":"https:\/\/uhmwpemanufacture.com\/fr\/wp-json\/wp\/v2\/product_cat?post=1809"},{"taxonomy":"product_tag","embeddable":true,"href":"https:\/\/uhmwpemanufacture.com\/fr\/wp-json\/wp\/v2\/product_tag?post=1809"}],"curies":[{"name":"wp","href":"https:\/\/api.w.org\/{rel}","templated":true}]}}