{"id":1813,"date":"2025-10-09T09:53:47","date_gmt":"2025-10-09T09:53:47","guid":{"rendered":"https:\/\/uhmwpemanufacture.com\/?post_type=product&#038;p=1813"},"modified":"2025-10-09T09:57:54","modified_gmt":"2025-10-09T09:57:54","slug":"rubber-sole-sheet-coal-bunker-limit-plate-manufacturer","status":"publish","type":"product","link":"https:\/\/uhmwpemanufacture.com\/fr\/rubber-sole-sheet-coal-bunker-limit-plate-manufacturer\/","title":{"rendered":"Semelle en caoutchouc Plaque de limite de soute \u00e0 charbon Fabricant"},"content":{"rendered":"<h2>Semelle en caoutchouc Plaque de limite de soute \u00e0 charbon Fabricant<\/h2>\n<p>Les feuilles de semelles en caoutchouc et les plaques de restriction pour abris \u00e0 charbon sont con\u00e7ues pour offrir une r\u00e9sistance \u00e9lev\u00e9e \u00e0 l'usure, une grande polyvalence et des performances durables dans les environnements commerciaux et miniers. Fabriqu\u00e9es \u00e0 partir de produits \u00e0 base de caoutchouc, ces feuilles offrent une absorption exceptionnelle des influences, des propri\u00e9t\u00e9s antid\u00e9rapantes pour les habitations et les commerces, ainsi qu'une r\u00e9sistance \u00e0 l'abrasion, \u00e0 l'huile et aux intemp\u00e9ries. Elles sont parfaites pour le rev\u00eatement des soutes \u00e0 charbon, les sols, l'amortissement des vibrations et la protection des machines. Les feuilles sont faciles \u00e0 r\u00e9duire, \u00e0 former et \u00e0 installer, ce qui garantit une utilisation flexible dans plusieurs applications. Disponibles dans de nombreuses \u00e9paisseurs, tailles et teintes, elles offrent une r\u00e9sistance et une s\u00e9curit\u00e9 r\u00e9put\u00e9es dans des conditions de travail exigeantes.<\/p>","protected":false},"excerpt":{"rendered":"<p>Les plaques de semelle en caoutchouc durable et les plaques de limite de soute \u00e0 charbon offrent une excellente r\u00e9sistance \u00e0 l'usure, une grande souplesse et une bonne absorption des chocs. Id\u00e9ales pour l'exploitation mini\u00e8re, les sols et la protection des machines, elles r\u00e9sistent \u00e0 l'abrasion, \u00e0 l'huile et aux intemp\u00e9ries pour une utilisation industrielle durable.<\/p>","protected":false},"featured_media":1823,"template":"","meta":{"_gspb_post_css":""},"product_brand":[],"product_cat":[15,22],"product_tag":[337,338,336],"class_list":{"0":"post-1813","1":"product","2":"type-product","3":"status-publish","4":"has-post-thumbnail","6":"product_cat-uhmwpe-hdpe-sheets-plates","7":"product_cat-coal-bunker-limit-plates","8":"product_tag-coal-bunker-plate","9":"product_tag-industrial-rubber-material","10":"product_tag-rubber-sheet","12":"first","13":"instock","14":"shipping-taxable","15":"product-type-simple"},"_links":{"self":[{"href":"https:\/\/uhmwpemanufacture.com\/fr\/wp-json\/wp\/v2\/product\/1813","targetHints":{"allow":["GET"]}}],"collection":[{"href":"https:\/\/uhmwpemanufacture.com\/fr\/wp-json\/wp\/v2\/product"}],"about":[{"href":"https:\/\/uhmwpemanufacture.com\/fr\/wp-json\/wp\/v2\/types\/product"}],"wp:featuredmedia":[{"embeddable":true,"href":"https:\/\/uhmwpemanufacture.com\/fr\/wp-json\/wp\/v2\/media\/1823"}],"wp:attachment":[{"href":"https:\/\/uhmwpemanufacture.com\/fr\/wp-json\/wp\/v2\/media?parent=1813"}],"wp:term":[{"taxonomy":"product_brand","embeddable":true,"href":"https:\/\/uhmwpemanufacture.com\/fr\/wp-json\/wp\/v2\/product_brand?post=1813"},{"taxonomy":"product_cat","embeddable":true,"href":"https:\/\/uhmwpemanufacture.com\/fr\/wp-json\/wp\/v2\/product_cat?post=1813"},{"taxonomy":"product_tag","embeddable":true,"href":"https:\/\/uhmwpemanufacture.com\/fr\/wp-json\/wp\/v2\/product_tag?post=1813"}],"curies":[{"name":"wp","href":"https:\/\/api.w.org\/{rel}","templated":true}]}}