{"id":1826,"date":"2025-10-09T10:40:13","date_gmt":"2025-10-09T10:40:13","guid":{"rendered":"https:\/\/uhmwpemanufacture.com\/?post_type=product&#038;p=1826"},"modified":"2025-10-09T10:40:13","modified_gmt":"2025-10-09T10:40:13","slug":"high-polymer-polyethylene-pavement-substrate-base-mat-vendor","status":"publish","type":"product","link":"https:\/\/uhmwpemanufacture.com\/fr\/high-polymer-polyethylene-pavement-substrate-base-mat-vendor\/","title":{"rendered":"Matelas de base pour chauss\u00e9e en poly\u00e9thyl\u00e8ne \u00e0 haute teneur en polym\u00e8re Vendeur"},"content":{"rendered":"<h2>Rev\u00eatement de sol en poly\u00e9thyl\u00e8ne \u00e0 haute teneur en polym\u00e8re Vendeur<\/h2>\n<p>Les tapis de base pour trottoirs en poly\u00e9thyl\u00e8ne \u00e0 haute densit\u00e9 sont con\u00e7us pour offrir une durabilit\u00e9 et une stabilit\u00e9 exceptionnelles dans les applications de s\u00e9curit\u00e9 au sol \u00e0 usage intensif. Fabriqu\u00e9s en poly\u00e9thyl\u00e8ne haute densit\u00e9 (PEHD), ces rev\u00eatements de sol offrent une superbe r\u00e9sistance aux effets, une efficacit\u00e9 antid\u00e9rapante et une r\u00e9sistance durable \u00e0 l'usure. Adapt\u00e9s \u00e0 une utilisation comme rev\u00eatement de sol, base de chauss\u00e9e ou aide \u00e0 l'outillage, ils r\u00e9sistent aux conditions \u00e9cologiques difficiles tout en emp\u00eachant les d\u00e9g\u00e2ts au sol. L\u00e9gers mais r\u00e9sistants, ils sont tr\u00e8s faciles \u00e0 installer, \u00e0 ranger et \u00e0 r\u00e9utiliser. Disponibles dans de nombreuses<\/p>","protected":false},"excerpt":{"rendered":"<p>Les tapis de base pour substrat de chauss\u00e9e en poly\u00e9thyl\u00e8ne \u00e0 haute teneur en polym\u00e8re pr\u00e9sentent une excellente r\u00e9sistance \u00e0 l'usure et aux chocs, ainsi qu'une texture antid\u00e9rapante. Id\u00e9ales pour les routes, la construction et l'utilisation d'\u00e9quipements lourds, elles offrent une stabilit\u00e9 \u00e0 long terme, une r\u00e9sistance \u00e0 la corrosion et une installation facile pour des performances durables.<\/p>","protected":false},"featured_media":1834,"template":"","meta":{"_gspb_post_css":""},"product_brand":[],"product_cat":[24,26],"product_tag":[340,339],"class_list":{"0":"post-1826","1":"product","2":"type-product","3":"status-publish","4":"has-post-thumbnail","6":"product_cat-ground-protection-road-mats","7":"product_cat-base-mats","8":"product_tag-pavement","9":"product_tag-polyethylene-mat","11":"first","12":"instock","13":"shipping-taxable","14":"product-type-simple"},"_links":{"self":[{"href":"https:\/\/uhmwpemanufacture.com\/fr\/wp-json\/wp\/v2\/product\/1826","targetHints":{"allow":["GET"]}}],"collection":[{"href":"https:\/\/uhmwpemanufacture.com\/fr\/wp-json\/wp\/v2\/product"}],"about":[{"href":"https:\/\/uhmwpemanufacture.com\/fr\/wp-json\/wp\/v2\/types\/product"}],"wp:featuredmedia":[{"embeddable":true,"href":"https:\/\/uhmwpemanufacture.com\/fr\/wp-json\/wp\/v2\/media\/1834"}],"wp:attachment":[{"href":"https:\/\/uhmwpemanufacture.com\/fr\/wp-json\/wp\/v2\/media?parent=1826"}],"wp:term":[{"taxonomy":"product_brand","embeddable":true,"href":"https:\/\/uhmwpemanufacture.com\/fr\/wp-json\/wp\/v2\/product_brand?post=1826"},{"taxonomy":"product_cat","embeddable":true,"href":"https:\/\/uhmwpemanufacture.com\/fr\/wp-json\/wp\/v2\/product_cat?post=1826"},{"taxonomy":"product_tag","embeddable":true,"href":"https:\/\/uhmwpemanufacture.com\/fr\/wp-json\/wp\/v2\/product_tag?post=1826"}],"curies":[{"name":"wp","href":"https:\/\/api.w.org\/{rel}","templated":true}]}}