{"id":1835,"date":"2025-10-09T10:43:45","date_gmt":"2025-10-09T10:43:45","guid":{"rendered":"https:\/\/uhmwpemanufacture.com\/?post_type=product&#038;p=1835"},"modified":"2025-10-09T10:43:45","modified_gmt":"2025-10-09T10:43:45","slug":"floor-mat-rubber-diamond-plate-conductive-anti-fatigue-mat","status":"publish","type":"product","link":"https:\/\/uhmwpemanufacture.com\/fr\/floor-mat-rubber-diamond-plate-conductive-anti-fatigue-mat\/","title":{"rendered":"Tapis de sol en caoutchouc avec plaque de diamant conducteur Tapis anti-fatigue"},"content":{"rendered":"<h2>Rev\u00eatement de sol Rev\u00eatement de sol en caoutchouc Plaque en caoutchouc conductrice Rev\u00eatement de sol antifatigue<\/h2>\n<p>Am\u00e9liorez la commodit\u00e9 et la s\u00e9curit\u00e9 gr\u00e2ce \u00e0 ce rev\u00eatement de sol antifatigue conducteur en caoutchouc durable \u00e0 plaque rubis. Dot\u00e9 d'un centre bleu brillant et de bordures jaunes pour une forte pr\u00e9sence, il offre une traction et un soutien exceptionnels pour r\u00e9duire la pression pendant les longues heures pass\u00e9es debout. La surface conductrice contribue \u00e0 \u00e9liminer l'accumulation d'\u00e9lectricit\u00e9 statique, ce qui le rend adapt\u00e9 aux zones de travail industrielles, aux laboratoires de recherche ou aux zones num\u00e9riques. Immunis\u00e9 contre les salissures, les huiles et les produits chimiques, ce rev\u00eatement de sol garantit une efficacit\u00e9 durable tout en conservant un aspect propre et sp\u00e9cialis\u00e9 dans n'importe quel espace de travail.<\/p>","protected":false},"excerpt":{"rendered":"<p>Tapis anti-fatigue conducteur en caoutchouc durable avec plaque de diamant, centre bleu et bords jaunes pour la s\u00e9curit\u00e9. Assure le confort, r\u00e9duit la tension et emp\u00eache l'accumulation d'\u00e9lectricit\u00e9 statique dans les environnements industriels ou de laboratoire. Antid\u00e9rapant et facile \u00e0 nettoyer pour une performance durable.<\/p>","protected":false},"featured_media":1839,"template":"","meta":{"_gspb_post_css":""},"product_brand":[],"product_cat":[24,28],"product_tag":[341,342,343],"class_list":{"0":"post-1835","1":"product","2":"type-product","3":"status-publish","4":"has-post-thumbnail","6":"product_cat-ground-protection-road-mats","7":"product_cat-amphi-mats","8":"product_tag-anti-fatigue-mat","9":"product_tag-conductive-floor-mat","10":"product_tag-industrial-safety","12":"first","13":"instock","14":"shipping-taxable","15":"product-type-simple"},"_links":{"self":[{"href":"https:\/\/uhmwpemanufacture.com\/fr\/wp-json\/wp\/v2\/product\/1835","targetHints":{"allow":["GET"]}}],"collection":[{"href":"https:\/\/uhmwpemanufacture.com\/fr\/wp-json\/wp\/v2\/product"}],"about":[{"href":"https:\/\/uhmwpemanufacture.com\/fr\/wp-json\/wp\/v2\/types\/product"}],"wp:featuredmedia":[{"embeddable":true,"href":"https:\/\/uhmwpemanufacture.com\/fr\/wp-json\/wp\/v2\/media\/1839"}],"wp:attachment":[{"href":"https:\/\/uhmwpemanufacture.com\/fr\/wp-json\/wp\/v2\/media?parent=1835"}],"wp:term":[{"taxonomy":"product_brand","embeddable":true,"href":"https:\/\/uhmwpemanufacture.com\/fr\/wp-json\/wp\/v2\/product_brand?post=1835"},{"taxonomy":"product_cat","embeddable":true,"href":"https:\/\/uhmwpemanufacture.com\/fr\/wp-json\/wp\/v2\/product_cat?post=1835"},{"taxonomy":"product_tag","embeddable":true,"href":"https:\/\/uhmwpemanufacture.com\/fr\/wp-json\/wp\/v2\/product_tag?post=1835"}],"curies":[{"name":"wp","href":"https:\/\/api.w.org\/{rel}","templated":true}]}}