{"id":1840,"date":"2025-10-09T10:54:40","date_gmt":"2025-10-09T10:54:40","guid":{"rendered":"https:\/\/uhmwpemanufacture.com\/?post_type=product&#038;p=1840"},"modified":"2025-10-09T10:54:40","modified_gmt":"2025-10-09T10:54:40","slug":"wear-resistant-self-lubrication-plastic-uhmwpe-sheet-dealer","status":"publish","type":"product","link":"https:\/\/uhmwpemanufacture.com\/fr\/wear-resistant-self-lubrication-plastic-uhmwpe-sheet-dealer\/","title":{"rendered":"Revendeur de plaques plastiques autolubrifiantes r\u00e9sistantes \u00e0 l'usure UHMWPE"},"content":{"rendered":"<h2>Revendeur de feuilles de plastique UHMWPE autolubrifiantes et r\u00e9sistantes \u00e0 l'usure<\/h2>\n<p>Les feuilles d'UHMWPE (poly\u00e9thyl\u00e8ne \u00e0 poids mol\u00e9culaire ultra \u00e9lev\u00e9) offrent une r\u00e9sistance \u00e0 l'usure ph\u00e9nom\u00e9nale, influencent l'endurance et r\u00e9duisent l'efficacit\u00e9 de la friction. Propos\u00e9es dans de multiples teintes telles que le bleu, le rouge, le blanc, le noir et l'\u00e9cologique, ces feuilles sont id\u00e9ales pour les applications n\u00e9cessitant une grande long\u00e9vit\u00e9 et des propri\u00e9t\u00e9s autolubrifiantes. G\u00e9n\u00e9ralement utilis\u00e9es dans des environnements commerciaux, m\u00e9caniques et alimentaires, les feuilles d'UHMWPE r\u00e9sistent \u00e0 la rouille, \u00e0 l'humidit\u00e9 et aux dommages chimiques. Faciles \u00e0 \u00e9quiper et \u00e0 conserver, elles offrent des performances durables dans les applications \u00e0 forte charge et de glissement, ce qui permet de r\u00e9duire les co\u00fbts d'entretien et de prolonger la dur\u00e9e de vie des \u00e9quipements.<\/p>","protected":false},"excerpt":{"rendered":"<p class=\"sr-only\"><span style=\"font-size: 16px;\">Feuilles d'UHMWPE de haute qualit\u00e9 offrant une excellente r\u00e9sistance \u00e0 l'usure, aux chocs et \u00e0 l'autolubrification. Disponibles en plusieurs couleurs, elles sont id\u00e9ales pour les applications industrielles, m\u00e9caniques et alimentaires. Durables, r\u00e9sistantes \u00e0 la corrosion et faciles \u00e0 usiner pour des performances durables.<\/span><\/p>","protected":false},"featured_media":1846,"template":"","meta":{"_gspb_post_css":""},"product_brand":[],"product_cat":[15,17],"product_tag":[344,56,57],"class_list":{"0":"post-1840","1":"product","2":"type-product","3":"status-publish","4":"has-post-thumbnail","6":"product_cat-uhmwpe-hdpe-sheets-plates","7":"product_cat-uhmwpe-sheets","8":"product_tag-industrial-material","9":"product_tag-uhmwpe-sheet","10":"product_tag-wear-resistant-plastic","12":"first","13":"instock","14":"shipping-taxable","15":"product-type-simple"},"_links":{"self":[{"href":"https:\/\/uhmwpemanufacture.com\/fr\/wp-json\/wp\/v2\/product\/1840","targetHints":{"allow":["GET"]}}],"collection":[{"href":"https:\/\/uhmwpemanufacture.com\/fr\/wp-json\/wp\/v2\/product"}],"about":[{"href":"https:\/\/uhmwpemanufacture.com\/fr\/wp-json\/wp\/v2\/types\/product"}],"wp:featuredmedia":[{"embeddable":true,"href":"https:\/\/uhmwpemanufacture.com\/fr\/wp-json\/wp\/v2\/media\/1846"}],"wp:attachment":[{"href":"https:\/\/uhmwpemanufacture.com\/fr\/wp-json\/wp\/v2\/media?parent=1840"}],"wp:term":[{"taxonomy":"product_brand","embeddable":true,"href":"https:\/\/uhmwpemanufacture.com\/fr\/wp-json\/wp\/v2\/product_brand?post=1840"},{"taxonomy":"product_cat","embeddable":true,"href":"https:\/\/uhmwpemanufacture.com\/fr\/wp-json\/wp\/v2\/product_cat?post=1840"},{"taxonomy":"product_tag","embeddable":true,"href":"https:\/\/uhmwpemanufacture.com\/fr\/wp-json\/wp\/v2\/product_tag?post=1840"}],"curies":[{"name":"wp","href":"https:\/\/api.w.org\/{rel}","templated":true}]}}