{"id":1847,"date":"2025-10-09T10:58:52","date_gmt":"2025-10-09T10:58:52","guid":{"rendered":"https:\/\/uhmwpemanufacture.com\/?post_type=product&#038;p=1847"},"modified":"2025-10-09T10:58:52","modified_gmt":"2025-10-09T10:58:52","slug":"uhmwpe-brake-crane-jack-pads-uhmwpe-outrigger-pad-exporter","status":"publish","type":"product","link":"https:\/\/uhmwpemanufacture.com\/fr\/uhmwpe-brake-crane-jack-pads-uhmwpe-outrigger-pad-exporter\/","title":{"rendered":"Coussinets de v\u00e9rin de grue en UHMWPE Coussinets de balancier en UHMWPE Exporter"},"content":{"rendered":"<h2>Coussinets de cric de grue en UHMWPE Coussinets d'outrigger en UHMWPE Marchand<\/h2>\n<p>Les patins de cric de grue \u00e0 frein en UHMWPE offrent une forte capacit\u00e9 de charge, une remarquable r\u00e9sistance aux influences et une long\u00e9vit\u00e9 exceptionnelle pour les proc\u00e9dures d'entra\u00eenement \u00e0 usage intensif. Fabriqu\u00e9s en poly\u00e9thyl\u00e8ne \u00e0 tr\u00e8s haut poids mol\u00e9culaire, ces coussins sont l\u00e9gers, r\u00e9sistants \u00e0 la corrosion et non conducteurs, ce qui garantit une s\u00e9curit\u00e9 et une protection au sol maximales pour les grues, les v\u00e9hicules et les machines lourdes. La surface antid\u00e9rapante distinctive emp\u00eache le glissement, tandis que la r\u00e9sistance \u00e9lev\u00e9e \u00e0 l'usure garantit une longue dur\u00e9e de vie, m\u00eame en cas de probl\u00e8mes difficiles. Convient aux applications de construction, de transport et commerciales n\u00e9cessitant une distribution et une s\u00e9curit\u00e9 fiables des lots.<\/p>","protected":false},"excerpt":{"rendered":"<p>Coussinets de cric de grue \u00e0 frein en UHMWPE tr\u00e8s r\u00e9sistants, con\u00e7us pour assurer la stabilit\u00e9, la r\u00e9partition de la charge et la protection du sol. L\u00e9gers, r\u00e9sistants \u00e0 l'usure et \u00e0 la corrosion, ils sont id\u00e9aux pour les grues, les camions et les machines lourdes. Fournissent un support s\u00fbr et durable dans les op\u00e9rations de construction et industrielles.<\/p>","protected":false},"featured_media":1852,"template":"","meta":{"_gspb_post_css":""},"product_brand":[],"product_cat":[15,21],"product_tag":[346,347,345],"class_list":{"0":"post-1847","1":"product","2":"type-product","3":"status-publish","4":"has-post-thumbnail","6":"product_cat-uhmwpe-hdpe-sheets-plates","7":"product_cat-uhmwpe-fender-pads","8":"product_tag-crane-jack-pad","9":"product_tag-outrigger-pad","10":"product_tag-uhmwpe-pad","12":"first","13":"instock","14":"shipping-taxable","15":"product-type-simple"},"_links":{"self":[{"href":"https:\/\/uhmwpemanufacture.com\/fr\/wp-json\/wp\/v2\/product\/1847","targetHints":{"allow":["GET"]}}],"collection":[{"href":"https:\/\/uhmwpemanufacture.com\/fr\/wp-json\/wp\/v2\/product"}],"about":[{"href":"https:\/\/uhmwpemanufacture.com\/fr\/wp-json\/wp\/v2\/types\/product"}],"wp:featuredmedia":[{"embeddable":true,"href":"https:\/\/uhmwpemanufacture.com\/fr\/wp-json\/wp\/v2\/media\/1852"}],"wp:attachment":[{"href":"https:\/\/uhmwpemanufacture.com\/fr\/wp-json\/wp\/v2\/media?parent=1847"}],"wp:term":[{"taxonomy":"product_brand","embeddable":true,"href":"https:\/\/uhmwpemanufacture.com\/fr\/wp-json\/wp\/v2\/product_brand?post=1847"},{"taxonomy":"product_cat","embeddable":true,"href":"https:\/\/uhmwpemanufacture.com\/fr\/wp-json\/wp\/v2\/product_cat?post=1847"},{"taxonomy":"product_tag","embeddable":true,"href":"https:\/\/uhmwpemanufacture.com\/fr\/wp-json\/wp\/v2\/product_tag?post=1847"}],"curies":[{"name":"wp","href":"https:\/\/api.w.org\/{rel}","templated":true}]}}