{"id":1853,"date":"2025-10-10T01:33:26","date_gmt":"2025-10-10T01:33:26","guid":{"rendered":"https:\/\/uhmwpemanufacture.com\/?post_type=product&#038;p=1853"},"modified":"2025-10-10T01:33:26","modified_gmt":"2025-10-10T01:33:26","slug":"pp-pe-guides-polyethylene-roller-guide-rail-plastic-sheets","status":"publish","type":"product","link":"https:\/\/uhmwpemanufacture.com\/fr\/pp-pe-guides-polyethylene-roller-guide-rail-plastic-sheets\/","title":{"rendered":"PP PE Guides Poly\u00e9thyl\u00e8ne Rail de guidage \u00e0 rouleaux Feuilles en plastique"},"content":{"rendered":"<h2>PP PE Guides Poly\u00e9thyl\u00e8ne Rouleau Vue d'ensemble Rail Plastique Feuilles<\/h2>\n<p>Fabriqu\u00e9s \u00e0 partir de mat\u00e9riaux PP et PE de haute qualit\u00e9, ces rails de guidage \u00e0 rouleaux et ces feuilles de plastique en poly\u00e9thyl\u00e8ne offrent une r\u00e9sistance \u00e0 l'usure exceptionnelle, un frottement r\u00e9duit et une grande r\u00e9sistance aux effets. Id\u00e9ales pour les syst\u00e8mes de convoyage, les machines et l'automatisation commerciale, elles garantissent des proc\u00e9dures fluides et paisibles avec une efficacit\u00e9 durable. Insensibles \u00e0 la rouille, \u00e0 l'humidit\u00e9 et aux produits chimiques, ces rails de guidage en plastique sont l\u00e9gers, tr\u00e8s faciles \u00e0 installer et id\u00e9aux pour les applications \u00e0 haute charge et \u00e0 grande vitesse. Ils sont parfaits pour les march\u00e9s de l'agroalimentaire, de l'emballage et de la manutention des produits qui ont besoin de performances fiables, hygi\u00e9niques et sans entretien.<\/p>","protected":false},"excerpt":{"rendered":"<p>Les rails de guidage \u00e0 rouleaux en poly\u00e9thyl\u00e8ne PP PE de haute qualit\u00e9 offrent une excellente r\u00e9sistance \u00e0 l'usure, une faible friction et une grande durabilit\u00e9 pour les syst\u00e8mes de convoyage et les machines. Id\u00e9al pour les applications d'automatisation industrielle, d'emballage et de traitement des aliments, avec des performances fluides et sans entretien.<\/p>","protected":false},"featured_media":1861,"template":"","meta":{"_gspb_post_css":""},"product_brand":[],"product_cat":[35],"product_tag":[316,351,350],"class_list":{"0":"post-1853","1":"product","2":"type-product","3":"status-publish","4":"has-post-thumbnail","6":"product_cat-pp-pe-products","7":"product_tag-conveyor-components","8":"product_tag-plastic-wear-strip","9":"product_tag-polyethylene-guide-rail","11":"first","12":"instock","13":"shipping-taxable","14":"product-type-simple"},"_links":{"self":[{"href":"https:\/\/uhmwpemanufacture.com\/fr\/wp-json\/wp\/v2\/product\/1853","targetHints":{"allow":["GET"]}}],"collection":[{"href":"https:\/\/uhmwpemanufacture.com\/fr\/wp-json\/wp\/v2\/product"}],"about":[{"href":"https:\/\/uhmwpemanufacture.com\/fr\/wp-json\/wp\/v2\/types\/product"}],"wp:featuredmedia":[{"embeddable":true,"href":"https:\/\/uhmwpemanufacture.com\/fr\/wp-json\/wp\/v2\/media\/1861"}],"wp:attachment":[{"href":"https:\/\/uhmwpemanufacture.com\/fr\/wp-json\/wp\/v2\/media?parent=1853"}],"wp:term":[{"taxonomy":"product_brand","embeddable":true,"href":"https:\/\/uhmwpemanufacture.com\/fr\/wp-json\/wp\/v2\/product_brand?post=1853"},{"taxonomy":"product_cat","embeddable":true,"href":"https:\/\/uhmwpemanufacture.com\/fr\/wp-json\/wp\/v2\/product_cat?post=1853"},{"taxonomy":"product_tag","embeddable":true,"href":"https:\/\/uhmwpemanufacture.com\/fr\/wp-json\/wp\/v2\/product_tag?post=1853"}],"curies":[{"name":"wp","href":"https:\/\/api.w.org\/{rel}","templated":true}]}}