{"id":1854,"date":"2025-10-10T01:29:52","date_gmt":"2025-10-10T01:29:52","guid":{"rendered":"https:\/\/uhmwpemanufacture.com\/?post_type=product&#038;p=1854"},"modified":"2025-10-10T01:29:52","modified_gmt":"2025-10-10T01:29:52","slug":"uhmwpe-hdpe-heavy-duty-floor-panel-temporary-heavy-quick-mat","status":"publish","type":"product","link":"https:\/\/uhmwpemanufacture.com\/fr\/uhmwpe-hdpe-heavy-duty-floor-panel-temporary-heavy-quick-mat\/","title":{"rendered":"Panneau de sol r\u00e9sistant UHMWPE HDPE Tapis de sol r\u00e9sistant temporaire"},"content":{"rendered":"<h2>Panneau de sol robuste UHMWPE HDPE Rev\u00eatement de sol temporaire lourd et rapide<\/h2>\n<p>Con\u00e7u pour une r\u00e9silience et une r\u00e9sistance optimales, ce panneau de sol UHMWPE\/HDPE \u00e0 usage intensif offre une protection fiable du sol pour les chantiers de construction, les \u00e9v\u00e9nements et les zones d'entreprise. Dot\u00e9 d'un motif antid\u00e9rapant en forme de losange, il offre une traction et une capacit\u00e9 de charge exceptionnelles en cas de probl\u00e8mes extr\u00eames. L\u00e9gers mais tr\u00e8s r\u00e9sistants aux chocs, ces tapis rapides et \u00e9ph\u00e9m\u00e8res sont simples \u00e0 installer, recyclables et r\u00e9sistants \u00e0 la rouille, aux produits chimiques et aux rayons UV, ce qui garantit une efficacit\u00e9 durable dans les environnements exigeants.<\/p>","protected":false},"excerpt":{"rendered":"<p>Les panneaux de sol durables en UHMWPE HDPE avec bande de roulement en diamant offrent une traction et une r\u00e9sistance sup\u00e9rieures pour les chauss\u00e9es temporaires, la construction et les sols d'\u00e9v\u00e9nements. L\u00e9gers, r\u00e9sistants \u00e0 la corrosion et faciles \u00e0 installer pour le support d'\u00e9quipements lourds.<\/p>","protected":false},"featured_media":1860,"template":"","meta":{"_gspb_post_css":""},"product_brand":[],"product_cat":[24,25],"product_tag":[349,296,348],"class_list":{"0":"post-1854","1":"product","2":"type-product","3":"status-publish","4":"has-post-thumbnail","6":"product_cat-ground-protection-road-mats","7":"product_cat-quick-mats","8":"product_tag-heavy-duty-ground-protection","9":"product_tag-temporary-road-panel","10":"product_tag-uhmwpe-floor-mat","12":"first","13":"instock","14":"shipping-taxable","15":"product-type-simple"},"_links":{"self":[{"href":"https:\/\/uhmwpemanufacture.com\/fr\/wp-json\/wp\/v2\/product\/1854","targetHints":{"allow":["GET"]}}],"collection":[{"href":"https:\/\/uhmwpemanufacture.com\/fr\/wp-json\/wp\/v2\/product"}],"about":[{"href":"https:\/\/uhmwpemanufacture.com\/fr\/wp-json\/wp\/v2\/types\/product"}],"wp:featuredmedia":[{"embeddable":true,"href":"https:\/\/uhmwpemanufacture.com\/fr\/wp-json\/wp\/v2\/media\/1860"}],"wp:attachment":[{"href":"https:\/\/uhmwpemanufacture.com\/fr\/wp-json\/wp\/v2\/media?parent=1854"}],"wp:term":[{"taxonomy":"product_brand","embeddable":true,"href":"https:\/\/uhmwpemanufacture.com\/fr\/wp-json\/wp\/v2\/product_brand?post=1854"},{"taxonomy":"product_cat","embeddable":true,"href":"https:\/\/uhmwpemanufacture.com\/fr\/wp-json\/wp\/v2\/product_cat?post=1854"},{"taxonomy":"product_tag","embeddable":true,"href":"https:\/\/uhmwpemanufacture.com\/fr\/wp-json\/wp\/v2\/product_tag?post=1854"}],"curies":[{"name":"wp","href":"https:\/\/api.w.org\/{rel}","templated":true}]}}