{"id":1865,"date":"2025-10-10T01:36:52","date_gmt":"2025-10-10T01:36:52","guid":{"rendered":"https:\/\/uhmwpemanufacture.com\/?post_type=product&#038;p=1865"},"modified":"2025-10-10T01:36:52","modified_gmt":"2025-10-10T01:36:52","slug":"polyethylene-board-hdpe-nylon-sheet-plastic-sheets-vendor","status":"publish","type":"product","link":"https:\/\/uhmwpemanufacture.com\/fr\/polyethylene-board-hdpe-nylon-sheet-plastic-sheets-vendor\/","title":{"rendered":"Panneau de poly\u00e9thyl\u00e8ne HDPE Feuille de nylon Feuilles de plastique Vendeur"},"content":{"rendered":"<h2>Panneau de poly\u00e9thyl\u00e8ne HDPE Sheet Plastic Sheets Wholesaler<\/h2>\n<p>Ces panneaux en poly\u00e9thyl\u00e8ne HDPE de premier ordre offrent une endurance, une robustesse et une r\u00e9sistance aux produits chimiques exceptionnelles, ce qui les rend excellents pour une vaste gamme d'applications commerciales et industrielles. L\u00e9gers mais robustes, ils pr\u00e9sentent une r\u00e9sistance exceptionnelle aux chocs, une faible absorption de l'humidit\u00e9 et une surface lisse et facile \u00e0 nettoyer. Parfaites pour les planches \u00e0 d\u00e9couper, les rev\u00eatements de r\u00e9servoirs de stockage, les composants d'\u00e9quipement et les obstacles de s\u00e9curit\u00e9, ces feuilles PEHD sont disponibles en diff\u00e9rentes couleurs et densit\u00e9s pour r\u00e9pondre \u00e0 divers besoins. En tant que grossiste fiable, nous assurons un approvisionnement de masse rentable avec une qualit\u00e9 r\u00e9guli\u00e8re pour une efficacit\u00e9 durable dans des environnements exigeants.<\/p>","protected":false},"excerpt":{"rendered":"<p>Les feuilles de poly\u00e9thyl\u00e8ne HDPE durables offrent une excellente solidit\u00e9, une r\u00e9sistance aux chocs et une stabilit\u00e9 chimique. Id\u00e9ales pour les planches \u00e0 d\u00e9couper, les pi\u00e8ces de machines et les applications industrielles. L\u00e9g\u00e8res, non toxiques et faciles \u00e0 fabriquer en diff\u00e9rentes couleurs et \u00e9paisseurs.<\/p>","protected":false},"featured_media":1867,"template":"","meta":{"_gspb_post_css":""},"product_brand":[],"product_cat":[23],"product_tag":[59,352,199],"class_list":{"0":"post-1865","1":"product","2":"type-product","3":"status-publish","4":"has-post-thumbnail","6":"product_cat-nylon-sheets","7":"product_tag-hdpe-sheet","8":"product_tag-plastic-sheet-wholesaler","9":"product_tag-polyethylene-board","11":"first","12":"instock","13":"shipping-taxable","14":"product-type-simple"},"_links":{"self":[{"href":"https:\/\/uhmwpemanufacture.com\/fr\/wp-json\/wp\/v2\/product\/1865","targetHints":{"allow":["GET"]}}],"collection":[{"href":"https:\/\/uhmwpemanufacture.com\/fr\/wp-json\/wp\/v2\/product"}],"about":[{"href":"https:\/\/uhmwpemanufacture.com\/fr\/wp-json\/wp\/v2\/types\/product"}],"wp:featuredmedia":[{"embeddable":true,"href":"https:\/\/uhmwpemanufacture.com\/fr\/wp-json\/wp\/v2\/media\/1867"}],"wp:attachment":[{"href":"https:\/\/uhmwpemanufacture.com\/fr\/wp-json\/wp\/v2\/media?parent=1865"}],"wp:term":[{"taxonomy":"product_brand","embeddable":true,"href":"https:\/\/uhmwpemanufacture.com\/fr\/wp-json\/wp\/v2\/product_brand?post=1865"},{"taxonomy":"product_cat","embeddable":true,"href":"https:\/\/uhmwpemanufacture.com\/fr\/wp-json\/wp\/v2\/product_cat?post=1865"},{"taxonomy":"product_tag","embeddable":true,"href":"https:\/\/uhmwpemanufacture.com\/fr\/wp-json\/wp\/v2\/product_tag?post=1865"}],"curies":[{"name":"wp","href":"https:\/\/api.w.org\/{rel}","templated":true}]}}