{"id":1870,"date":"2025-10-10T01:41:24","date_gmt":"2025-10-10T01:41:24","guid":{"rendered":"https:\/\/uhmwpemanufacture.com\/?post_type=product&#038;p=1870"},"modified":"2025-10-10T01:41:24","modified_gmt":"2025-10-10T01:41:24","slug":"custom-boron-borated-polyethylene-uhmwpe-hdpe-sheets-dealer","status":"publish","type":"product","link":"https:\/\/uhmwpemanufacture.com\/fr\/custom-boron-borated-polyethylene-uhmwpe-hdpe-sheets-dealer\/","title":{"rendered":"Revendeur de feuilles de poly\u00e9thyl\u00e8ne bor\u00e9 UHMWPE HDPE sur mesure"},"content":{"rendered":"<h2>Distributeur de feuilles de poly\u00e9thyl\u00e8ne bor\u00e9 UHMWPE HDPE personnalis\u00e9es<\/h2>\n<p>Ces feuilles de poly\u00e9thyl\u00e8ne bor\u00e9 ou UHMWPE HDPE fabriqu\u00e9es sur mesure sont con\u00e7ues pour offrir une protection sup\u00e9rieure contre les neutrons et les rayonnements. D\u00e9velopp\u00e9es pour des applications nucl\u00e9aires, m\u00e9dicales et industrielles, elles int\u00e8grent du poly\u00e9thyl\u00e8ne haute densit\u00e9 avec des additifs de bore pour am\u00e9liorer les performances. Le mat\u00e9riau offre une r\u00e9sistance exceptionnelle aux effets, une r\u00e9sistance chimique et une faible absorption de l'humidit\u00e9. Faciles \u00e0 fabriquer, ces feuilles constituent un service l\u00e9ger, durable et rentable pour la protection des obstacles, des dispositifs, des rev\u00eatements cellulaires et des chambres de protection. Elles conviennent aux travaux personnalis\u00e9s n\u00e9cessitant une att\u00e9nuation fiable des rayonnements et une stabilit\u00e9 structurelle durable.<\/p>","protected":false},"excerpt":{"rendered":"<p>Les feuilles de poly\u00e9thyl\u00e8ne bor\u00e9 de haute performance UHMWPE HDPE offrent un excellent blindage contre les neutrons et une protection contre les radiations. Elles sont durables, r\u00e9sistantes aux produits chimiques et faciles \u00e0 usiner pour les applications nucl\u00e9aires, m\u00e9dicales et industrielles.<\/p>","protected":false},"featured_media":1874,"template":"","meta":{"_gspb_post_css":""},"product_brand":[],"product_cat":[15,19],"product_tag":[182,184,353],"class_list":{"0":"post-1870","1":"product","2":"type-product","3":"status-publish","4":"has-post-thumbnail","6":"product_cat-uhmwpe-hdpe-sheets-plates","7":"product_cat-lead-boron-polyethylene-plates","8":"product_tag-borated-polyethylene-sheet","9":"product_tag-radiation-shielding-material","10":"product_tag-uhmwpe-hdpe","12":"first","13":"instock","14":"shipping-taxable","15":"product-type-simple"},"_links":{"self":[{"href":"https:\/\/uhmwpemanufacture.com\/fr\/wp-json\/wp\/v2\/product\/1870","targetHints":{"allow":["GET"]}}],"collection":[{"href":"https:\/\/uhmwpemanufacture.com\/fr\/wp-json\/wp\/v2\/product"}],"about":[{"href":"https:\/\/uhmwpemanufacture.com\/fr\/wp-json\/wp\/v2\/types\/product"}],"wp:featuredmedia":[{"embeddable":true,"href":"https:\/\/uhmwpemanufacture.com\/fr\/wp-json\/wp\/v2\/media\/1874"}],"wp:attachment":[{"href":"https:\/\/uhmwpemanufacture.com\/fr\/wp-json\/wp\/v2\/media?parent=1870"}],"wp:term":[{"taxonomy":"product_brand","embeddable":true,"href":"https:\/\/uhmwpemanufacture.com\/fr\/wp-json\/wp\/v2\/product_brand?post=1870"},{"taxonomy":"product_cat","embeddable":true,"href":"https:\/\/uhmwpemanufacture.com\/fr\/wp-json\/wp\/v2\/product_cat?post=1870"},{"taxonomy":"product_tag","embeddable":true,"href":"https:\/\/uhmwpemanufacture.com\/fr\/wp-json\/wp\/v2\/product_tag?post=1870"}],"curies":[{"name":"wp","href":"https:\/\/api.w.org\/{rel}","templated":true}]}}