{"id":1875,"date":"2025-10-10T01:45:13","date_gmt":"2025-10-10T01:45:13","guid":{"rendered":"https:\/\/uhmwpemanufacture.com\/?post_type=product&#038;p=1875"},"modified":"2025-10-10T01:45:13","modified_gmt":"2025-10-10T01:45:13","slug":"high-density-polyethylene-board-ice-synthetic-panel-exporter","status":"publish","type":"product","link":"https:\/\/uhmwpemanufacture.com\/fr\/high-density-polyethylene-board-ice-synthetic-panel-exporter\/","title":{"rendered":"Panneau de poly\u00e9thyl\u00e8ne haute densit\u00e9 Panneau synth\u00e9tique Ice Exporter"},"content":{"rendered":"<h2>Panneau de poly\u00e9thyl\u00e8ne haute densit\u00e9 Ice Synthetic Panel Exporter<\/h2>\n<p>Ces panneaux de glace synth\u00e9tique en poly\u00e9thyl\u00e8ne haute densit\u00e9 (PEHD) sont con\u00e7us pour une durabilit\u00e9 et des performances extraordinaires dans les patinoires, les stades et les centres d'entra\u00eenement. Avec une surface lisse et \u00e0 faible frottement, ils reproduisent la glace r\u00e9elle pour une glisse sans faille et une qualit\u00e9 de patinage constante. Insensibles aux influences, \u00e0 l'humidit\u00e9 et aux temp\u00e9ratures extr\u00eames, les plaques de glace synth\u00e9tique HDPE offrent une utilisation durable \u00e0 l'int\u00e9rieur de votre maison ou \u00e0 l'ext\u00e9rieur. Faciles \u00e0 monter, \u00e0 entretenir et \u00e0 adapter, elles constituent une alternative \u00e9cologique aux surfaces de glace traditionnelles, r\u00e9duisant les frais d'entretien tout en procurant un plaisir de patinage tout au long de l'ann\u00e9e. Elles sont parfaites pour les patinoires sp\u00e9cialis\u00e9es, les patinoires de loisirs et les patinoires domestiques.<\/p>","protected":false},"excerpt":{"rendered":"<p>Les panneaux de glace synth\u00e9tique en poly\u00e9thyl\u00e8ne haute densit\u00e9 (PEHD) offrent une surface lisse et durable qui imite la vraie glace. Ils sont parfaits pour les patinoires, les stades et l'entra\u00eenement. R\u00e9sistants aux intemp\u00e9ries, \u00e0 faible friction et faciles \u00e0 entretenir, ils sont performants tout au long de l'ann\u00e9e, \u00e0 l'int\u00e9rieur comme \u00e0 l'ext\u00e9rieur.<\/p>","protected":false},"featured_media":1877,"template":"","meta":{"_gspb_post_css":""},"product_brand":[],"product_cat":[29,32],"product_tag":[355,128,354],"class_list":{"0":"post-1875","1":"product","2":"type-product","3":"status-publish","4":"has-post-thumbnail","6":"product_cat-ice-rink-products","7":"product_cat-ice-synthetic-panels","8":"product_tag-hdpe-skating-board","9":"product_tag-ice-rink-flooring","10":"product_tag-synthetic-ice-panel","12":"first","13":"instock","14":"shipping-taxable","15":"product-type-simple"},"_links":{"self":[{"href":"https:\/\/uhmwpemanufacture.com\/fr\/wp-json\/wp\/v2\/product\/1875","targetHints":{"allow":["GET"]}}],"collection":[{"href":"https:\/\/uhmwpemanufacture.com\/fr\/wp-json\/wp\/v2\/product"}],"about":[{"href":"https:\/\/uhmwpemanufacture.com\/fr\/wp-json\/wp\/v2\/types\/product"}],"wp:featuredmedia":[{"embeddable":true,"href":"https:\/\/uhmwpemanufacture.com\/fr\/wp-json\/wp\/v2\/media\/1877"}],"wp:attachment":[{"href":"https:\/\/uhmwpemanufacture.com\/fr\/wp-json\/wp\/v2\/media?parent=1875"}],"wp:term":[{"taxonomy":"product_brand","embeddable":true,"href":"https:\/\/uhmwpemanufacture.com\/fr\/wp-json\/wp\/v2\/product_brand?post=1875"},{"taxonomy":"product_cat","embeddable":true,"href":"https:\/\/uhmwpemanufacture.com\/fr\/wp-json\/wp\/v2\/product_cat?post=1875"},{"taxonomy":"product_tag","embeddable":true,"href":"https:\/\/uhmwpemanufacture.com\/fr\/wp-json\/wp\/v2\/product_tag?post=1875"}],"curies":[{"name":"wp","href":"https:\/\/api.w.org\/{rel}","templated":true}]}}