{"id":1881,"date":"2025-10-10T01:49:33","date_gmt":"2025-10-10T01:49:33","guid":{"rendered":"https:\/\/uhmwpemanufacture.com\/?post_type=product&#038;p=1881"},"modified":"2025-10-10T01:49:33","modified_gmt":"2025-10-10T01:49:33","slug":"custom-high-quality-hockeyicerink-dasher-boards-wholesale","status":"publish","type":"product","link":"https:\/\/uhmwpemanufacture.com\/fr\/custom-high-quality-hockeyicerink-dasher-boards-wholesale\/","title":{"rendered":"Panneaux de dashers de hockey (glace) personnalis\u00e9s de haute qualit\u00e9 Wholesale"},"content":{"rendered":"<h2>Panneaux de hockey (glace) sur glace de haute qualit\u00e9, personnalis\u00e9s, en gros<\/h2>\n<p>Ces panneaux d'affichage de qualit\u00e9 sup\u00e9rieure pour les patinoires de hockey sont fabriqu\u00e9s \u00e0 partir de PEHD durable et r\u00e9sistant aux chocs et sont con\u00e7us pour les patinoires sp\u00e9cialis\u00e9es et r\u00e9cr\u00e9atives. Con\u00e7ues pour \u00eatre r\u00e9sistantes et flexibles, elles offrent un rebond du palet, une s\u00e9curit\u00e9 et une r\u00e9sistance optimales dans des conditions de jeu extr\u00eames. La surface lisse et non corrosive garantit un entretien r\u00e9duit et un superbe aspect esth\u00e9tique pour tout type d'installation de patinoire. Id\u00e9ales pour les installations int\u00e9rieures et ext\u00e9rieures, ces bandes sont tr\u00e8s faciles \u00e0 assembler, r\u00e9sistantes aux intemp\u00e9ries et personnalis\u00e9es en termes de dimensions et de teintes. Parfaites pour les secteurs sportifs, les installations d'entra\u00eenement et les travaux de construction de patinoires dans le monde entier.<\/p>","protected":false},"excerpt":{"rendered":"<p>Panneaux d'affichage personnalis\u00e9s de haute qualit\u00e9 pour les patinoires de hockey, fabriqu\u00e9s en PEHD durable pour un usage professionnel et r\u00e9cr\u00e9atif. Solides, r\u00e9sistantes aux chocs et aux intemp\u00e9ries et faciles \u00e0 installer, elles garantissent une performance durable de la patinoire, \u00e0 l'int\u00e9rieur comme \u00e0 l'ext\u00e9rieur.<\/p>","protected":false},"featured_media":1886,"template":"","meta":{"_gspb_post_css":""},"product_brand":[],"product_cat":[29,30],"product_tag":[288,81,356],"class_list":{"0":"post-1881","1":"product","2":"type-product","3":"status-publish","4":"has-post-thumbnail","6":"product_cat-ice-rink-products","7":"product_cat-hockey-ice-rink-dasher-boards","8":"product_tag-hdpe-rink-boards","9":"product_tag-hockey-dasher-boards","10":"product_tag-ice-rink-panels","12":"first","13":"instock","14":"shipping-taxable","15":"product-type-simple"},"_links":{"self":[{"href":"https:\/\/uhmwpemanufacture.com\/fr\/wp-json\/wp\/v2\/product\/1881","targetHints":{"allow":["GET"]}}],"collection":[{"href":"https:\/\/uhmwpemanufacture.com\/fr\/wp-json\/wp\/v2\/product"}],"about":[{"href":"https:\/\/uhmwpemanufacture.com\/fr\/wp-json\/wp\/v2\/types\/product"}],"wp:featuredmedia":[{"embeddable":true,"href":"https:\/\/uhmwpemanufacture.com\/fr\/wp-json\/wp\/v2\/media\/1886"}],"wp:attachment":[{"href":"https:\/\/uhmwpemanufacture.com\/fr\/wp-json\/wp\/v2\/media?parent=1881"}],"wp:term":[{"taxonomy":"product_brand","embeddable":true,"href":"https:\/\/uhmwpemanufacture.com\/fr\/wp-json\/wp\/v2\/product_brand?post=1881"},{"taxonomy":"product_cat","embeddable":true,"href":"https:\/\/uhmwpemanufacture.com\/fr\/wp-json\/wp\/v2\/product_cat?post=1881"},{"taxonomy":"product_tag","embeddable":true,"href":"https:\/\/uhmwpemanufacture.com\/fr\/wp-json\/wp\/v2\/product_tag?post=1881"}],"curies":[{"name":"wp","href":"https:\/\/api.w.org\/{rel}","templated":true}]}}