{"id":1902,"date":"2025-10-10T02:00:53","date_gmt":"2025-10-10T02:00:53","guid":{"rendered":"https:\/\/uhmwpemanufacture.com\/?post_type=product&#038;p=1902"},"modified":"2025-10-10T02:00:53","modified_gmt":"2025-10-10T02:00:53","slug":"custom-raw-material-floor-ball-dasher-boards-wholesaler","status":"publish","type":"product","link":"https:\/\/uhmwpemanufacture.com\/fr\/custom-raw-material-floor-ball-dasher-boards-wholesaler\/","title":{"rendered":"Mati\u00e8res premi\u00e8res personnalis\u00e9es Boule de sol Dasher Boards Wholesaler"},"content":{"rendered":"<h2>Mat\u00e9riau de base personnalis\u00e9 Boule de sol Dasher Boards Wholesaler<\/h2>\n<p>Ces panneaux de jeu de balle au sol personnalis\u00e9s sont fabriqu\u00e9s \u00e0 partir de mati\u00e8res premi\u00e8res HDPE de premi\u00e8re qualit\u00e9, ce qui leur conf\u00e8re une robustesse remarquable, une r\u00e9sistance aux influences et une surface lisse adapt\u00e9e \u00e0 un jeu de haute performance. Con\u00e7us pour les ar\u00e8nes de la sph\u00e8re des experts et des loisirs, ils garantissent un rebond constant et la s\u00e9curit\u00e9 des joueurs. Les panneaux sont l\u00e9gers, tr\u00e8s faciles \u00e0 monter et r\u00e9sistants \u00e0 l'humidit\u00e9, aux UV et aux variations de temp\u00e9rature, ce qui les rend adapt\u00e9s aux environnements int\u00e9rieurs et ext\u00e9rieurs. En tant que revendeur fiable, nous fournissons des tailles, des nuances et des densit\u00e9s personnalisables pour r\u00e9pondre aux divers besoins d'agencement de la patinoire et d'utilisation r\u00e9siliente.<\/p>","protected":false},"excerpt":{"rendered":"<p>Les panneaux de dashers durables en HDPE sont fabriqu\u00e9s \u00e0 partir de mati\u00e8res premi\u00e8res de premi\u00e8re qualit\u00e9 pour une r\u00e9sistance sup\u00e9rieure et un jeu fluide. Id\u00e9ales pour les ar\u00e8nes professionnelles et r\u00e9cr\u00e9atives. R\u00e9sistants aux intemp\u00e9ries, faciles \u00e0 installer et personnalisables en termes de taille, de couleur et d'\u00e9paisseur pour une performance durable.<\/p>","protected":false},"featured_media":1908,"template":"","meta":{"_gspb_post_css":""},"product_brand":[],"product_cat":[29,33],"product_tag":[210,306,359],"class_list":{"0":"post-1902","1":"product","2":"type-product","3":"status-publish","4":"has-post-thumbnail","6":"product_cat-ice-rink-products","7":"product_cat-floor-ball-dasher-boards","8":"product_tag-floor-ball-dasher-boards","9":"product_tag-hdpe-rink-panels","10":"product_tag-sports-arena-boards","12":"first","13":"instock","14":"shipping-taxable","15":"product-type-simple"},"_links":{"self":[{"href":"https:\/\/uhmwpemanufacture.com\/fr\/wp-json\/wp\/v2\/product\/1902","targetHints":{"allow":["GET"]}}],"collection":[{"href":"https:\/\/uhmwpemanufacture.com\/fr\/wp-json\/wp\/v2\/product"}],"about":[{"href":"https:\/\/uhmwpemanufacture.com\/fr\/wp-json\/wp\/v2\/types\/product"}],"wp:featuredmedia":[{"embeddable":true,"href":"https:\/\/uhmwpemanufacture.com\/fr\/wp-json\/wp\/v2\/media\/1908"}],"wp:attachment":[{"href":"https:\/\/uhmwpemanufacture.com\/fr\/wp-json\/wp\/v2\/media?parent=1902"}],"wp:term":[{"taxonomy":"product_brand","embeddable":true,"href":"https:\/\/uhmwpemanufacture.com\/fr\/wp-json\/wp\/v2\/product_brand?post=1902"},{"taxonomy":"product_cat","embeddable":true,"href":"https:\/\/uhmwpemanufacture.com\/fr\/wp-json\/wp\/v2\/product_cat?post=1902"},{"taxonomy":"product_tag","embeddable":true,"href":"https:\/\/uhmwpemanufacture.com\/fr\/wp-json\/wp\/v2\/product_tag?post=1902"}],"curies":[{"name":"wp","href":"https:\/\/api.w.org\/{rel}","templated":true}]}}