{"id":1910,"date":"2025-10-10T02:03:58","date_gmt":"2025-10-10T02:03:58","guid":{"rendered":"https:\/\/uhmwpemanufacture.com\/?post_type=product&#038;p=1910"},"modified":"2025-10-10T02:03:58","modified_gmt":"2025-10-10T02:03:58","slug":"custom-hdpe-driveway-dura-deck-duradeck-mats-manufacturer","status":"publish","type":"product","link":"https:\/\/uhmwpemanufacture.com\/fr\/custom-hdpe-driveway-dura-deck-duradeck-mats-manufacturer\/","title":{"rendered":"Tapis d'all\u00e9e en Hdpe sur mesure Dura Deck Duradeck Fabricants de tapis"},"content":{"rendered":"<h2>Tapis d'all\u00e9e en PEHD sur mesure Dura Deck Duradeck Maker<\/h2>\n<p>Ces tapis d'entr\u00e9e personnalis\u00e9s HDPE Dura Deck sont con\u00e7us pour offrir une s\u00e9curit\u00e9 au sol et une capacit\u00e9 de charge sup\u00e9rieures. Fabriqu\u00e9s en poly\u00e9thyl\u00e8ne haute densit\u00e9, ils offrent une endurance, une polyvalence et une r\u00e9sistance au glissement remarquables pour les v\u00e9hicules lourds, la construction et les applications \u00e9v\u00e9nementielles. La surface robuste des marches en diamant garantit une excellente traction en toutes circonstances, tandis que leur l\u00e9g\u00e8ret\u00e9 permet une installation rapide et une manipulation tr\u00e8s ais\u00e9e. R\u00e9sistants aux intemp\u00e9ries, aux produits chimiques et r\u00e9utilisables, ces rev\u00eatements de sol Duradeck sont excellents pour cr\u00e9er des routes stables \u00e0 court terme, des parkings et des plates-formes de travail sur des sols irr\u00e9guliers ou mous.<\/p>","protected":false},"excerpt":{"rendered":"<p>Les tapis Dura Deck durables et personnalis\u00e9s en PEHD offrent une protection du sol et une traction sup\u00e9rieures pour les \u00e9quipements lourds, les v\u00e9hicules et les \u00e9v\u00e9nements. L\u00e9gers, r\u00e9utilisables et r\u00e9sistants aux intemp\u00e9ries, ils permettent de cr\u00e9er des routes temporaires stables et des plates-formes de travail sur des sols mous ou irr\u00e9guliers.<\/p>","protected":false},"featured_media":1913,"template":"","meta":{"_gspb_post_css":""},"product_brand":[],"product_cat":[24,27],"product_tag":[361,360,362],"class_list":{"0":"post-1910","1":"product","2":"type-product","3":"status-publish","4":"has-post-thumbnail","6":"product_cat-ground-protection-road-mats","7":"product_cat-dura-mats","8":"product_tag-dura-deck-panels","9":"product_tag-hdpe-ground-mats","10":"product_tag-temporary-roadway-mats","12":"first","13":"instock","14":"shipping-taxable","15":"product-type-simple"},"_links":{"self":[{"href":"https:\/\/uhmwpemanufacture.com\/fr\/wp-json\/wp\/v2\/product\/1910","targetHints":{"allow":["GET"]}}],"collection":[{"href":"https:\/\/uhmwpemanufacture.com\/fr\/wp-json\/wp\/v2\/product"}],"about":[{"href":"https:\/\/uhmwpemanufacture.com\/fr\/wp-json\/wp\/v2\/types\/product"}],"wp:featuredmedia":[{"embeddable":true,"href":"https:\/\/uhmwpemanufacture.com\/fr\/wp-json\/wp\/v2\/media\/1913"}],"wp:attachment":[{"href":"https:\/\/uhmwpemanufacture.com\/fr\/wp-json\/wp\/v2\/media?parent=1910"}],"wp:term":[{"taxonomy":"product_brand","embeddable":true,"href":"https:\/\/uhmwpemanufacture.com\/fr\/wp-json\/wp\/v2\/product_brand?post=1910"},{"taxonomy":"product_cat","embeddable":true,"href":"https:\/\/uhmwpemanufacture.com\/fr\/wp-json\/wp\/v2\/product_cat?post=1910"},{"taxonomy":"product_tag","embeddable":true,"href":"https:\/\/uhmwpemanufacture.com\/fr\/wp-json\/wp\/v2\/product_tag?post=1910"}],"curies":[{"name":"wp","href":"https:\/\/api.w.org\/{rel}","templated":true}]}}