{"id":1914,"date":"2025-10-10T02:10:17","date_gmt":"2025-10-10T02:10:17","guid":{"rendered":"https:\/\/uhmwpemanufacture.com\/?post_type=product&#038;p=1914"},"modified":"2025-10-10T02:10:17","modified_gmt":"2025-10-10T02:10:17","slug":"uhmwpe-outrigger-pads-and-plastic-crane-leg-support-pads","status":"publish","type":"product","link":"https:\/\/uhmwpemanufacture.com\/fr\/uhmwpe-outrigger-pads-and-plastic-crane-leg-support-pads\/","title":{"rendered":"Coussinets de balancier en UHMWPE et coussinets de support de jambe de grue en plastique"},"content":{"rendered":"<h2>Coussinets de balancier en UHMWPE et coussinets d'assistance pour les jambes de grue en plastique<\/h2>\n<p>Les coussins stabilisateurs en UHMWPE et les coussins d'assistance en plastique pour les jambes de grues sont con\u00e7us pour offrir une base stable et durable aux machines lourdes et aux appareils de formation. Fabriqu\u00e9s en poly\u00e9thyl\u00e8ne \u00e0 ultra-haut poids mol\u00e9culaire, ces coussins offrent une solidit\u00e9, une r\u00e9sistance aux effets et une durabilit\u00e9 \u00e0 l'usage exceptionnelles. Ils r\u00e9partissent uniform\u00e9ment les tonnes sur les sols mous ou in\u00e9gaux, \u00e9vitant ainsi aux outils de s'enfoncer ou de glisser. L\u00e9gers, r\u00e9sistants \u00e0 la corrosion et faciles d'entretien, ils conviennent parfaitement aux grues, aux ascenseurs a\u00e9riens et aux v\u00e9hicules de chantier. Propos\u00e9s dans de nombreuses formes, densit\u00e9s et capacit\u00e9s en tonnes, ces tampons garantissent des performances sans risque et fiables dans toutes les conditions climatiques.<\/p>","protected":false},"excerpt":{"rendered":"<p>Les patins des stabilisateurs en UHMWPE offrent un support solide et stable pour les grues et les machines lourdes. Durables, l\u00e9gers et non corrosifs, ils emp\u00eachent l'affaissement et garantissent la s\u00e9curit\u00e9 sur les sols mous ou irr\u00e9guliers. Id\u00e9ales pour les applications de construction et de levage dans toutes les conditions m\u00e9t\u00e9orologiques.<\/p>","protected":false},"featured_media":1920,"template":"","meta":{"_gspb_post_css":""},"product_brand":[],"product_cat":[15,20],"product_tag":[313,222,63],"class_list":{"0":"post-1914","1":"product","2":"type-product","3":"status-publish","4":"has-post-thumbnail","6":"product_cat-uhmwpe-hdpe-sheets-plates","7":"product_cat-crane-outrigger-pads","8":"product_tag-crane-support-pads","9":"product_tag-heavy-equipment-stabilizers","10":"product_tag-uhmwpe-outrigger-pads","12":"first","13":"instock","14":"shipping-taxable","15":"product-type-simple"},"_links":{"self":[{"href":"https:\/\/uhmwpemanufacture.com\/fr\/wp-json\/wp\/v2\/product\/1914","targetHints":{"allow":["GET"]}}],"collection":[{"href":"https:\/\/uhmwpemanufacture.com\/fr\/wp-json\/wp\/v2\/product"}],"about":[{"href":"https:\/\/uhmwpemanufacture.com\/fr\/wp-json\/wp\/v2\/types\/product"}],"wp:featuredmedia":[{"embeddable":true,"href":"https:\/\/uhmwpemanufacture.com\/fr\/wp-json\/wp\/v2\/media\/1920"}],"wp:attachment":[{"href":"https:\/\/uhmwpemanufacture.com\/fr\/wp-json\/wp\/v2\/media?parent=1914"}],"wp:term":[{"taxonomy":"product_brand","embeddable":true,"href":"https:\/\/uhmwpemanufacture.com\/fr\/wp-json\/wp\/v2\/product_brand?post=1914"},{"taxonomy":"product_cat","embeddable":true,"href":"https:\/\/uhmwpemanufacture.com\/fr\/wp-json\/wp\/v2\/product_cat?post=1914"},{"taxonomy":"product_tag","embeddable":true,"href":"https:\/\/uhmwpemanufacture.com\/fr\/wp-json\/wp\/v2\/product_tag?post=1914"}],"curies":[{"name":"wp","href":"https:\/\/api.w.org\/{rel}","templated":true}]}}