{"id":1955,"date":"2025-10-10T07:34:52","date_gmt":"2025-10-10T07:34:52","guid":{"rendered":"https:\/\/uhmwpemanufacture.com\/?post_type=product&#038;p=1955"},"modified":"2025-10-10T07:34:52","modified_gmt":"2025-10-10T07:34:52","slug":"coal-bunker-limit-plate-high-density-polyethylene-hdpe-sheets","status":"publish","type":"product","link":"https:\/\/uhmwpemanufacture.com\/fr\/coal-bunker-limit-plate-high-density-polyethylene-hdpe-sheets\/","title":{"rendered":"Plaque de limite de soute \u00e0 charbon Plaques en poly\u00e9thyl\u00e8ne haute densit\u00e9 Hdpe Sheets"},"content":{"rendered":"<h2>Plaque de restriction pour les soutes \u00e0 charbon Plaques de poly\u00e9thyl\u00e8ne haute \u00e9paisseur (PEHD)<\/h2>\n<p>Plaques de limite de soute \u00e0 charbon r\u00e9silientes et de haute performance, fabriqu\u00e9es \u00e0 partir d'un mat\u00e9riau HDPE de premi\u00e8re qualit\u00e9. Ces plaques offrent une r\u00e9sistance exceptionnelle \u00e0 l'influence, \u00e0 l'utilisation et \u00e0 la corrosion, garantissant une longue dur\u00e9e de vie, m\u00eame en cas de charges lourdes et d'environnements difficiles. La surface est lisse, ce qui facilite le nettoyage et r\u00e9duit l'adh\u00e9rence des mat\u00e9riaux. Convient aux soutes \u00e0 charbon, \u00e0 la manutention et aux applications commerciales. L\u00e9ger et tr\u00e8s facile \u00e0 installer, avec des dimensions et des densit\u00e9s r\u00e9glables pour r\u00e9pondre \u00e0 certaines exigences.<\/p>","protected":false},"excerpt":{"rendered":"<p>Plaque de limite de soute \u00e0 charbon durable fabriqu\u00e9e en poly\u00e9thyl\u00e8ne haute densit\u00e9 (PEHD). Elle offre une r\u00e9sistance sup\u00e9rieure aux chocs, \u00e0 l'usure et \u00e0 la corrosion. Id\u00e9ale pour les soutes \u00e0 charbon et les applications industrielles. L\u00e9g\u00e8re, facile \u00e0 installer et de taille personnalisable.<\/p>","protected":false},"featured_media":1961,"template":"","meta":{"_gspb_post_css":""},"product_brand":[],"product_cat":[15,22],"product_tag":[337,59,344],"class_list":{"0":"post-1955","1":"product","2":"type-product","3":"status-publish","4":"has-post-thumbnail","6":"product_cat-uhmwpe-hdpe-sheets-plates","7":"product_cat-coal-bunker-limit-plates","8":"product_tag-coal-bunker-plate","9":"product_tag-hdpe-sheet","10":"product_tag-industrial-material","12":"first","13":"instock","14":"shipping-taxable","15":"product-type-simple"},"_links":{"self":[{"href":"https:\/\/uhmwpemanufacture.com\/fr\/wp-json\/wp\/v2\/product\/1955","targetHints":{"allow":["GET"]}}],"collection":[{"href":"https:\/\/uhmwpemanufacture.com\/fr\/wp-json\/wp\/v2\/product"}],"about":[{"href":"https:\/\/uhmwpemanufacture.com\/fr\/wp-json\/wp\/v2\/types\/product"}],"wp:featuredmedia":[{"embeddable":true,"href":"https:\/\/uhmwpemanufacture.com\/fr\/wp-json\/wp\/v2\/media\/1961"}],"wp:attachment":[{"href":"https:\/\/uhmwpemanufacture.com\/fr\/wp-json\/wp\/v2\/media?parent=1955"}],"wp:term":[{"taxonomy":"product_brand","embeddable":true,"href":"https:\/\/uhmwpemanufacture.com\/fr\/wp-json\/wp\/v2\/product_brand?post=1955"},{"taxonomy":"product_cat","embeddable":true,"href":"https:\/\/uhmwpemanufacture.com\/fr\/wp-json\/wp\/v2\/product_cat?post=1955"},{"taxonomy":"product_tag","embeddable":true,"href":"https:\/\/uhmwpemanufacture.com\/fr\/wp-json\/wp\/v2\/product_tag?post=1955"}],"curies":[{"name":"wp","href":"https:\/\/api.w.org\/{rel}","templated":true}]}}