{"id":1962,"date":"2025-10-10T07:48:32","date_gmt":"2025-10-10T07:48:32","guid":{"rendered":"https:\/\/uhmwpemanufacture.com\/?post_type=product&#038;p=1962"},"modified":"2025-10-10T07:48:32","modified_gmt":"2025-10-10T07:48:32","slug":"heavy-duty-umwpe-crane-outrigger-pad-crane-stability-mats","status":"publish","type":"product","link":"https:\/\/uhmwpemanufacture.com\/fr\/heavy-duty-umwpe-crane-outrigger-pad-crane-stability-mats\/","title":{"rendered":"Tapis de stabilit\u00e9 pour grue UMWPE \u00e0 usage intensif"},"content":{"rendered":"<h2>Coussin d'appui pour grue en HMWPE solide Stabilit\u00e9 de la grue Rev\u00eatements de sol<\/h2>\n<p>Les coussins de grue HMWPE robustes et performants ont \u00e9t\u00e9 con\u00e7us pour offrir une stabilit\u00e9 au sol et une r\u00e9partition des lots exceptionnelles pour les grues et les machines lourdes. Fabriqu\u00e9s en poly\u00e9thyl\u00e8ne \u00e0 haut poids mol\u00e9culaire (HMWPE), ces patins offrent une robustesse, une r\u00e9sistance \u00e0 l'usure et une absorption des effets exceptionnelles. Ils \u00e9vitent les dommages au sol et garantissent un fonctionnement s\u00fbr sur de nombreux terrains. L\u00e9gers mais solides, ils se caract\u00e9risent par une gestion durable qui facilite leur transport et leur mise en place. Ils conviennent aux sites de construction, aux appareils de levage et aux grues mobiles, garantissant la s\u00e9curit\u00e9, la long\u00e9vit\u00e9 et les performances \u00e0 long terme recherch\u00e9es dans l'environnement de travail.<\/p>","protected":false},"excerpt":{"rendered":"<p>Les tampons durables des stabilisateurs de grue en poly\u00e9thyl\u00e8ne haute densit\u00e9 (HMWPE) assurent une r\u00e9partition de la charge et une stabilit\u00e9 sup\u00e9rieures pour les machines lourdes. L\u00e9gers, non corrosifs et faciles \u00e0 manipuler, ils sont id\u00e9aux pour les op\u00e9rations de construction et de levage.<\/p>","protected":false},"featured_media":1972,"template":"","meta":{"_gspb_post_css":""},"product_brand":[],"product_cat":[15,21],"product_tag":[333,365,364],"class_list":{"0":"post-1962","1":"product","2":"type-product","3":"status-publish","4":"has-post-thumbnail","6":"product_cat-uhmwpe-hdpe-sheets-plates","7":"product_cat-uhmwpe-fender-pads","8":"product_tag-crane-outrigger-pad","9":"product_tag-heavy-duty-lifting-pad","10":"product_tag-hmwpe-stability-mat","12":"first","13":"instock","14":"shipping-taxable","15":"product-type-simple"},"_links":{"self":[{"href":"https:\/\/uhmwpemanufacture.com\/fr\/wp-json\/wp\/v2\/product\/1962","targetHints":{"allow":["GET"]}}],"collection":[{"href":"https:\/\/uhmwpemanufacture.com\/fr\/wp-json\/wp\/v2\/product"}],"about":[{"href":"https:\/\/uhmwpemanufacture.com\/fr\/wp-json\/wp\/v2\/types\/product"}],"wp:featuredmedia":[{"embeddable":true,"href":"https:\/\/uhmwpemanufacture.com\/fr\/wp-json\/wp\/v2\/media\/1972"}],"wp:attachment":[{"href":"https:\/\/uhmwpemanufacture.com\/fr\/wp-json\/wp\/v2\/media?parent=1962"}],"wp:term":[{"taxonomy":"product_brand","embeddable":true,"href":"https:\/\/uhmwpemanufacture.com\/fr\/wp-json\/wp\/v2\/product_brand?post=1962"},{"taxonomy":"product_cat","embeddable":true,"href":"https:\/\/uhmwpemanufacture.com\/fr\/wp-json\/wp\/v2\/product_cat?post=1962"},{"taxonomy":"product_tag","embeddable":true,"href":"https:\/\/uhmwpemanufacture.com\/fr\/wp-json\/wp\/v2\/product_tag?post=1962"}],"curies":[{"name":"wp","href":"https:\/\/api.w.org\/{rel}","templated":true}]}}