{"id":1963,"date":"2025-10-10T07:43:40","date_gmt":"2025-10-10T07:43:40","guid":{"rendered":"https:\/\/uhmwpemanufacture.com\/?post_type=product&#038;p=1963"},"modified":"2025-10-10T07:43:40","modified_gmt":"2025-10-10T07:43:40","slug":"pe-board-smooth-plastic-sheets-uhmwpe-sheet-manufacturers","status":"publish","type":"product","link":"https:\/\/uhmwpemanufacture.com\/fr\/pe-board-smooth-plastic-sheets-uhmwpe-sheet-manufacturers\/","title":{"rendered":"Panneau PE Plastique lisse Feuilles UHMWPE Fabricants de feuilles UHMWPE"},"content":{"rendered":"<h2>Panneau PE Plastique lisse Feuilles UHMWPE Fabricants de feuilles UHMWPE<\/h2>\n<p>Feuilles en PE et UHMWPE de haute qualit\u00e9 avec une surface lisse et une r\u00e9sistance \u00e0 l'usure exceptionnelle. Cr\u00e9\u00e9es pour leur long\u00e9vit\u00e9 et leur r\u00e9sistance \u00e0 l'effet premium, ces feuilles s'adaptent bien aux atmosph\u00e8res commerciales populaires. Elles pr\u00e9sentent une friction r\u00e9duite, une r\u00e9sistance chimique et des propri\u00e9t\u00e9s anticorrosion, ce qui les rend excellentes pour les pi\u00e8ces d'\u00e9quipement, les rev\u00eatements cellulaires et les applications de manutention. Elles sont propos\u00e9es en plusieurs couleurs, tailles et \u00e9paisseurs. Fabriqu\u00e9s avec pr\u00e9cision pour une longue dur\u00e9e de vie et une construction simple pour r\u00e9pondre \u00e0 diverses exigences d'ing\u00e9nierie.<\/p>","protected":false},"excerpt":{"rendered":"<p>Feuilles plastiques lisses durables en PE et UHMWPE pr\u00e9sentant une r\u00e9sistance \u00e9lev\u00e9e \u00e0 l'usure, un faible frottement et une forte r\u00e9sistance aux chocs. Id\u00e9ales pour les applications industrielles, m\u00e9caniques et de rev\u00eatement. Disponibles en diff\u00e9rentes couleurs et tailles pour une utilisation polyvalente.<\/p>","protected":false},"featured_media":1964,"template":"","meta":{"_gspb_post_css":""},"product_brand":[],"product_cat":[15,17],"product_tag":[363,231,56],"class_list":{"0":"post-1963","1":"product","2":"type-product","3":"status-publish","4":"has-post-thumbnail","6":"product_cat-uhmwpe-hdpe-sheets-plates","7":"product_cat-uhmwpe-sheets","8":"product_tag-pe-board","9":"product_tag-plastic-sheet-manufacturer","10":"product_tag-uhmwpe-sheet","12":"first","13":"instock","14":"shipping-taxable","15":"product-type-simple"},"_links":{"self":[{"href":"https:\/\/uhmwpemanufacture.com\/fr\/wp-json\/wp\/v2\/product\/1963","targetHints":{"allow":["GET"]}}],"collection":[{"href":"https:\/\/uhmwpemanufacture.com\/fr\/wp-json\/wp\/v2\/product"}],"about":[{"href":"https:\/\/uhmwpemanufacture.com\/fr\/wp-json\/wp\/v2\/types\/product"}],"wp:featuredmedia":[{"embeddable":true,"href":"https:\/\/uhmwpemanufacture.com\/fr\/wp-json\/wp\/v2\/media\/1964"}],"wp:attachment":[{"href":"https:\/\/uhmwpemanufacture.com\/fr\/wp-json\/wp\/v2\/media?parent=1963"}],"wp:term":[{"taxonomy":"product_brand","embeddable":true,"href":"https:\/\/uhmwpemanufacture.com\/fr\/wp-json\/wp\/v2\/product_brand?post=1963"},{"taxonomy":"product_cat","embeddable":true,"href":"https:\/\/uhmwpemanufacture.com\/fr\/wp-json\/wp\/v2\/product_cat?post=1963"},{"taxonomy":"product_tag","embeddable":true,"href":"https:\/\/uhmwpemanufacture.com\/fr\/wp-json\/wp\/v2\/product_tag?post=1963"}],"curies":[{"name":"wp","href":"https:\/\/api.w.org\/{rel}","templated":true}]}}