{"id":1976,"date":"2025-10-10T07:52:08","date_gmt":"2025-10-10T07:52:08","guid":{"rendered":"https:\/\/uhmwpemanufacture.com\/?post_type=product&#038;p=1976"},"modified":"2025-10-10T07:52:08","modified_gmt":"2025-10-10T07:52:08","slug":"hdpe-composite-ground-protection-mats-for-access-roads","status":"publish","type":"product","link":"https:\/\/uhmwpemanufacture.com\/fr\/hdpe-composite-ground-protection-mats-for-access-roads\/","title":{"rendered":"Tapis de protection du sol en composite PEHD pour les routes d'acc\u00e8s"},"content":{"rendered":"<h2>Tapis de protection du sol en poly\u00e9thyl\u00e8ne haute densit\u00e9 (PEHD) pour les voies d'acc\u00e8s<\/h2>\n<p>Rev\u00eatements de sol composites HDPE de longue dur\u00e9e pour la d\u00e9fense des sols, cr\u00e9\u00e9s pour d\u00e9velopper des voies d'acc\u00e8s et des plates-formes de travail s\u00fbres et sans risque. Ces rev\u00eatements de sol durables sont dot\u00e9s d'une surface textur\u00e9e antid\u00e9rapante pour une adh\u00e9rence remarquable, emp\u00eachant les v\u00e9hicules et les outils de s'enfoncer ou de glisser sur un sol mou ou irr\u00e9gulier. Fabriqu\u00e9s en poly\u00e9thyl\u00e8ne haute densit\u00e9, ils sont l\u00e9gers, r\u00e9sistants aux intemp\u00e9ries et recyclables, ce qui garantit une efficacit\u00e9 durable dans les secteurs du b\u00e2timent, de l'\u00e9nergie et de l'\u00e9v\u00e9nementiel. Faciles \u00e0 monter et \u00e0 d\u00e9placer, ces tapis prot\u00e8gent efficacement le gazon, la terre et les surfaces lisses tout en supportant de lourdes charges dans des environnements difficiles.<\/p>","protected":false},"excerpt":{"rendered":"<p>Les tapis de protection du sol en PEHD tr\u00e8s r\u00e9sistants offrent des voies d'acc\u00e8s et des plates-formes de travail stables et antid\u00e9rapantes. Durables, l\u00e9gers et r\u00e9utilisables pour la construction et l'industrie.<\/p>","protected":false},"featured_media":1982,"template":"","meta":{"_gspb_post_css":""},"product_brand":[],"product_cat":[24,25],"product_tag":[72,366,367],"class_list":{"0":"post-1976","1":"product","2":"type-product","3":"status-publish","4":"has-post-thumbnail","6":"product_cat-ground-protection-road-mats","7":"product_cat-quick-mats","8":"product_tag-ground-protection-mats","9":"product_tag-hdpe-access-roads","10":"product_tag-heavy-duty-floor-mats","12":"first","13":"instock","14":"shipping-taxable","15":"product-type-simple"},"_links":{"self":[{"href":"https:\/\/uhmwpemanufacture.com\/fr\/wp-json\/wp\/v2\/product\/1976","targetHints":{"allow":["GET"]}}],"collection":[{"href":"https:\/\/uhmwpemanufacture.com\/fr\/wp-json\/wp\/v2\/product"}],"about":[{"href":"https:\/\/uhmwpemanufacture.com\/fr\/wp-json\/wp\/v2\/types\/product"}],"wp:featuredmedia":[{"embeddable":true,"href":"https:\/\/uhmwpemanufacture.com\/fr\/wp-json\/wp\/v2\/media\/1982"}],"wp:attachment":[{"href":"https:\/\/uhmwpemanufacture.com\/fr\/wp-json\/wp\/v2\/media?parent=1976"}],"wp:term":[{"taxonomy":"product_brand","embeddable":true,"href":"https:\/\/uhmwpemanufacture.com\/fr\/wp-json\/wp\/v2\/product_brand?post=1976"},{"taxonomy":"product_cat","embeddable":true,"href":"https:\/\/uhmwpemanufacture.com\/fr\/wp-json\/wp\/v2\/product_cat?post=1976"},{"taxonomy":"product_tag","embeddable":true,"href":"https:\/\/uhmwpemanufacture.com\/fr\/wp-json\/wp\/v2\/product_tag?post=1976"}],"curies":[{"name":"wp","href":"https:\/\/api.w.org\/{rel}","templated":true}]}}