{"id":1983,"date":"2025-10-10T07:55:43","date_gmt":"2025-10-10T07:55:43","guid":{"rendered":"https:\/\/uhmwpemanufacture.com\/?post_type=product&#038;p=1983"},"modified":"2025-10-10T07:55:43","modified_gmt":"2025-10-10T07:55:43","slug":"base-mats-hdpe-road-plates-mats-grass-lawn-protection","status":"publish","type":"product","link":"https:\/\/uhmwpemanufacture.com\/fr\/base-mats-hdpe-road-plates-mats-grass-lawn-protection\/","title":{"rendered":"Tapis de base Plaques routi\u00e8res PEHD Tapis Protection de l'herbe et du gazon"},"content":{"rendered":"<h2>Tapis de base HDPE Plaques de chauss\u00e9e Tapis S\u00e9curit\u00e9 gazon et pelouse<\/h2>\n<p>Tapis de base en PEHD de premi\u00e8re qualit\u00e9 cr\u00e9\u00e9s pour la protection des routes, des cours et des terrains pendant les travaux de construction, les occasions ou l'utilisation d'\u00e9quipements lourds. Ces rev\u00eatements de sol pr\u00e9sentent une surface textur\u00e9e antid\u00e9rapante pour une adh\u00e9rence et une s\u00e9curit\u00e9 maximales. Fabriqu\u00e9s en poly\u00e9thyl\u00e8ne haute densit\u00e9 de longue dur\u00e9e, ils r\u00e9sistent aux effets, \u00e0 la corrosion et aux intemp\u00e9ries, garantissant ainsi une efficacit\u00e9 durable. L\u00e9gers mais solides, ils sont tr\u00e8s faciles \u00e0 installer, \u00e0 nettoyer et \u00e0 r\u00e9utiliser. Disponibles en plusieurs couleurs et tailles pour r\u00e9pondre \u00e0 de nombreuses applications, ces tapis offrent un acc\u00e8s s\u00e9curis\u00e9 au sol tout en prot\u00e9geant les surfaces fragiles contre les dommages et le compactage du sol.<\/p>","protected":false},"excerpt":{"rendered":"<p>Les tapis de base durables en HDPE assurent une protection fiable du sol, de l'herbe et de la pelouse. Antid\u00e9rapants, l\u00e9gers et r\u00e9utilisables, ils sont id\u00e9aux pour les routes, la construction et les \u00e9v\u00e9nements en plein air.<\/p>","protected":false},"featured_media":1984,"template":"","meta":{"_gspb_post_css":""},"product_brand":[],"product_cat":[24,26],"product_tag":[139,73,368],"class_list":{"0":"post-1983","1":"product","2":"type-product","3":"status-publish","4":"has-post-thumbnail","6":"product_cat-ground-protection-road-mats","7":"product_cat-base-mats","8":"product_tag-ground-protection","9":"product_tag-hdpe-road-mats","10":"product_tag-lawn-protection-mats","12":"first","13":"instock","14":"shipping-taxable","15":"product-type-simple"},"_links":{"self":[{"href":"https:\/\/uhmwpemanufacture.com\/fr\/wp-json\/wp\/v2\/product\/1983","targetHints":{"allow":["GET"]}}],"collection":[{"href":"https:\/\/uhmwpemanufacture.com\/fr\/wp-json\/wp\/v2\/product"}],"about":[{"href":"https:\/\/uhmwpemanufacture.com\/fr\/wp-json\/wp\/v2\/types\/product"}],"wp:featuredmedia":[{"embeddable":true,"href":"https:\/\/uhmwpemanufacture.com\/fr\/wp-json\/wp\/v2\/media\/1984"}],"wp:attachment":[{"href":"https:\/\/uhmwpemanufacture.com\/fr\/wp-json\/wp\/v2\/media?parent=1983"}],"wp:term":[{"taxonomy":"product_brand","embeddable":true,"href":"https:\/\/uhmwpemanufacture.com\/fr\/wp-json\/wp\/v2\/product_brand?post=1983"},{"taxonomy":"product_cat","embeddable":true,"href":"https:\/\/uhmwpemanufacture.com\/fr\/wp-json\/wp\/v2\/product_cat?post=1983"},{"taxonomy":"product_tag","embeddable":true,"href":"https:\/\/uhmwpemanufacture.com\/fr\/wp-json\/wp\/v2\/product_tag?post=1983"}],"curies":[{"name":"wp","href":"https:\/\/api.w.org\/{rel}","templated":true}]}}