{"id":1988,"date":"2025-10-10T07:59:13","date_gmt":"2025-10-10T07:59:13","guid":{"rendered":"https:\/\/uhmwpemanufacture.com\/?post_type=product&#038;p=1988"},"modified":"2025-10-10T07:59:13","modified_gmt":"2025-10-10T07:59:13","slug":"composite-construction-mats-ground-protection-mats-amphi-mat","status":"publish","type":"product","link":"https:\/\/uhmwpemanufacture.com\/fr\/composite-construction-mats-ground-protection-mats-amphi-mat\/","title":{"rendered":"Tapis de construction composite Tapis de protection du sol Amphi Mat"},"content":{"rendered":"<h2>Tapis de construction compos\u00e9 Tapis de d\u00e9fense du sol Amphi Mat<\/h2>\n<p>Rev\u00eatements de sol composites haute r\u00e9sistance pour le b\u00e2timent et la construction, con\u00e7us pour une meilleure d\u00e9fense du sol dans les applications de construction, industrielles et occasionnelles. Fabriqu\u00e9s \u00e0 partir d'un mat\u00e9riau HDPE durable, ces tapis comportent une surface antid\u00e9rapante de couleur rubis pour une meilleure adh\u00e9rence et une meilleure r\u00e9partition des charges. Adapt\u00e9s pour cr\u00e9er un acc\u00e8s stable et momentan\u00e9 aux routes et aux plates-formes de travail, ils prot\u00e8gent les pelouses, la salet\u00e9 et les surfaces d\u00e9licates contre les dommages caus\u00e9s par les \u00e9quipements lourds. L\u00e9gers, r\u00e9sistants aux intemp\u00e9ries et tr\u00e8s faciles \u00e0 monter, les tapis Amphi peuvent \u00eatre r\u00e9utilis\u00e9s plusieurs fois, ce qui leur conf\u00e8re une valeur et une efficacit\u00e9 durables dans les environnements difficiles. Ils sont disponibles en diff\u00e9rentes teintes et dimensions pour s'adapter aux diff\u00e9rentes exigences de travail.<\/p>","protected":false},"excerpt":{"rendered":"<p>Tapis de construction composite durable en HDPE pour une protection fiable du sol. La surface antid\u00e9rapante assure la stabilit\u00e9 des \u00e9quipements lourds sur tous les terrains. R\u00e9utilisables et faciles \u00e0 installer.<\/p>","protected":false},"featured_media":1992,"template":"","meta":{"_gspb_post_css":""},"product_brand":[],"product_cat":[24,28],"product_tag":[369,139,370],"class_list":{"0":"post-1988","1":"product","2":"type-product","3":"status-publish","4":"has-post-thumbnail","6":"product_cat-ground-protection-road-mats","7":"product_cat-amphi-mats","8":"product_tag-construction-mats","9":"product_tag-ground-protection","10":"product_tag-hdpe-amphi-mat","12":"first","13":"instock","14":"shipping-taxable","15":"product-type-simple"},"_links":{"self":[{"href":"https:\/\/uhmwpemanufacture.com\/fr\/wp-json\/wp\/v2\/product\/1988","targetHints":{"allow":["GET"]}}],"collection":[{"href":"https:\/\/uhmwpemanufacture.com\/fr\/wp-json\/wp\/v2\/product"}],"about":[{"href":"https:\/\/uhmwpemanufacture.com\/fr\/wp-json\/wp\/v2\/types\/product"}],"wp:featuredmedia":[{"embeddable":true,"href":"https:\/\/uhmwpemanufacture.com\/fr\/wp-json\/wp\/v2\/media\/1992"}],"wp:attachment":[{"href":"https:\/\/uhmwpemanufacture.com\/fr\/wp-json\/wp\/v2\/media?parent=1988"}],"wp:term":[{"taxonomy":"product_brand","embeddable":true,"href":"https:\/\/uhmwpemanufacture.com\/fr\/wp-json\/wp\/v2\/product_brand?post=1988"},{"taxonomy":"product_cat","embeddable":true,"href":"https:\/\/uhmwpemanufacture.com\/fr\/wp-json\/wp\/v2\/product_cat?post=1988"},{"taxonomy":"product_tag","embeddable":true,"href":"https:\/\/uhmwpemanufacture.com\/fr\/wp-json\/wp\/v2\/product_tag?post=1988"}],"curies":[{"name":"wp","href":"https:\/\/api.w.org\/{rel}","templated":true}]}}