{"id":1993,"date":"2025-10-10T08:04:12","date_gmt":"2025-10-10T08:04:12","guid":{"rendered":"https:\/\/uhmwpemanufacture.com\/?post_type=product&#038;p=1993"},"modified":"2025-10-10T08:04:12","modified_gmt":"2025-10-10T08:04:12","slug":"custom-hdpe-smooth-polyethylene-plastic-sheet-uhmwpe-sheets","status":"publish","type":"product","link":"https:\/\/uhmwpemanufacture.com\/fr\/custom-hdpe-smooth-polyethylene-plastic-sheet-uhmwpe-sheets\/","title":{"rendered":"Feuilles de plastique en poly\u00e9thyl\u00e8ne lisse HDPE sur mesure Feuilles UHMWPE"},"content":{"rendered":"<h2>Feuilles plastiques en poly\u00e9thyl\u00e8ne lisse HDPE sur mesure Feuilles UHMWPE<\/h2>\n<p>Feuilles HDPE et UHMWPE de qualit\u00e9 sup\u00e9rieure, con\u00e7ues pour offrir une robustesse, une r\u00e9sistance aux chocs et une s\u00e9curit\u00e9 chimique exceptionnelles. Ces feuilles de poly\u00e9thyl\u00e8ne lisses sont excellentes pour les applications commerciales, m\u00e9caniques et manufacturi\u00e8res o\u00f9 la solidit\u00e9 et la r\u00e9sistance \u00e0 l'usage sont essentielles. L\u00e9g\u00e8res mais exigeantes, elles se caract\u00e9risent par un faible frottement, une r\u00e9sistance \u00e0 la rouille et une usinabilit\u00e9 exceptionnelle. Elles conviennent pour les panneaux de r\u00e9duction, les rev\u00eatements et les composants de machines. Propos\u00e9s en diff\u00e9rentes couleurs, dimensions et \u00e9paisseurs pour r\u00e9pondre \u00e0 des exigences personnalis\u00e9es, ils garantissent une grande efficacit\u00e9 et une longue dur\u00e9e de vie dans divers contextes.<\/p>","protected":false},"excerpt":{"rendered":"<p>Feuilles de plastique lisse HDPE et UHMWPE de haute qualit\u00e9 pr\u00e9sentant une excellente r\u00e9sistance aux chocs, \u00e0 l'usure et \u00e0 la stabilit\u00e9 chimique. Id\u00e9ales pour les applications industrielles et m\u00e9caniques.<\/p>","protected":false},"featured_media":1997,"template":"","meta":{"_gspb_post_css":""},"product_brand":[],"product_cat":[15,17],"product_tag":[59,199,371],"class_list":{"0":"post-1993","1":"product","2":"type-product","3":"status-publish","4":"has-post-thumbnail","6":"product_cat-uhmwpe-hdpe-sheets-plates","7":"product_cat-uhmwpe-sheets","8":"product_tag-hdpe-sheet","9":"product_tag-polyethylene-board","10":"product_tag-uhmwpe-plastic","12":"first","13":"instock","14":"shipping-taxable","15":"product-type-simple"},"_links":{"self":[{"href":"https:\/\/uhmwpemanufacture.com\/fr\/wp-json\/wp\/v2\/product\/1993","targetHints":{"allow":["GET"]}}],"collection":[{"href":"https:\/\/uhmwpemanufacture.com\/fr\/wp-json\/wp\/v2\/product"}],"about":[{"href":"https:\/\/uhmwpemanufacture.com\/fr\/wp-json\/wp\/v2\/types\/product"}],"wp:featuredmedia":[{"embeddable":true,"href":"https:\/\/uhmwpemanufacture.com\/fr\/wp-json\/wp\/v2\/media\/1997"}],"wp:attachment":[{"href":"https:\/\/uhmwpemanufacture.com\/fr\/wp-json\/wp\/v2\/media?parent=1993"}],"wp:term":[{"taxonomy":"product_brand","embeddable":true,"href":"https:\/\/uhmwpemanufacture.com\/fr\/wp-json\/wp\/v2\/product_brand?post=1993"},{"taxonomy":"product_cat","embeddable":true,"href":"https:\/\/uhmwpemanufacture.com\/fr\/wp-json\/wp\/v2\/product_cat?post=1993"},{"taxonomy":"product_tag","embeddable":true,"href":"https:\/\/uhmwpemanufacture.com\/fr\/wp-json\/wp\/v2\/product_tag?post=1993"}],"curies":[{"name":"wp","href":"https:\/\/api.w.org\/{rel}","templated":true}]}}