{"id":2000,"date":"2025-10-10T10:45:18","date_gmt":"2025-10-10T10:45:18","guid":{"rendered":"https:\/\/uhmwpemanufacture.com\/?post_type=product&#038;p=2000"},"modified":"2025-10-10T10:45:18","modified_gmt":"2025-10-10T10:45:18","slug":"non-slippery-industrial-anti-fatigue-rubber-floor-mats","status":"publish","type":"product","link":"https:\/\/uhmwpemanufacture.com\/fr\/non-slippery-industrial-anti-fatigue-rubber-floor-mats\/","title":{"rendered":"Tapis de sol industriel anti-fatigue en caoutchouc antid\u00e9rapant"},"content":{"rendered":"<h2>Tapis de sol industriel antid\u00e9rapant en caoutchouc<\/h2>\n<p>Tapis de sol en caoutchouc antifatigue tr\u00e8s r\u00e9sistant, con\u00e7u pour les environnements industriels et les ateliers. La surface antid\u00e9rapante \u00e0 motif en losange offre une adh\u00e9rence et une s\u00e9curit\u00e9 sup\u00e9rieures, tandis que la construction en caoutchouc r\u00e9duit la fatigue des jambes et du dos pendant les longues heures de travail. Les bords biseaut\u00e9s jaunes am\u00e9liorent la visibilit\u00e9 et minimisent les risques de tr\u00e9buchement. Faciles \u00e0 nettoyer, r\u00e9sistants et insensibles \u00e0 l'huile, \u00e0 l'eau et aux produits chimiques, ces rev\u00eatements de sol offrent une commodit\u00e9 et une s\u00e9curit\u00e9 durables aux travailleurs dans les usines, les cha\u00eenes de montage et les lieux d'entretien.<\/p>","protected":false},"excerpt":{"rendered":"<p>Tapis anti-fatigue en caoutchouc durable avec une surface antid\u00e9rapante en forme de diamant et des bords de s\u00e9curit\u00e9 jaunes. Ils assurent le confort, r\u00e9duisent la fatigue et am\u00e9liorent la s\u00e9curit\u00e9 dans les zones industrielles et les ateliers.<\/p>","protected":false},"featured_media":2007,"template":"","meta":{"_gspb_post_css":""},"product_brand":[],"product_cat":[24,25],"product_tag":[373,374,375],"class_list":{"0":"post-2000","1":"product","2":"type-product","3":"status-publish","4":"has-post-thumbnail","6":"product_cat-ground-protection-road-mats","7":"product_cat-quick-mats","8":"product_tag-anti-fatigue-mats","9":"product_tag-industrial-flooring","10":"product_tag-rubber-safety-mats","12":"first","13":"instock","14":"shipping-taxable","15":"product-type-simple"},"_links":{"self":[{"href":"https:\/\/uhmwpemanufacture.com\/fr\/wp-json\/wp\/v2\/product\/2000","targetHints":{"allow":["GET"]}}],"collection":[{"href":"https:\/\/uhmwpemanufacture.com\/fr\/wp-json\/wp\/v2\/product"}],"about":[{"href":"https:\/\/uhmwpemanufacture.com\/fr\/wp-json\/wp\/v2\/types\/product"}],"wp:featuredmedia":[{"embeddable":true,"href":"https:\/\/uhmwpemanufacture.com\/fr\/wp-json\/wp\/v2\/media\/2007"}],"wp:attachment":[{"href":"https:\/\/uhmwpemanufacture.com\/fr\/wp-json\/wp\/v2\/media?parent=2000"}],"wp:term":[{"taxonomy":"product_brand","embeddable":true,"href":"https:\/\/uhmwpemanufacture.com\/fr\/wp-json\/wp\/v2\/product_brand?post=2000"},{"taxonomy":"product_cat","embeddable":true,"href":"https:\/\/uhmwpemanufacture.com\/fr\/wp-json\/wp\/v2\/product_cat?post=2000"},{"taxonomy":"product_tag","embeddable":true,"href":"https:\/\/uhmwpemanufacture.com\/fr\/wp-json\/wp\/v2\/product_tag?post=2000"}],"curies":[{"name":"wp","href":"https:\/\/api.w.org\/{rel}","templated":true}]}}