{"id":2001,"date":"2025-10-10T10:41:18","date_gmt":"2025-10-10T10:41:18","guid":{"rendered":"https:\/\/uhmwpemanufacture.com\/?post_type=product&#038;p=2001"},"modified":"2025-10-10T10:41:18","modified_gmt":"2025-10-10T10:41:18","slug":"interlocking-cribbing-blocks-anti-slip-uhmwpe-fender-pads","status":"publish","type":"product","link":"https:\/\/uhmwpemanufacture.com\/fr\/interlocking-cribbing-blocks-anti-slip-uhmwpe-fender-pads\/","title":{"rendered":"Blocs de criblage \u00e0 embo\u00eetement Blocs de d\u00e9fense antid\u00e9rapants en UHMWPE"},"content":{"rendered":"<h2>Blocs de criblage d'entrelacs Blocs de d\u00e9fense antid\u00e9rapants en UHMWPE<\/h2>\n<p>Blocs d'encastrement robustes et l\u00e9gers fabriqu\u00e9s \u00e0 partir d'un mat\u00e9riau UHMWPE de premi\u00e8re qualit\u00e9. Con\u00e7us avec une surface textur\u00e9e antid\u00e9rapante et un syst\u00e8me d'embo\u00eetement empilable pour une stabilit\u00e9 et une s\u00e9curit\u00e9 accrues lors du levage de charges lourdes, de la cicatrisation de v\u00e9hicules ou de la stabilisation de lots. Les teintes intenses renforcent la pr\u00e9sence, tandis que les gestions incorpor\u00e9es garantissent une manipulation et un transport faciles. Insensibles \u00e0 l'eau, \u00e0 l'huile et \u00e0 la corrosion, ces blocs offrent des performances r\u00e9sistantes pour les applications commerciales, aquatiques et d'urgence.<\/p>","protected":false},"excerpt":{"rendered":"<p>Blocs de criblage en UHMWPE \u00e0 embo\u00eetement avec surface antid\u00e9rapante et poign\u00e9es durables. L\u00e9gers, empilables et r\u00e9sistants \u00e0 l'eau, \u00e0 l'huile et \u00e0 la corrosion, ils assurent la s\u00e9curit\u00e9 et la stabilit\u00e9 des charges dans l'industrie et la marine.<\/p>","protected":false},"featured_media":2004,"template":"","meta":{"_gspb_post_css":""},"product_brand":[],"product_cat":[15,21],"product_tag":[65,372,258],"class_list":{"0":"post-2001","1":"product","2":"type-product","3":"status-publish","4":"has-post-thumbnail","6":"product_cat-uhmwpe-hdpe-sheets-plates","7":"product_cat-uhmwpe-fender-pads","8":"product_tag-cribbing-blocks","9":"product_tag-load-support","10":"product_tag-uhmwpe-pads","12":"first","13":"instock","14":"shipping-taxable","15":"product-type-simple"},"_links":{"self":[{"href":"https:\/\/uhmwpemanufacture.com\/fr\/wp-json\/wp\/v2\/product\/2001","targetHints":{"allow":["GET"]}}],"collection":[{"href":"https:\/\/uhmwpemanufacture.com\/fr\/wp-json\/wp\/v2\/product"}],"about":[{"href":"https:\/\/uhmwpemanufacture.com\/fr\/wp-json\/wp\/v2\/types\/product"}],"wp:featuredmedia":[{"embeddable":true,"href":"https:\/\/uhmwpemanufacture.com\/fr\/wp-json\/wp\/v2\/media\/2004"}],"wp:attachment":[{"href":"https:\/\/uhmwpemanufacture.com\/fr\/wp-json\/wp\/v2\/media?parent=2001"}],"wp:term":[{"taxonomy":"product_brand","embeddable":true,"href":"https:\/\/uhmwpemanufacture.com\/fr\/wp-json\/wp\/v2\/product_brand?post=2001"},{"taxonomy":"product_cat","embeddable":true,"href":"https:\/\/uhmwpemanufacture.com\/fr\/wp-json\/wp\/v2\/product_cat?post=2001"},{"taxonomy":"product_tag","embeddable":true,"href":"https:\/\/uhmwpemanufacture.com\/fr\/wp-json\/wp\/v2\/product_tag?post=2001"}],"curies":[{"name":"wp","href":"https:\/\/api.w.org\/{rel}","templated":true}]}}