{"id":2011,"date":"2025-10-10T10:52:03","date_gmt":"2025-10-10T10:52:03","guid":{"rendered":"https:\/\/uhmwpemanufacture.com\/?post_type=product&#038;p=2011"},"modified":"2025-10-10T10:52:03","modified_gmt":"2025-10-10T10:52:03","slug":"custom-pp-pe-plastic-products-mechanical-parts-manufacturers","status":"publish","type":"product","link":"https:\/\/uhmwpemanufacture.com\/fr\/custom-pp-pe-plastic-products-mechanical-parts-manufacturers\/","title":{"rendered":"Produits en plastique PP PE sur mesure Fabricants de pi\u00e8ces m\u00e9caniques"},"content":{"rendered":"<h2>Produits en plastique PP PE sur mesure Fabricants de pi\u00e8ces m\u00e9caniques<\/h2>\n<p>Pi\u00e8ces m\u00e9caniques en plastique personnalis\u00e9es de haute qualit\u00e9, fabriqu\u00e9es \u00e0 partir de produits PP et PE durables, cr\u00e9\u00e9es dans un souci de pr\u00e9cision, d'efficacit\u00e9 et d'int\u00e9grit\u00e9. Ces composants sont id\u00e9aux pour diff\u00e9rentes applications industrielles et m\u00e9caniques, car ils offrent une r\u00e9sistance \u00e0 l'usure, aux chocs et \u00e0 la d\u00e9t\u00e9rioration. Gr\u00e2ce \u00e0 des innovations de pointe en mati\u00e8re de moulage, nous fabriquons des pi\u00e8ces dans des formes, des tailles et des exigences personnalis\u00e9es pour r\u00e9pondre aux besoins d'un travail unique. L\u00e9g\u00e8res mais solides, ces pi\u00e8ces en plastique garantissent une longue dur\u00e9e de vie et une efficacit\u00e9 \u00e9conomique pour les secteurs de l'automobile, des machines et de la conception.<\/p>","protected":false},"excerpt":{"rendered":"<p class=\"sr-only\"><span style=\"font-size: 16px;\">Pi\u00e8ces m\u00e9caniques en plastique PP et PE sur mesure, con\u00e7ues pour la durabilit\u00e9, la pr\u00e9cision et la solidit\u00e9. Adapt\u00e9es \u00e0 l'automobile, aux machines et \u00e0 l'ing\u00e9nierie, elles offrent une excellente r\u00e9sistance \u00e0 l'usure, aux chocs et \u00e0 la corrosion. Fabriqu\u00e9es pour r\u00e9pondre efficacement aux exigences industrielles sp\u00e9cifiques.<\/span><\/p>","protected":false},"featured_media":2012,"template":"","meta":{"_gspb_post_css":""},"product_brand":[],"product_cat":[35],"product_tag":[378,376,377],"class_list":{"0":"post-2011","1":"product","2":"type-product","3":"status-publish","4":"has-post-thumbnail","6":"product_cat-pp-pe-products","7":"product_tag-mechanical-manufacturing","8":"product_tag-plastic-parts","9":"product_tag-pp-pe-components","11":"first","12":"instock","13":"shipping-taxable","14":"product-type-simple"},"_links":{"self":[{"href":"https:\/\/uhmwpemanufacture.com\/fr\/wp-json\/wp\/v2\/product\/2011","targetHints":{"allow":["GET"]}}],"collection":[{"href":"https:\/\/uhmwpemanufacture.com\/fr\/wp-json\/wp\/v2\/product"}],"about":[{"href":"https:\/\/uhmwpemanufacture.com\/fr\/wp-json\/wp\/v2\/types\/product"}],"wp:featuredmedia":[{"embeddable":true,"href":"https:\/\/uhmwpemanufacture.com\/fr\/wp-json\/wp\/v2\/media\/2012"}],"wp:attachment":[{"href":"https:\/\/uhmwpemanufacture.com\/fr\/wp-json\/wp\/v2\/media?parent=2011"}],"wp:term":[{"taxonomy":"product_brand","embeddable":true,"href":"https:\/\/uhmwpemanufacture.com\/fr\/wp-json\/wp\/v2\/product_brand?post=2011"},{"taxonomy":"product_cat","embeddable":true,"href":"https:\/\/uhmwpemanufacture.com\/fr\/wp-json\/wp\/v2\/product_cat?post=2011"},{"taxonomy":"product_tag","embeddable":true,"href":"https:\/\/uhmwpemanufacture.com\/fr\/wp-json\/wp\/v2\/product_tag?post=2011"}],"curies":[{"name":"wp","href":"https:\/\/api.w.org\/{rel}","templated":true}]}}