{"id":2017,"date":"2025-10-10T10:58:30","date_gmt":"2025-10-10T10:58:30","guid":{"rendered":"https:\/\/uhmwpemanufacture.com\/?post_type=product&#038;p=2017"},"modified":"2025-10-10T10:58:30","modified_gmt":"2025-10-10T10:58:30","slug":"custom-nylon-sheet-hard-plastic-sheet-manufacturers","status":"publish","type":"product","link":"https:\/\/uhmwpemanufacture.com\/fr\/custom-nylon-sheet-hard-plastic-sheet-manufacturers\/","title":{"rendered":"Fabricants de feuilles de nylon sur mesure et de feuilles de plastique dur"},"content":{"rendered":"<h2>Feuilles de nylon sur mesure Fabricants de feuilles de plastique dur<\/h2>\n<p>Feuilles de nylon personnalis\u00e9es de haute qualit\u00e9 cr\u00e9\u00e9es pour l'endurance, la r\u00e9sistance \u00e0 l'usure et la polyvalence dans les applications industrielles. Ces feuilles de plastique dur pr\u00e9sentent d'excellentes propri\u00e9t\u00e9s m\u00e9caniques r\u00e9sidentielles, \u00e0 savoir une grande r\u00e9sistance aux effets, un faible frottement et une r\u00e9sistance \u00e0 l'abrasion et aux produits chimiques. Disponibles dans de nombreuses couleurs et densit\u00e9s, elles sont excellentes pour une utilisation sur les roulements, les coussinets et les \u00e9l\u00e9ments architecturaux. Fabriqu\u00e9es avec pr\u00e9cision et uniformit\u00e9, nos feuilles de nylon offrent une durabilit\u00e9 \u00e0 long terme et peuvent \u00eatre facilement usin\u00e9es ou fabriqu\u00e9es pour r\u00e9pondre \u00e0 certaines exigences techniques. Elles conviennent aux march\u00e9s de l'automobile, de la marine et de la m\u00e9canique.<\/p>","protected":false},"excerpt":{"rendered":"<p class=\"sr-only\"><span style=\"font-size: 16px;\">Feuilles de plastique dur en nylon personnalis\u00e9es pr\u00e9sentant une grande solidit\u00e9, une r\u00e9sistance \u00e0 l'usure et une bonne usinabilit\u00e9. Id\u00e9ales pour les utilisations industrielles telles que les engrenages, les roulements et les pi\u00e8ces structurelles dans les applications automobiles et m\u00e9caniques. Disponibles en diff\u00e9rentes couleurs et tailles pour les besoins de l'ing\u00e9nierie de pr\u00e9cision.<\/span><\/p>","protected":false},"featured_media":2019,"template":"","meta":{"_gspb_post_css":""},"product_brand":[],"product_cat":[23],"product_tag":[380,381,379],"class_list":{"0":"post-2017","1":"product","2":"type-product","3":"status-publish","4":"has-post-thumbnail","6":"product_cat-nylon-sheets","7":"product_tag-hard-plastic","8":"product_tag-industrial-materials","9":"product_tag-nylon-sheets","11":"first","12":"instock","13":"shipping-taxable","14":"product-type-simple"},"_links":{"self":[{"href":"https:\/\/uhmwpemanufacture.com\/fr\/wp-json\/wp\/v2\/product\/2017","targetHints":{"allow":["GET"]}}],"collection":[{"href":"https:\/\/uhmwpemanufacture.com\/fr\/wp-json\/wp\/v2\/product"}],"about":[{"href":"https:\/\/uhmwpemanufacture.com\/fr\/wp-json\/wp\/v2\/types\/product"}],"wp:featuredmedia":[{"embeddable":true,"href":"https:\/\/uhmwpemanufacture.com\/fr\/wp-json\/wp\/v2\/media\/2019"}],"wp:attachment":[{"href":"https:\/\/uhmwpemanufacture.com\/fr\/wp-json\/wp\/v2\/media?parent=2017"}],"wp:term":[{"taxonomy":"product_brand","embeddable":true,"href":"https:\/\/uhmwpemanufacture.com\/fr\/wp-json\/wp\/v2\/product_brand?post=2017"},{"taxonomy":"product_cat","embeddable":true,"href":"https:\/\/uhmwpemanufacture.com\/fr\/wp-json\/wp\/v2\/product_cat?post=2017"},{"taxonomy":"product_tag","embeddable":true,"href":"https:\/\/uhmwpemanufacture.com\/fr\/wp-json\/wp\/v2\/product_tag?post=2017"}],"curies":[{"name":"wp","href":"https:\/\/api.w.org\/{rel}","templated":true}]}}