{"id":2024,"date":"2025-10-10T11:15:16","date_gmt":"2025-10-10T11:15:16","guid":{"rendered":"https:\/\/uhmwpemanufacture.com\/?post_type=product&#038;p=2024"},"modified":"2025-10-10T11:15:16","modified_gmt":"2025-10-10T11:15:16","slug":"customize-boron-uhmwpe-sheet-lead-boron-polyethylene-plate","status":"publish","type":"product","link":"https:\/\/uhmwpemanufacture.com\/fr\/customize-boron-uhmwpe-sheet-lead-boron-polyethylene-plate\/","title":{"rendered":"Personnaliser la feuille UHMWPE au bore Plaque de poly\u00e9thyl\u00e8ne au plomb et au bore"},"content":{"rendered":"<h2>Personnaliser la feuille UHMWPE au bore Plaque de poly\u00e9thyl\u00e8ne au plomb et au bore<\/h2>\n<p>Plaques UHMWPE \u00e0 haute densit\u00e9 de bore con\u00e7ues pour les applications de protection et de protection contre les rayonnements. Fabriqu\u00e9es en int\u00e9grant du poly\u00e9thyl\u00e8ne \u00e0 poids mol\u00e9culaire ultra-\u00e9lev\u00e9 avec des compos\u00e9s de bore ou de plomb, ces plaques offrent une r\u00e9sistance aux effets, une durabilit\u00e9 \u00e0 l'usure et une capacit\u00e9 d'absorption des neutrons remarquables. Elles conviennent aux installations nucl\u00e9aires, aux zones de radiations m\u00e9dicales et aux syst\u00e8mes de blindage industriels. Disponibles en diff\u00e9rentes \u00e9paisseurs, teintes et degr\u00e9s de bore, elles sont l\u00e9g\u00e8res, r\u00e9sistantes \u00e0 la corrosion et tr\u00e8s faciles \u00e0 fabriquer. Ils sont parfaits pour les solutions techniques personnalis\u00e9es exigeant une protection fiable contre les rayonnements et une efficacit\u00e9 durable.<\/p>","protected":false},"excerpt":{"rendered":"<p>Feuilles d'UHMWPE au bore sur mesure pr\u00e9sentant une grande solidit\u00e9, une r\u00e9sistance \u00e0 l'usure et un blindage contre les radiations. Id\u00e9ales pour les applications m\u00e9dicales, nucl\u00e9aires et de protection industrielle. L\u00e9g\u00e8res, durables et faciles \u00e0 usiner pour des besoins d'ing\u00e9nierie pr\u00e9cis.<\/p>","protected":false},"featured_media":2030,"template":"","meta":{"_gspb_post_css":""},"product_brand":[],"product_cat":[15],"product_tag":[382,260,56],"class_list":{"0":"post-2024","1":"product","2":"type-product","3":"status-publish","4":"has-post-thumbnail","6":"product_cat-uhmwpe-hdpe-sheets-plates","7":"product_tag-boron-polyethylene-plate","8":"product_tag-radiation-shielding","9":"product_tag-uhmwpe-sheet","11":"first","12":"instock","13":"shipping-taxable","14":"product-type-simple"},"_links":{"self":[{"href":"https:\/\/uhmwpemanufacture.com\/fr\/wp-json\/wp\/v2\/product\/2024","targetHints":{"allow":["GET"]}}],"collection":[{"href":"https:\/\/uhmwpemanufacture.com\/fr\/wp-json\/wp\/v2\/product"}],"about":[{"href":"https:\/\/uhmwpemanufacture.com\/fr\/wp-json\/wp\/v2\/types\/product"}],"wp:featuredmedia":[{"embeddable":true,"href":"https:\/\/uhmwpemanufacture.com\/fr\/wp-json\/wp\/v2\/media\/2030"}],"wp:attachment":[{"href":"https:\/\/uhmwpemanufacture.com\/fr\/wp-json\/wp\/v2\/media?parent=2024"}],"wp:term":[{"taxonomy":"product_brand","embeddable":true,"href":"https:\/\/uhmwpemanufacture.com\/fr\/wp-json\/wp\/v2\/product_brand?post=2024"},{"taxonomy":"product_cat","embeddable":true,"href":"https:\/\/uhmwpemanufacture.com\/fr\/wp-json\/wp\/v2\/product_cat?post=2024"},{"taxonomy":"product_tag","embeddable":true,"href":"https:\/\/uhmwpemanufacture.com\/fr\/wp-json\/wp\/v2\/product_tag?post=2024"}],"curies":[{"name":"wp","href":"https:\/\/api.w.org\/{rel}","templated":true}]}}