{"id":2031,"date":"2025-10-10T11:24:14","date_gmt":"2025-10-10T11:24:14","guid":{"rendered":"https:\/\/uhmwpemanufacture.com\/?post_type=product&#038;p=2031"},"modified":"2025-10-10T11:24:14","modified_gmt":"2025-10-10T11:24:14","slug":"ice-synthetic-panel-hdpe-uhmwpe-board-sheet-manufacturer","status":"publish","type":"product","link":"https:\/\/uhmwpemanufacture.com\/fr\/ice-synthetic-panel-hdpe-uhmwpe-board-sheet-manufacturer\/","title":{"rendered":"Panneau synth\u00e9tique pour glace Panneau HDPE Uhmwpe SHEET Fabricant"},"content":{"rendered":"<h2>Panneau synth\u00e9tique de glace Panneau HDPE UHMWPE Producteur de feuilles<\/h2>\n<p>Feuilles de PEHD et d'UHMWPE de haute qualit\u00e9 con\u00e7ues pour les patinoires, les ar\u00e8nes sportives et les applications industrielles. Ces panneaux de glace synth\u00e9tique pr\u00e9sentent une surface lisse, durable et \u00e0 faible frottement qui imite la vraie glace, offrant une r\u00e9sistance exceptionnelle au glissement et \u00e0 l'impact. Fabriqu\u00e9s en poly\u00e9thyl\u00e8ne \u00e0 tr\u00e8s haut poids mol\u00e9culaire, ils pr\u00e9sentent une r\u00e9sistance \u00e0 l'usure, une s\u00e9curit\u00e9 chimique et une r\u00e9sistance aux intemp\u00e9ries exceptionnelles. Id\u00e9ales pour les surfaces de patinage, les panneaux de s\u00e9curit\u00e9 et les rev\u00eatements commerciaux, ces feuilles sont faciles \u00e0 installer, \u00e0 conserver et \u00e0 adapter en termes de dimensions et d'\u00e9paisseur afin de r\u00e9pondre aux exigences de chaque t\u00e2che, tant \u00e0 l'int\u00e9rieur qu'\u00e0 l'ext\u00e9rieur.<\/p>","protected":false},"excerpt":{"rendered":"<p class=\"sr-only\"><span style=\"font-size: 16px;\">Les panneaux de glace synth\u00e9tique durables en HDPE et UHMWPE offrent une surface lisse et \u00e0 faible friction, id\u00e9ale pour le patinage et l'utilisation industrielle. R\u00e9sistantes \u00e0 l'usure, aux chocs et aux intemp\u00e9ries, ces plaques sont faciles \u00e0 installer, \u00e0 nettoyer et \u00e0 personnaliser pour des applications int\u00e9rieures et ext\u00e9rieures.<\/span><\/p>","protected":false},"featured_media":2032,"template":"","meta":{"_gspb_post_css":""},"product_brand":[],"product_cat":[29,32],"product_tag":[99,126,56],"class_list":{"0":"post-2031","1":"product","2":"type-product","3":"status-publish","4":"has-post-thumbnail","6":"product_cat-ice-rink-products","7":"product_cat-ice-synthetic-panels","8":"product_tag-hdpe-board","9":"product_tag-synthetic-ice-panels","10":"product_tag-uhmwpe-sheet","12":"first","13":"instock","14":"shipping-taxable","15":"product-type-simple"},"_links":{"self":[{"href":"https:\/\/uhmwpemanufacture.com\/fr\/wp-json\/wp\/v2\/product\/2031","targetHints":{"allow":["GET"]}}],"collection":[{"href":"https:\/\/uhmwpemanufacture.com\/fr\/wp-json\/wp\/v2\/product"}],"about":[{"href":"https:\/\/uhmwpemanufacture.com\/fr\/wp-json\/wp\/v2\/types\/product"}],"wp:featuredmedia":[{"embeddable":true,"href":"https:\/\/uhmwpemanufacture.com\/fr\/wp-json\/wp\/v2\/media\/2032"}],"wp:attachment":[{"href":"https:\/\/uhmwpemanufacture.com\/fr\/wp-json\/wp\/v2\/media?parent=2031"}],"wp:term":[{"taxonomy":"product_brand","embeddable":true,"href":"https:\/\/uhmwpemanufacture.com\/fr\/wp-json\/wp\/v2\/product_brand?post=2031"},{"taxonomy":"product_cat","embeddable":true,"href":"https:\/\/uhmwpemanufacture.com\/fr\/wp-json\/wp\/v2\/product_cat?post=2031"},{"taxonomy":"product_tag","embeddable":true,"href":"https:\/\/uhmwpemanufacture.com\/fr\/wp-json\/wp\/v2\/product_tag?post=2031"}],"curies":[{"name":"wp","href":"https:\/\/api.w.org\/{rel}","templated":true}]}}