{"id":2038,"date":"2025-10-10T11:27:30","date_gmt":"2025-10-10T11:27:30","guid":{"rendered":"https:\/\/uhmwpemanufacture.com\/?post_type=product&#038;p=2038"},"modified":"2025-10-10T11:27:30","modified_gmt":"2025-10-10T11:27:30","slug":"durable-lightweight-hockeyicerink-dasher-boards-factory","status":"publish","type":"product","link":"https:\/\/uhmwpemanufacture.com\/fr\/durable-lightweight-hockeyicerink-dasher-boards-factory\/","title":{"rendered":"Plaques de hockey (glace) l\u00e9g\u00e8res et durables Usine de fabrication de plaques de jeu"},"content":{"rendered":"<h2>Plaques de hockey (glace) l\u00e9g\u00e8res et durables Usine de plaques d'athl\u00e9tisme<\/h2>\n<p>Panneaux de d\u00e9limitation de patinoire de hockey haute performance fabriqu\u00e9s \u00e0 partir de produits HDPE et UHMWPE r\u00e9silients et l\u00e9gers. Con\u00e7ues pour \u00eatre robustes, adaptables et r\u00e9sister durablement aux influences, ces bandes permettent de d\u00e9limiter la patinoire en douceur, sans risque et avec une qualit\u00e9 professionnelle, \u00e0 l'int\u00e9rieur comme \u00e0 l'ext\u00e9rieur. La surface brillante assure une glisse exceptionnelle du palet, tandis que la conception durable r\u00e9siste \u00e0 la fracturation, \u00e0 l'humidit\u00e9 et aux variations de temp\u00e9rature. Faciles \u00e0 monter et \u00e0 entretenir, ils peuvent \u00eatre personnalis\u00e9s en termes de dimensions, de teintes et d'\u00e9paisseurs pour r\u00e9pondre aux exigences des patinoires professionnelles et de loisirs, ce qui les rend parfaits pour les centres d'activit\u00e9s sportives, les installations d'entra\u00eenement et les terrains de glace.<\/p>","protected":false},"excerpt":{"rendered":"<p>Planches de dames durables et l\u00e9g\u00e8res pour les patinoires de hockey, fabriqu\u00e9es en PEHD et en UHMWPE. Elles offrent une excellente r\u00e9sistance aux chocs, une bonne glisse du palet et une installation facile pour les patinoires int\u00e9rieures ou ext\u00e9rieures. Dimensions et couleurs personnalis\u00e9es disponibles pour un usage professionnel ou r\u00e9cr\u00e9atif.<\/p>","protected":false},"featured_media":2042,"template":"","meta":{"_gspb_post_css":""},"product_brand":[],"product_cat":[29,30],"product_tag":[81,356,383],"class_list":{"0":"post-2038","1":"product","2":"type-product","3":"status-publish","4":"has-post-thumbnail","6":"product_cat-ice-rink-products","7":"product_cat-hockey-ice-rink-dasher-boards","8":"product_tag-hockey-dasher-boards","9":"product_tag-ice-rink-panels","10":"product_tag-uhmwpe-boards","12":"first","13":"instock","14":"shipping-taxable","15":"product-type-simple"},"_links":{"self":[{"href":"https:\/\/uhmwpemanufacture.com\/fr\/wp-json\/wp\/v2\/product\/2038","targetHints":{"allow":["GET"]}}],"collection":[{"href":"https:\/\/uhmwpemanufacture.com\/fr\/wp-json\/wp\/v2\/product"}],"about":[{"href":"https:\/\/uhmwpemanufacture.com\/fr\/wp-json\/wp\/v2\/types\/product"}],"wp:featuredmedia":[{"embeddable":true,"href":"https:\/\/uhmwpemanufacture.com\/fr\/wp-json\/wp\/v2\/media\/2042"}],"wp:attachment":[{"href":"https:\/\/uhmwpemanufacture.com\/fr\/wp-json\/wp\/v2\/media?parent=2038"}],"wp:term":[{"taxonomy":"product_brand","embeddable":true,"href":"https:\/\/uhmwpemanufacture.com\/fr\/wp-json\/wp\/v2\/product_brand?post=2038"},{"taxonomy":"product_cat","embeddable":true,"href":"https:\/\/uhmwpemanufacture.com\/fr\/wp-json\/wp\/v2\/product_cat?post=2038"},{"taxonomy":"product_tag","embeddable":true,"href":"https:\/\/uhmwpemanufacture.com\/fr\/wp-json\/wp\/v2\/product_tag?post=2038"}],"curies":[{"name":"wp","href":"https:\/\/api.w.org\/{rel}","templated":true}]}}