{"id":2044,"date":"2025-10-10T12:36:13","date_gmt":"2025-10-10T12:36:13","guid":{"rendered":"https:\/\/uhmwpemanufacture.com\/?post_type=product&#038;p=2044"},"modified":"2025-10-10T12:36:13","modified_gmt":"2025-10-10T12:36:13","slug":"customized-polyethylene-floor-ball-dasher-boards-wholesale","status":"publish","type":"product","link":"https:\/\/uhmwpemanufacture.com\/fr\/customized-polyethylene-floor-ball-dasher-boards-wholesale\/","title":{"rendered":"Poly\u00e9thyl\u00e8ne sur mesure Planches d'entra\u00eenement \u00e0 la balle au sol Wholesale"},"content":{"rendered":"<h2>Planches de jeu de boules en poly\u00e9thyl\u00e8ne personnalis\u00e9es Wholesale<\/h2>\n<p>Les panneaux de dashers ronds en poly\u00e9thyl\u00e8ne sont con\u00e7us pour la durabilit\u00e9, la polyvalence et la s\u00e9curit\u00e9 des terrains d'activit\u00e9s sportives et des centres d'entra\u00eenement. Fabriqu\u00e9s \u00e0 partir de mat\u00e9riaux HDPE ou UHMWPE, ces panneaux offrent une surface lisse et r\u00e9sistante aux chocs qui garantit un rebond r\u00e9gulier de la sph\u00e8re et la protection des joueurs. L\u00e9gers mais solides, ils sont faciles \u00e0 monter, r\u00e9sistent aux intemp\u00e9ries et conviennent aussi bien \u00e0 l'int\u00e9rieur qu'\u00e0 l'ext\u00e9rieur. Propos\u00e9es dans des dimensions, des teintes et des designs personnalis\u00e9s pour s'adapter \u00e0 certains types de patinoires ou de terrains, ces plaques sont id\u00e9ales pour les experts du floorball, l'entra\u00eenement au hockey et les applications sportives polyvalentes.<\/p>","protected":false},"excerpt":{"rendered":"<p>Panneaux de dashers durables en poly\u00e9thyl\u00e8ne con\u00e7us pour les stades et les centres d'entra\u00eenement. Fabriqu\u00e9s en HDPE ou UHMWPE, ils offrent une r\u00e9sistance aux chocs, un rebond en douceur et une installation facile pour une utilisation en int\u00e9rieur et en ext\u00e9rieur. Des tailles et des conceptions personnalis\u00e9es sont disponibles pour les applications professionnelles.<\/p>","protected":false},"featured_media":2052,"template":"","meta":{"_gspb_post_css":""},"product_brand":[],"product_cat":[29,33],"product_tag":[248,82,385],"class_list":{"0":"post-2044","1":"product","2":"type-product","3":"status-publish","4":"has-post-thumbnail","6":"product_cat-ice-rink-products","7":"product_cat-floor-ball-dasher-boards","8":"product_tag-floorball-dasher-boards","9":"product_tag-polyethylene-boards","10":"product_tag-sports-equipment","12":"first","13":"instock","14":"shipping-taxable","15":"product-type-simple"},"_links":{"self":[{"href":"https:\/\/uhmwpemanufacture.com\/fr\/wp-json\/wp\/v2\/product\/2044","targetHints":{"allow":["GET"]}}],"collection":[{"href":"https:\/\/uhmwpemanufacture.com\/fr\/wp-json\/wp\/v2\/product"}],"about":[{"href":"https:\/\/uhmwpemanufacture.com\/fr\/wp-json\/wp\/v2\/types\/product"}],"wp:featuredmedia":[{"embeddable":true,"href":"https:\/\/uhmwpemanufacture.com\/fr\/wp-json\/wp\/v2\/media\/2052"}],"wp:attachment":[{"href":"https:\/\/uhmwpemanufacture.com\/fr\/wp-json\/wp\/v2\/media?parent=2044"}],"wp:term":[{"taxonomy":"product_brand","embeddable":true,"href":"https:\/\/uhmwpemanufacture.com\/fr\/wp-json\/wp\/v2\/product_brand?post=2044"},{"taxonomy":"product_cat","embeddable":true,"href":"https:\/\/uhmwpemanufacture.com\/fr\/wp-json\/wp\/v2\/product_cat?post=2044"},{"taxonomy":"product_tag","embeddable":true,"href":"https:\/\/uhmwpemanufacture.com\/fr\/wp-json\/wp\/v2\/product_tag?post=2044"}],"curies":[{"name":"wp","href":"https:\/\/api.w.org\/{rel}","templated":true}]}}