{"id":2073,"date":"2025-10-11T01:46:23","date_gmt":"2025-10-11T01:46:23","guid":{"rendered":"https:\/\/uhmwpemanufacture.com\/?post_type=product&#038;p=2073"},"modified":"2025-10-11T01:46:23","modified_gmt":"2025-10-11T01:46:23","slug":"truck-jack-leg-stabilizer-pad-bigfoot-crane-outrigger-pads","status":"publish","type":"product","link":"https:\/\/uhmwpemanufacture.com\/fr\/truck-jack-leg-stabilizer-pad-bigfoot-crane-outrigger-pads\/","title":{"rendered":"Coussin stabilisateur de jambe de cric de camion Bigfoot Crane outrigger pads"},"content":{"rendered":"<h2 id=\"vehicle-jack-leg-stabilizer-pad-bigfoot-crane-outrigger-pads\">Coussin de stabilisation de jambe de cric de v\u00e9hicule Coussin de stabilisateur de grue Bigfoot<\/h2>\n<p>Ces tampons stabilisateurs noirs et durables offrent une base solide pour les crics de camion et les stabilisateurs de grue. Disponibles dans des formes rondes et rectangulaires, ils comprennent une corde de gestion sans probl\u00e8me avec des poign\u00e9es respectueuses de l'environnement pour une portabilit\u00e9 et une mise en place ais\u00e9es. Con\u00e7us pour une utilisation robuste, ils permettent de r\u00e9partir le poids de mani\u00e8re \u00e9gale, am\u00e9liorant ainsi la stabilit\u00e9 et la s\u00e9curit\u00e9 lors des op\u00e9rations de levage. Leur construction robuste garantit des performances durables dans divers environnements difficiles.<\/p>","protected":false},"excerpt":{"rendered":"<p>Ces tampons stabilisateurs noirs et durables constituent une base solide pour les crics de camion et les tampons de grue. Disponibles en formes rondes et rectangulaires, ils sont dot\u00e9s de poign\u00e9es en corde pratiques avec des poign\u00e9es vertes pour faciliter leur transport. Con\u00e7us pour un usage intensif, ils am\u00e9liorent la stabilit\u00e9 et la s\u00e9curit\u00e9 pendant les op\u00e9rations de levage gr\u00e2ce \u00e0 leur construction robuste.<\/p>","protected":false},"featured_media":2086,"template":"","meta":{"_gspb_post_css":""},"product_brand":[],"product_cat":[15,20],"product_tag":[388,256,387],"class_list":{"0":"post-2073","1":"product","2":"type-product","3":"status-publish","4":"has-post-thumbnail","6":"product_cat-uhmwpe-hdpe-sheets-plates","7":"product_cat-crane-outrigger-pads","8":"product_tag-crane-accessories","9":"product_tag-outrigger-pads","10":"product_tag-stabilizer-pads","12":"first","13":"instock","14":"shipping-taxable","15":"product-type-simple"},"_links":{"self":[{"href":"https:\/\/uhmwpemanufacture.com\/fr\/wp-json\/wp\/v2\/product\/2073","targetHints":{"allow":["GET"]}}],"collection":[{"href":"https:\/\/uhmwpemanufacture.com\/fr\/wp-json\/wp\/v2\/product"}],"about":[{"href":"https:\/\/uhmwpemanufacture.com\/fr\/wp-json\/wp\/v2\/types\/product"}],"wp:featuredmedia":[{"embeddable":true,"href":"https:\/\/uhmwpemanufacture.com\/fr\/wp-json\/wp\/v2\/media\/2086"}],"wp:attachment":[{"href":"https:\/\/uhmwpemanufacture.com\/fr\/wp-json\/wp\/v2\/media?parent=2073"}],"wp:term":[{"taxonomy":"product_brand","embeddable":true,"href":"https:\/\/uhmwpemanufacture.com\/fr\/wp-json\/wp\/v2\/product_brand?post=2073"},{"taxonomy":"product_cat","embeddable":true,"href":"https:\/\/uhmwpemanufacture.com\/fr\/wp-json\/wp\/v2\/product_cat?post=2073"},{"taxonomy":"product_tag","embeddable":true,"href":"https:\/\/uhmwpemanufacture.com\/fr\/wp-json\/wp\/v2\/product_tag?post=2073"}],"curies":[{"name":"wp","href":"https:\/\/api.w.org\/{rel}","templated":true}]}}