{"id":2087,"date":"2025-10-11T01:52:12","date_gmt":"2025-10-11T01:52:12","guid":{"rendered":"https:\/\/uhmwpemanufacture.com\/?post_type=product&#038;p=2087"},"modified":"2025-10-11T01:52:12","modified_gmt":"2025-10-11T01:52:12","slug":"customizable-coal-bunker-limit-plate-sheet-manufacturer","status":"publish","type":"product","link":"https:\/\/uhmwpemanufacture.com\/fr\/customizable-coal-bunker-limit-plate-sheet-manufacturer\/","title":{"rendered":"Plaque de limite de soute \u00e0 charbon personnalisable Fabricant de plaque de limite de soute \u00e0 charbon"},"content":{"rendered":"<h2 id=\"personalized-coal-bunker-limit-plate-sheet-producer\">Plaque de limite de charbon personnalis\u00e9e Bunker Sheet Producer<\/h2>\n<p>Ces images pr\u00e9sentent des piles de t\u00f4les robustes et r\u00e9sistantes, adapt\u00e9es \u00e0 diff\u00e9rentes applications industrielles, y compris les plaques de limitation des soutes \u00e0 charbon. Les t\u00f4les sont disponibles dans diff\u00e9rentes finitions, allant d'un aspect m\u00e9tallique brut \u00e0 un aspect plus sombre, potentiellement enduit ou oxyd\u00e9, ce qui indique la polyvalence du mat\u00e9riau et de la th\u00e9rapie. Elles sont pr\u00e9sent\u00e9es sur des palettes en bois simples, ce qui indique qu'elles attendent d'\u00eatre transport\u00e9es ou stock\u00e9es en vrac. L'\u00e9paisseur et la solidit\u00e9 de ces feuilles sugg\u00e8rent une r\u00e9silience et une r\u00e9sistance \u00e9lev\u00e9es, essentielles pour les environnements exigeants tels que les soutes \u00e0 charbon, o\u00f9 elles serviraient certainement \u00e0 manipuler et \u00e0 contenir des mat\u00e9riaux en vrac avec succ\u00e8s. Leur nature personnalisable permet d'obtenir certaines dimensions et certains types de produits pour r\u00e9pondre \u00e0 des besoins commerciaux vari\u00e9s.<\/p>","protected":false},"excerpt":{"rendered":"<p>Feuilles durables et r\u00e9sistantes, id\u00e9ales pour les plaques limites personnalisables des soutes \u00e0 charbon. Disponibles en diff\u00e9rentes finitions, ces plaques robustes sont con\u00e7ues pour des applications industrielles. Leur r\u00e9sistance et leur \u00e9paisseur garantissent une gestion et un confinement efficaces des mat\u00e9riaux, offrant des performances fiables dans des environnements exigeants.<\/p>","protected":false},"featured_media":2089,"template":"","meta":{"_gspb_post_css":""},"product_brand":[],"product_cat":[15,22],"product_tag":[389,391,390],"class_list":{"0":"post-2087","1":"product","2":"type-product","3":"status-publish","4":"has-post-thumbnail","6":"product_cat-uhmwpe-hdpe-sheets-plates","7":"product_cat-coal-bunker-limit-plates","8":"product_tag-coal-bunker","9":"product_tag-industrial-sheets","10":"product_tag-limit-plate","12":"first","13":"instock","14":"shipping-taxable","15":"product-type-simple"},"_links":{"self":[{"href":"https:\/\/uhmwpemanufacture.com\/fr\/wp-json\/wp\/v2\/product\/2087","targetHints":{"allow":["GET"]}}],"collection":[{"href":"https:\/\/uhmwpemanufacture.com\/fr\/wp-json\/wp\/v2\/product"}],"about":[{"href":"https:\/\/uhmwpemanufacture.com\/fr\/wp-json\/wp\/v2\/types\/product"}],"wp:featuredmedia":[{"embeddable":true,"href":"https:\/\/uhmwpemanufacture.com\/fr\/wp-json\/wp\/v2\/media\/2089"}],"wp:attachment":[{"href":"https:\/\/uhmwpemanufacture.com\/fr\/wp-json\/wp\/v2\/media?parent=2087"}],"wp:term":[{"taxonomy":"product_brand","embeddable":true,"href":"https:\/\/uhmwpemanufacture.com\/fr\/wp-json\/wp\/v2\/product_brand?post=2087"},{"taxonomy":"product_cat","embeddable":true,"href":"https:\/\/uhmwpemanufacture.com\/fr\/wp-json\/wp\/v2\/product_cat?post=2087"},{"taxonomy":"product_tag","embeddable":true,"href":"https:\/\/uhmwpemanufacture.com\/fr\/wp-json\/wp\/v2\/product_tag?post=2087"}],"curies":[{"name":"wp","href":"https:\/\/api.w.org\/{rel}","templated":true}]}}