{"id":2090,"date":"2025-10-11T01:55:51","date_gmt":"2025-10-11T01:55:51","guid":{"rendered":"https:\/\/uhmwpemanufacture.com\/?post_type=product&#038;p=2090"},"modified":"2025-10-11T01:55:51","modified_gmt":"2025-10-11T01:55:51","slug":"ground-protection-mats-interlock-hdpe-composite-dura-base","status":"publish","type":"product","link":"https:\/\/uhmwpemanufacture.com\/fr\/ground-protection-mats-interlock-hdpe-composite-dura-base\/","title":{"rendered":"Tapis de protection du sol Interlock HDPE Composite Dura Base"},"content":{"rendered":"<h2 id=\"ground-defense-mats-interlock-hdpe-compound-dura-base\">Ground Defense Mats Interlock HDPE Compound Dura Base<\/h2>\n<p>Les photos montrent des tapis de protection du sol robustes, parfaits pour am\u00e9nager des routes temporaires ou des surfaces de travail stables sur des terrains difficiles. L'une des images montre un certain nombre de tapis dispos\u00e9s de mani\u00e8re \u00e0 former un parcours solide pour les \u00e9quipements lourds, tels qu'un v\u00e9hicule surbaiss\u00e9, sur un site de construction en pente. Cela d\u00e9montre leur capacit\u00e9 \u00e0 emp\u00eacher les outils de s'enliser et \u00e0 prot\u00e9ger le sol sous-jacent. La deuxi\u00e8me photo pr\u00e9sente une vue claire et isol\u00e9e d'un seul rev\u00eatement de sol, mettant en \u00e9vidence sa surface antid\u00e9rapante \u00e0 motif rubis. Ces tapis sont fabriqu\u00e9s \u00e0 partir d'un mat\u00e9riau composite HDPE \u00e0 embo\u00eetement, ce qui les rend \u00e0 la fois solides et l\u00e9gers. Leur style d'embo\u00eetement assure une surface s\u00fbre et constante, tandis que la qualit\u00e9 Dura Base garantit une efficacit\u00e9 r\u00e9siliente dans les environnements recherch\u00e9s.<\/p>","protected":false},"excerpt":{"rendered":"<p>Ces tapis de protection du sol en composite HDPE \u00e0 embo\u00eetement cr\u00e9ent des voies de circulation et des surfaces de travail temporaires durables. Leur motif en losange textur\u00e9 et antid\u00e9rapant assure la stabilit\u00e9 des machines lourdes sur les terrains difficiles, emp\u00eachant l'\u00e9quipement de s'enliser. L\u00e9gers et solides, ces tapis Dura Base offrent une performance et une protection du sol durables.<\/p>","protected":false},"featured_media":2093,"template":"","meta":{"_gspb_post_css":""},"product_brand":[],"product_cat":[24,26,27],"product_tag":[394,392,393],"class_list":{"0":"post-2090","1":"product","2":"type-product","3":"status-publish","4":"has-post-thumbnail","6":"product_cat-ground-protection-road-mats","7":"product_cat-base-mats","8":"product_cat-dura-mats","9":"product_tag-dura-base","10":"product_tag-ground-mats","11":"product_tag-hdpe-mats","13":"first","14":"instock","15":"shipping-taxable","16":"product-type-simple"},"_links":{"self":[{"href":"https:\/\/uhmwpemanufacture.com\/fr\/wp-json\/wp\/v2\/product\/2090","targetHints":{"allow":["GET"]}}],"collection":[{"href":"https:\/\/uhmwpemanufacture.com\/fr\/wp-json\/wp\/v2\/product"}],"about":[{"href":"https:\/\/uhmwpemanufacture.com\/fr\/wp-json\/wp\/v2\/types\/product"}],"wp:featuredmedia":[{"embeddable":true,"href":"https:\/\/uhmwpemanufacture.com\/fr\/wp-json\/wp\/v2\/media\/2093"}],"wp:attachment":[{"href":"https:\/\/uhmwpemanufacture.com\/fr\/wp-json\/wp\/v2\/media?parent=2090"}],"wp:term":[{"taxonomy":"product_brand","embeddable":true,"href":"https:\/\/uhmwpemanufacture.com\/fr\/wp-json\/wp\/v2\/product_brand?post=2090"},{"taxonomy":"product_cat","embeddable":true,"href":"https:\/\/uhmwpemanufacture.com\/fr\/wp-json\/wp\/v2\/product_cat?post=2090"},{"taxonomy":"product_tag","embeddable":true,"href":"https:\/\/uhmwpemanufacture.com\/fr\/wp-json\/wp\/v2\/product_tag?post=2090"}],"curies":[{"name":"wp","href":"https:\/\/api.w.org\/{rel}","templated":true}]}}