{"id":2095,"date":"2025-10-11T02:02:59","date_gmt":"2025-10-11T02:02:59","guid":{"rendered":"https:\/\/uhmwpemanufacture.com\/?post_type=product&#038;p=2095"},"modified":"2025-10-11T02:02:59","modified_gmt":"2025-10-11T02:02:59","slug":"pure-virgin-plastic-uhmwpe-hdpe-pp-plastic-sheet-supplier","status":"publish","type":"product","link":"https:\/\/uhmwpemanufacture.com\/fr\/pure-virgin-plastic-uhmwpe-hdpe-pp-plastic-sheet-supplier\/","title":{"rendered":"Plastique vierge pur UHMWPE HDPE PP Plastic Sheet Supplier"},"content":{"rendered":"<h2 id=\"pure-virgin-plastic-uhmwpe-hdpe-pp-plastic-sheet-supplier\">Plastique vierge pur UHMWPE HDPE PP Plastic Sheet Supplier<\/h2>\n<p>Les images pr\u00e9sentent une vari\u00e9t\u00e9 vibrante de feuilles et de poteaux en plastique fabriqu\u00e9s \u00e0 partir d'UHMWPE, de HDPE et de PP purs et vierges. Ces articles en plastique de premier ordre sont disponibles dans une vari\u00e9t\u00e9 de couleurs (bleu, \u00e9cologique, rouge, noir et blanc), ce qui t\u00e9moigne de leur adaptabilit\u00e9 et de leur capacit\u00e9 \u00e0 \u00eatre utilis\u00e9s dans diverses applications. Les feuilles sont syst\u00e9matiquement d\u00e9coup\u00e9es en formes rectangulaires, empil\u00e9es proprement pour mettre en \u00e9vidence leur \u00e9paisseur r\u00e9guli\u00e8re et leur surface lisse. Les feuilles sont \u00e9galement accompagn\u00e9es de tiges cylindriques dans des tons comparables, ce qui d\u00e9montre la diversit\u00e9 des formes propos\u00e9es. Ces plastiques sont reconnus pour leur remarquable durabilit\u00e9, leur r\u00e9sistance aux produits chimiques et leurs propri\u00e9t\u00e9s r\u00e9sidentielles de frottement r\u00e9duit, ce qui les rend excellents pour un large \u00e9ventail d'utilisations industrielles et commerciales.<\/p>","protected":false},"excerpt":{"rendered":"<p>D\u00e9couvrez nos feuilles et b\u00e2tons de plastique UHMWPE, HDPE et PP vierges. Disponibles dans des couleurs vives, ces plastiques de haute qualit\u00e9 offrent une durabilit\u00e9 exceptionnelle, une r\u00e9sistance chimique et une faible friction. Elles sont id\u00e9ales pour diverses applications industrielles et commerciales n\u00e9cessitant des solutions mat\u00e9rielles fiables et polyvalentes.<\/p>","protected":false},"featured_media":2096,"template":"","meta":{"_gspb_post_css":""},"product_brand":[],"product_cat":[15,17],"product_tag":[397,395,396],"class_list":{"0":"post-2095","1":"product","2":"type-product","3":"status-publish","4":"has-post-thumbnail","6":"product_cat-uhmwpe-hdpe-sheets-plates","7":"product_cat-uhmwpe-sheets","8":"product_tag-hdpe","9":"product_tag-plastic-sheets","10":"product_tag-uhmwpe","12":"first","13":"instock","14":"shipping-taxable","15":"product-type-simple"},"_links":{"self":[{"href":"https:\/\/uhmwpemanufacture.com\/fr\/wp-json\/wp\/v2\/product\/2095","targetHints":{"allow":["GET"]}}],"collection":[{"href":"https:\/\/uhmwpemanufacture.com\/fr\/wp-json\/wp\/v2\/product"}],"about":[{"href":"https:\/\/uhmwpemanufacture.com\/fr\/wp-json\/wp\/v2\/types\/product"}],"wp:featuredmedia":[{"embeddable":true,"href":"https:\/\/uhmwpemanufacture.com\/fr\/wp-json\/wp\/v2\/media\/2096"}],"wp:attachment":[{"href":"https:\/\/uhmwpemanufacture.com\/fr\/wp-json\/wp\/v2\/media?parent=2095"}],"wp:term":[{"taxonomy":"product_brand","embeddable":true,"href":"https:\/\/uhmwpemanufacture.com\/fr\/wp-json\/wp\/v2\/product_brand?post=2095"},{"taxonomy":"product_cat","embeddable":true,"href":"https:\/\/uhmwpemanufacture.com\/fr\/wp-json\/wp\/v2\/product_cat?post=2095"},{"taxonomy":"product_tag","embeddable":true,"href":"https:\/\/uhmwpemanufacture.com\/fr\/wp-json\/wp\/v2\/product_tag?post=2095"}],"curies":[{"name":"wp","href":"https:\/\/api.w.org\/{rel}","templated":true}]}}