{"id":2102,"date":"2025-10-11T02:07:03","date_gmt":"2025-10-11T02:07:03","guid":{"rendered":"https:\/\/uhmwpemanufacture.com\/?post_type=product&#038;p=2102"},"modified":"2025-10-11T02:07:03","modified_gmt":"2025-10-11T02:07:03","slug":"heavy-duty-uhmwpe-cribbing-blocks-crane-outrigger-pads","status":"publish","type":"product","link":"https:\/\/uhmwpemanufacture.com\/fr\/heavy-duty-uhmwpe-cribbing-blocks-crane-outrigger-pads\/","title":{"rendered":"Blocs d'encastrement en UHMWPE tr\u00e8s r\u00e9sistants Coussinets pour grues et ponts roulants"},"content":{"rendered":"<h2 id=\"heavy-duty-uhmwpe-cribbing-blocks-crane-outrigger-pads\">Blocs d'encastrement en UHMWPE tr\u00e8s r\u00e9sistants Coussinets pour grues et ponts roulants<\/h2>\n<p>Les photos montrent des blocs de criblage noirs et durables, con\u00e7us pour des applications robustes. Ces blocs sont dot\u00e9s d'une surface sup\u00e9rieure antid\u00e9rapante distinctive, garantissant une prise et une s\u00e9curit\u00e9 maximales lorsqu'ils supportent des charges lourdes. Chaque bloc est \u00e9quip\u00e9 d'une corde orange r\u00e9sistante aux deux extr\u00e9mit\u00e9s, ce qui facilite le transport, la mise en place et la r\u00e9cup\u00e9ration. Leur forme rectangulaire et allong\u00e9e et leur construction solide les rendent aptes \u00e0 \u00eatre utilis\u00e9s comme patins de grue, offrant un soutien fiable et une bonne r\u00e9partition des charges sur diverses surfaces. Fabriqu\u00e9s en UHMWPE, ces blocs de criblage sont extr\u00eamement durables, insensibles aux effets, aux produits chimiques et \u00e0 l'humidit\u00e9, ce qui garantit une efficacit\u00e9 durable dans les environnements industriels et de construction les plus courants.<\/p>","protected":false},"excerpt":{"rendered":"<p>Ces blocs de criblage en UHMWPE tr\u00e8s r\u00e9sistants sont dot\u00e9s d'une surface textur\u00e9e antid\u00e9rapante et de robustes poign\u00e9es en corde pour une manipulation ais\u00e9e. Id\u00e9ales comme tampons pour les stabilisateurs de grues, elles offrent un soutien fiable et une r\u00e9partition uniforme de la charge. D'une durabilit\u00e9 exceptionnelle, ces blocs r\u00e9sistent aux chocs, aux produits chimiques et \u00e0 l'humidit\u00e9 pour une performance durable dans les environnements exigeants.<\/p>","protected":false},"featured_media":2107,"template":"","meta":{"_gspb_post_css":""},"product_brand":[],"product_cat":[15,21],"product_tag":[65,256,396],"class_list":{"0":"post-2102","1":"product","2":"type-product","3":"status-publish","4":"has-post-thumbnail","6":"product_cat-uhmwpe-hdpe-sheets-plates","7":"product_cat-uhmwpe-fender-pads","8":"product_tag-cribbing-blocks","9":"product_tag-outrigger-pads","10":"product_tag-uhmwpe","12":"first","13":"instock","14":"shipping-taxable","15":"product-type-simple"},"_links":{"self":[{"href":"https:\/\/uhmwpemanufacture.com\/fr\/wp-json\/wp\/v2\/product\/2102","targetHints":{"allow":["GET"]}}],"collection":[{"href":"https:\/\/uhmwpemanufacture.com\/fr\/wp-json\/wp\/v2\/product"}],"about":[{"href":"https:\/\/uhmwpemanufacture.com\/fr\/wp-json\/wp\/v2\/types\/product"}],"wp:featuredmedia":[{"embeddable":true,"href":"https:\/\/uhmwpemanufacture.com\/fr\/wp-json\/wp\/v2\/media\/2107"}],"wp:attachment":[{"href":"https:\/\/uhmwpemanufacture.com\/fr\/wp-json\/wp\/v2\/media?parent=2102"}],"wp:term":[{"taxonomy":"product_brand","embeddable":true,"href":"https:\/\/uhmwpemanufacture.com\/fr\/wp-json\/wp\/v2\/product_brand?post=2102"},{"taxonomy":"product_cat","embeddable":true,"href":"https:\/\/uhmwpemanufacture.com\/fr\/wp-json\/wp\/v2\/product_cat?post=2102"},{"taxonomy":"product_tag","embeddable":true,"href":"https:\/\/uhmwpemanufacture.com\/fr\/wp-json\/wp\/v2\/product_tag?post=2102"}],"curies":[{"name":"wp","href":"https:\/\/api.w.org\/{rel}","templated":true}]}}