{"id":2108,"date":"2025-10-11T02:10:09","date_gmt":"2025-10-11T02:10:09","guid":{"rendered":"https:\/\/uhmwpemanufacture.com\/?post_type=product&#038;p=2108"},"modified":"2025-10-11T02:10:09","modified_gmt":"2025-10-11T02:10:09","slug":"pp-pe-ring-gear-left-rotated-helical-gear-reducer-vendor","status":"publish","type":"product","link":"https:\/\/uhmwpemanufacture.com\/fr\/pp-pe-ring-gear-left-rotated-helical-gear-reducer-vendor\/","title":{"rendered":"R\u00e9ducteur \u00e0 engrenages h\u00e9lico\u00efdaux \u00e0 rotation gauche PP PE Vendeur"},"content":{"rendered":"<h2 id=\"pp-pe-ring-equipment-left-revolved-helical-gear-reducer-vendor\">PP PE Ring Equipment Left Revolved Helical Gear Reducer Vendor<\/h2>\n<p>Les photos montrent un engrenage h\u00e9lico\u00efdal bleu vif sp\u00e9cialement con\u00e7u, fabriqu\u00e9 \u00e0 partir de plastique PP ou PE de longue dur\u00e9e. Cet engrenage h\u00e9lico\u00efdal \u00e0 rotation gauche pr\u00e9sente une conception de couronne avec une naissance centrale, pleine de deux ouvertures de vis pour une installation s\u00e9curis\u00e9e. Les dents h\u00e9lico\u00efdales sont clairement visibles, ce qui indique son utilisation dans les syst\u00e8mes de r\u00e9duction d'engrenage o\u00f9 une transmission de puissance r\u00e9guli\u00e8re et fiable est essentielle. Sa couleur bleue distinctive le rend facilement reconnaissable, et sa construction en plastique sugg\u00e8re qu'il est l\u00e9ger, r\u00e9sistant \u00e0 la corrosion et appropri\u00e9 pour les applications o\u00f9 les engrenages m\u00e9talliques pourraient \u00eatre trop lourds ou sensibles \u00e0 l'utilisation de produits chimiques ou \u00e0 l'humidit\u00e9. Cet \u00e9quipement est un \u00e9l\u00e9ment optimal pour de nombreuses applications m\u00e9caniques n\u00e9cessitant une diminution de l'engrenage fiable et n\u00e9cessitant peu d'entretien.<\/p>","protected":false},"excerpt":{"rendered":"<p>Cette couronne h\u00e9lico\u00efdale bleue en PP\/PE \u00e0 rotation gauche est con\u00e7ue avec pr\u00e9cision pour les syst\u00e8mes de r\u00e9duction des vitesses. Dot\u00e9 d'un al\u00e9sage central et de trous de montage, il offre une transmission de puissance efficace et sans \u00e0-coups. L\u00e9ger, r\u00e9sistant \u00e0 la corrosion et durable, il est parfait pour diverses applications m\u00e9caniques n\u00e9cessitant des composants fiables et n\u00e9cessitant peu d'entretien.<\/p>","protected":false},"featured_media":2114,"template":"","meta":{"_gspb_post_css":""},"product_brand":[],"product_cat":[35],"product_tag":[400,398,399],"class_list":{"0":"post-2108","1":"product","2":"type-product","3":"status-publish","4":"has-post-thumbnail","6":"product_cat-pp-pe-products","7":"product_tag-gear-reducer","8":"product_tag-helical-gear","9":"product_tag-plastic-gear","11":"first","12":"instock","13":"shipping-taxable","14":"product-type-simple"},"_links":{"self":[{"href":"https:\/\/uhmwpemanufacture.com\/fr\/wp-json\/wp\/v2\/product\/2108","targetHints":{"allow":["GET"]}}],"collection":[{"href":"https:\/\/uhmwpemanufacture.com\/fr\/wp-json\/wp\/v2\/product"}],"about":[{"href":"https:\/\/uhmwpemanufacture.com\/fr\/wp-json\/wp\/v2\/types\/product"}],"wp:featuredmedia":[{"embeddable":true,"href":"https:\/\/uhmwpemanufacture.com\/fr\/wp-json\/wp\/v2\/media\/2114"}],"wp:attachment":[{"href":"https:\/\/uhmwpemanufacture.com\/fr\/wp-json\/wp\/v2\/media?parent=2108"}],"wp:term":[{"taxonomy":"product_brand","embeddable":true,"href":"https:\/\/uhmwpemanufacture.com\/fr\/wp-json\/wp\/v2\/product_brand?post=2108"},{"taxonomy":"product_cat","embeddable":true,"href":"https:\/\/uhmwpemanufacture.com\/fr\/wp-json\/wp\/v2\/product_cat?post=2108"},{"taxonomy":"product_tag","embeddable":true,"href":"https:\/\/uhmwpemanufacture.com\/fr\/wp-json\/wp\/v2\/product_tag?post=2108"}],"curies":[{"name":"wp","href":"https:\/\/api.w.org\/{rel}","templated":true}]}}