{"id":2115,"date":"2025-10-11T02:14:11","date_gmt":"2025-10-11T02:14:11","guid":{"rendered":"https:\/\/uhmwpemanufacture.com\/?post_type=product&#038;p=2115"},"modified":"2025-10-11T02:14:11","modified_gmt":"2025-10-11T02:14:11","slug":"nylon-sheet-plastic-polyethylene-hdpe-sheet-wholesaler","status":"publish","type":"product","link":"https:\/\/uhmwpemanufacture.com\/fr\/nylon-sheet-plastic-polyethylene-hdpe-sheet-wholesaler\/","title":{"rendered":"Feuille de nylon Plastique Poly\u00e9thyl\u00e8ne Feuille HDPE Grossiste"},"content":{"rendered":"<h2 id=\"nylon-sheet-plastic-polyethylene-hdpe-sheet-wholesaler\">Feuille de nylon Plastique Poly\u00e9thyl\u00e8ne Feuille HDPE Grossiste<\/h2>\n<p>Les photos pr\u00e9sentent une gamme vari\u00e9e de feuilles et de b\u00e2tonnets en plastique de qualit\u00e9 sup\u00e9rieure, mettant en \u00e9vidence leur flexibilit\u00e9 et leurs applications possibles. L'une des photos pr\u00e9sente une pile de feuilles carr\u00e9es de couleur rouge, \u00e9cologique, noire et blanche, montrant l'accessibilit\u00e9 de plusieurs couleurs et d'une surface homog\u00e8ne et lisse. La deuxi\u00e8me image va plus loin en montrant une plus grande vari\u00e9t\u00e9 de feuilles blanches et noires, ainsi que de nombreuses tiges rondes et de forme personnalis\u00e9e, compos\u00e9es d'une pile orange et rouge. Cette collection est optimale pour un distributeur sp\u00e9cialis\u00e9 dans les feuilles de nylon, de poly\u00e9thyl\u00e8ne et de PEHD. Ces mat\u00e9riaux sont r\u00e9put\u00e9s pour leur robustesse, leur r\u00e9sistance aux effets et leur flexibilit\u00e9, ce qui les rend appropri\u00e9s pour d'innombrables travaux commerciaux, d'entreprise et d'innovation.<\/p>","protected":false},"excerpt":{"rendered":"<p>Notre grossiste propose une gamme vari\u00e9e de feuilles et de barres de plastique en nylon, en poly\u00e9thyl\u00e8ne et en PEHD. Disponibles en diff\u00e9rentes couleurs et formes, ces mat\u00e9riaux durables et r\u00e9sistants aux chocs sont parfaits pour d'innombrables projets industriels, commerciaux et cr\u00e9atifs, offrant des solutions polyvalentes pour tous vos besoins en plastique.<\/p>","protected":false},"featured_media":2120,"template":"","meta":{"_gspb_post_css":""},"product_brand":[],"product_cat":[23],"product_tag":[397,401,395],"class_list":{"0":"post-2115","1":"product","2":"type-product","3":"status-publish","4":"has-post-thumbnail","6":"product_cat-nylon-sheets","7":"product_tag-hdpe","8":"product_tag-nylon","9":"product_tag-plastic-sheets","11":"first","12":"instock","13":"shipping-taxable","14":"product-type-simple"},"_links":{"self":[{"href":"https:\/\/uhmwpemanufacture.com\/fr\/wp-json\/wp\/v2\/product\/2115","targetHints":{"allow":["GET"]}}],"collection":[{"href":"https:\/\/uhmwpemanufacture.com\/fr\/wp-json\/wp\/v2\/product"}],"about":[{"href":"https:\/\/uhmwpemanufacture.com\/fr\/wp-json\/wp\/v2\/types\/product"}],"wp:featuredmedia":[{"embeddable":true,"href":"https:\/\/uhmwpemanufacture.com\/fr\/wp-json\/wp\/v2\/media\/2120"}],"wp:attachment":[{"href":"https:\/\/uhmwpemanufacture.com\/fr\/wp-json\/wp\/v2\/media?parent=2115"}],"wp:term":[{"taxonomy":"product_brand","embeddable":true,"href":"https:\/\/uhmwpemanufacture.com\/fr\/wp-json\/wp\/v2\/product_brand?post=2115"},{"taxonomy":"product_cat","embeddable":true,"href":"https:\/\/uhmwpemanufacture.com\/fr\/wp-json\/wp\/v2\/product_cat?post=2115"},{"taxonomy":"product_tag","embeddable":true,"href":"https:\/\/uhmwpemanufacture.com\/fr\/wp-json\/wp\/v2\/product_tag?post=2115"}],"curies":[{"name":"wp","href":"https:\/\/api.w.org\/{rel}","templated":true}]}}