{"id":2121,"date":"2025-10-11T02:22:13","date_gmt":"2025-10-11T02:22:13","guid":{"rendered":"https:\/\/uhmwpemanufacture.com\/?post_type=product&#038;p=2121"},"modified":"2025-10-11T02:22:13","modified_gmt":"2025-10-11T02:22:13","slug":"uhmwpe-sheet-lead-boron-polyethylene-plate-board-distributor","status":"publish","type":"product","link":"https:\/\/uhmwpemanufacture.com\/fr\/uhmwpe-sheet-lead-boron-polyethylene-plate-board-distributor\/","title":{"rendered":"UHMWPE Sheet Lead-Boron Polyethylene Plate Board Distributeur"},"content":{"rendered":"<h2 id=\"uhmwpe-sheet-lead-boron-polyethylene-plate-board-representative\">Feuille UHMWPE Plaque de poly\u00e9thyl\u00e8ne au plomb et au bore Repr\u00e9sentant du conseil d'administration<\/h2>\n<p>La photo montre une pile de feuilles \u00e9paisses de couleur fonc\u00e9e, probablement compos\u00e9es d'UHMWPE ou de poly\u00e9thyl\u00e8ne plomb-bore, suspendues sur une palette en bois dans une installation industrielle. Ces feuilles robustes pr\u00e9sentent des marques d'appareil visibles sur leurs c\u00f4t\u00e9s, ce qui indique qu'elles sont fra\u00eechement coup\u00e9es et pr\u00eates \u00e0 \u00eatre distribu\u00e9es ou \u00e0 subir d'autres transformations. Leur \u00e9paisseur substantielle et leur aspect solide recommandent une r\u00e9sistance extr\u00eame et une grande efficacit\u00e9 pour les applications exigeantes. Ces mat\u00e9riaux sont couramment utilis\u00e9s dans des atmosph\u00e8res exigeant une r\u00e9sistance exceptionnelle \u00e0 l'usure et aux chocs, ou dans certains b\u00e2timents de blindage, par exemple dans le domaine de la s\u00e9curit\u00e9 nucl\u00e9aire ou de la radioprotection. En tant que repr\u00e9sentant, ces feuilles offrent un service flexible pour divers travaux industriels durables et d'ing\u00e9nierie personnalis\u00e9e.<\/p>","protected":false},"excerpt":{"rendered":"<p>Plaques \u00e9paisses et fonc\u00e9es d'UHMWPE\/Poly\u00e9thyl\u00e8ne plomb-bore, fra\u00eechement coup\u00e9es et palettis\u00e9es. Ces plaques robustes offrent une durabilit\u00e9 extr\u00eame et des performances \u00e9lev\u00e9es pour les applications exigeantes. Id\u00e9ales pour la r\u00e9sistance \u00e0 l'usure, la r\u00e9sistance aux chocs ou le blindage sp\u00e9cialis\u00e9, elles offrent des solutions polyvalentes pour les projets industriels et d'ing\u00e9nierie.<\/p>","protected":false},"featured_media":2125,"template":"","meta":{"_gspb_post_css":""},"product_brand":[],"product_cat":[15,19],"product_tag":[307,402,396],"class_list":{"0":"post-2121","1":"product","2":"type-product","3":"status-publish","4":"has-post-thumbnail","6":"product_cat-uhmwpe-hdpe-sheets-plates","7":"product_cat-lead-boron-polyethylene-plates","8":"product_tag-lead-boron-plate","9":"product_tag-polyethylene-sheets","10":"product_tag-uhmwpe","12":"first","13":"instock","14":"shipping-taxable","15":"product-type-simple"},"_links":{"self":[{"href":"https:\/\/uhmwpemanufacture.com\/fr\/wp-json\/wp\/v2\/product\/2121","targetHints":{"allow":["GET"]}}],"collection":[{"href":"https:\/\/uhmwpemanufacture.com\/fr\/wp-json\/wp\/v2\/product"}],"about":[{"href":"https:\/\/uhmwpemanufacture.com\/fr\/wp-json\/wp\/v2\/types\/product"}],"wp:featuredmedia":[{"embeddable":true,"href":"https:\/\/uhmwpemanufacture.com\/fr\/wp-json\/wp\/v2\/media\/2125"}],"wp:attachment":[{"href":"https:\/\/uhmwpemanufacture.com\/fr\/wp-json\/wp\/v2\/media?parent=2121"}],"wp:term":[{"taxonomy":"product_brand","embeddable":true,"href":"https:\/\/uhmwpemanufacture.com\/fr\/wp-json\/wp\/v2\/product_brand?post=2121"},{"taxonomy":"product_cat","embeddable":true,"href":"https:\/\/uhmwpemanufacture.com\/fr\/wp-json\/wp\/v2\/product_cat?post=2121"},{"taxonomy":"product_tag","embeddable":true,"href":"https:\/\/uhmwpemanufacture.com\/fr\/wp-json\/wp\/v2\/product_tag?post=2121"}],"curies":[{"name":"wp","href":"https:\/\/api.w.org\/{rel}","templated":true}]}}