{"id":2126,"date":"2025-10-11T02:29:11","date_gmt":"2025-10-11T02:29:11","guid":{"rendered":"https:\/\/uhmwpemanufacture.com\/?post_type=product&#038;p=2126"},"modified":"2025-10-11T02:29:11","modified_gmt":"2025-10-11T02:29:11","slug":"custom-high-density-polyethylene-hdpe-board-wholesaler","status":"publish","type":"product","link":"https:\/\/uhmwpemanufacture.com\/fr\/custom-high-density-polyethylene-hdpe-board-wholesaler\/","title":{"rendered":"Grossiste en panneaux de poly\u00e9thyl\u00e8ne haute densit\u00e9 (HDPE) sur mesure"},"content":{"rendered":"<h2 id=\"personalized-high-density-polyethylene-hdpe-board-dealer\">Panneau personnalis\u00e9 en poly\u00e9thyl\u00e8ne haute densit\u00e9 (PEHD) Distributeur<\/h2>\n<p>Nous sommes l'un des principaux grossistes de panneaux personnalis\u00e9s en poly\u00e9thyl\u00e8ne haute densit\u00e9 (PEHD), offrant une vari\u00e9t\u00e9 de couleurs et de densit\u00e9s pour satisfaire vos besoins sp\u00e9cifiques. Nos feuilles et poteaux en PEHD sont reconnus pour leur r\u00e9silience exceptionnelle, leur r\u00e9sistance aux produits chimiques et leur adaptabilit\u00e9, ce qui les rend parfaits pour diverses applications industrielles et artisanales. Qu'il s'agisse de grands blocs blancs empil\u00e9s pr\u00eats \u00e0 \u00eatre raffin\u00e9s ou d'une vari\u00e9t\u00e9 de feuilles color\u00e9es et de poteaux cylindriques, nos articles sont con\u00e7us pour offrir une qualit\u00e9 et une efficacit\u00e9 optimales. Que vous demandiez des coupes personnalis\u00e9es ou des dimensions d\u00e9taill\u00e9es, nous vous proposons des options HDPE fiables et de haute qualit\u00e9 pour tous vos travaux.<\/p>","protected":false},"excerpt":{"rendered":"<p>Custom High Density Polyethylene (HDPE) Board Wholesaler propose une gamme vari\u00e9e de feuilles et de barres HDPE de diff\u00e9rentes couleurs et tailles. Nos produits sont durables, r\u00e9sistants aux produits chimiques et id\u00e9aux pour les applications industrielles et commerciales. Ils sont disponibles en blocs blancs en vrac ou en feuilles et barres color\u00e9es assorties.<\/p>","protected":false},"featured_media":2127,"template":"","meta":{"_gspb_post_css":""},"product_brand":[],"product_cat":[29,32],"product_tag":[404,405,403],"class_list":{"0":"post-2126","1":"product","2":"type-product","3":"status-publish","4":"has-post-thumbnail","6":"product_cat-ice-rink-products","7":"product_cat-ice-synthetic-panels","8":"product_tag-custom-plastic","9":"product_tag-plastic-wholesaler","10":"product_tag-polyethylene","12":"first","13":"instock","14":"shipping-taxable","15":"product-type-simple"},"_links":{"self":[{"href":"https:\/\/uhmwpemanufacture.com\/fr\/wp-json\/wp\/v2\/product\/2126","targetHints":{"allow":["GET"]}}],"collection":[{"href":"https:\/\/uhmwpemanufacture.com\/fr\/wp-json\/wp\/v2\/product"}],"about":[{"href":"https:\/\/uhmwpemanufacture.com\/fr\/wp-json\/wp\/v2\/types\/product"}],"wp:featuredmedia":[{"embeddable":true,"href":"https:\/\/uhmwpemanufacture.com\/fr\/wp-json\/wp\/v2\/media\/2127"}],"wp:attachment":[{"href":"https:\/\/uhmwpemanufacture.com\/fr\/wp-json\/wp\/v2\/media?parent=2126"}],"wp:term":[{"taxonomy":"product_brand","embeddable":true,"href":"https:\/\/uhmwpemanufacture.com\/fr\/wp-json\/wp\/v2\/product_brand?post=2126"},{"taxonomy":"product_cat","embeddable":true,"href":"https:\/\/uhmwpemanufacture.com\/fr\/wp-json\/wp\/v2\/product_cat?post=2126"},{"taxonomy":"product_tag","embeddable":true,"href":"https:\/\/uhmwpemanufacture.com\/fr\/wp-json\/wp\/v2\/product_tag?post=2126"}],"curies":[{"name":"wp","href":"https:\/\/api.w.org\/{rel}","templated":true}]}}