{"id":2132,"date":"2025-10-11T02:33:53","date_gmt":"2025-10-11T02:33:53","guid":{"rendered":"https:\/\/uhmwpemanufacture.com\/?post_type=product&#038;p=2132"},"modified":"2025-10-11T02:33:53","modified_gmt":"2025-10-11T02:33:53","slug":"hockeyicerink-dasher-boards-pe-hdpe-uhmwpe-plastic-sheet","status":"publish","type":"product","link":"https:\/\/uhmwpemanufacture.com\/fr\/hockeyicerink-dasher-boards-pe-hdpe-uhmwpe-plastic-sheet\/","title":{"rendered":"Hockey(Ice)Rink Dasher Boards PE HDPE UHMWPE Plastic Sheet"},"content":{"rendered":"<h2 id=\"hockey-ice-rink-dasher-boards-pe-hdpe-uhmwpe-plastic-sheet\">Hockey (Ice) Rink Dasher Boards PE HDPE UHMWPE Plastic Sheet<\/h2>\n<p>Nous nous concentrons sur des feuilles de plastique de haute qualit\u00e9, id\u00e9ales pour les tableaux de hockey et de patinoires, fabriqu\u00e9es \u00e0 partir de produits PE, PEHD et UHMWPE. Nos feuilles sont con\u00e7ues pour offrir une r\u00e9silience et une durabilit\u00e9 exceptionnelles, capables de r\u00e9sister aux exigences \u00e9lev\u00e9es des sports de glace. Disponibles dans une gamme de teintes dynamiques telles que le bleu, le rouge, le blanc, le noir et l'\u00e9cologique, ainsi que dans une gamme d'\u00e9paisseurs, ces feuilles de plastique garantissent une efficacit\u00e9 et une s\u00e9curit\u00e9 optimales pour tout type de patinoire. Que vous ayez besoin de panneaux robustes pour des terrains professionnels ou de services durables pour des patinoires de quartier, nos feuilles de plastique personnalis\u00e9es offrent une superbe r\u00e9sistance aux effets, un faible frottement et une qualit\u00e9 sup\u00e9rieure durable. Nous fournissons \u00e9galement des feuilles blanches conventionnelles en gros, pr\u00eates \u00e0 \u00eatre install\u00e9es ou personnalis\u00e9es.<\/p>","protected":false},"excerpt":{"rendered":"<p>Nos feuilles de plastique PE, PEHD et UHMWPE sont parfaites pour les tableaux de dames de hockey et de patinoires. Offrant une durabilit\u00e9 et une r\u00e9sistance aux chocs exceptionnelles, elles sont disponibles dans diff\u00e9rentes couleurs telles que le bleu, le rouge, le blanc, le noir et le vert, ce qui garantit des performances et une s\u00e9curit\u00e9 optimales pour toutes les patinoires.<\/p>","protected":false},"featured_media":2134,"template":"","meta":{"_gspb_post_css":""},"product_brand":[],"product_cat":[29,30],"product_tag":[406,407,408],"class_list":{"0":"post-2132","1":"product","2":"type-product","3":"status-publish","4":"has-post-thumbnail","6":"product_cat-ice-rink-products","7":"product_cat-hockey-ice-rink-dasher-boards","8":"product_tag-hockey-boards","9":"product_tag-ice-rink-plastic","10":"product_tag-uhmwpe-sheets","12":"first","13":"instock","14":"shipping-taxable","15":"product-type-simple"},"_links":{"self":[{"href":"https:\/\/uhmwpemanufacture.com\/fr\/wp-json\/wp\/v2\/product\/2132","targetHints":{"allow":["GET"]}}],"collection":[{"href":"https:\/\/uhmwpemanufacture.com\/fr\/wp-json\/wp\/v2\/product"}],"about":[{"href":"https:\/\/uhmwpemanufacture.com\/fr\/wp-json\/wp\/v2\/types\/product"}],"wp:featuredmedia":[{"embeddable":true,"href":"https:\/\/uhmwpemanufacture.com\/fr\/wp-json\/wp\/v2\/media\/2134"}],"wp:attachment":[{"href":"https:\/\/uhmwpemanufacture.com\/fr\/wp-json\/wp\/v2\/media?parent=2132"}],"wp:term":[{"taxonomy":"product_brand","embeddable":true,"href":"https:\/\/uhmwpemanufacture.com\/fr\/wp-json\/wp\/v2\/product_brand?post=2132"},{"taxonomy":"product_cat","embeddable":true,"href":"https:\/\/uhmwpemanufacture.com\/fr\/wp-json\/wp\/v2\/product_cat?post=2132"},{"taxonomy":"product_tag","embeddable":true,"href":"https:\/\/uhmwpemanufacture.com\/fr\/wp-json\/wp\/v2\/product_tag?post=2132"}],"curies":[{"name":"wp","href":"https:\/\/api.w.org\/{rel}","templated":true}]}}