{"id":2139,"date":"2025-10-11T02:37:58","date_gmt":"2025-10-11T02:37:58","guid":{"rendered":"https:\/\/uhmwpemanufacture.com\/?post_type=product&#038;p=2139"},"modified":"2025-10-11T02:37:58","modified_gmt":"2025-10-11T02:37:58","slug":"polypropylene-sheet-hockey-practice-shooting-pads-exporter","status":"publish","type":"product","link":"https:\/\/uhmwpemanufacture.com\/fr\/polypropylene-sheet-hockey-practice-shooting-pads-exporter\/","title":{"rendered":"Polypropyl\u00e8ne Sheet Hockey Practice Shooting Pads Exporter"},"content":{"rendered":"<h2 id=\"polypropylene-sheet-hockey-method-capturing-cushions-exporter\">Polypropyl\u00e8ne Sheet Hockey Method Capturing Cushions Exporter<\/h2>\n<p>Nous sommes l'un des principaux exportateurs de feuilles de polypropyl\u00e8ne de haute qualit\u00e9, parfaites pour cr\u00e9er des tampons de capture de m\u00e9thodes de hockey robustes et fiables. Nos feuilles de PP sont fabriqu\u00e9es pour un glissement et une r\u00e9sistance de premier ordre, ressemblant \u00e0 de v\u00e9ritables probl\u00e8mes de glace afin d'am\u00e9liorer l'entra\u00eenement des joueurs. Comme le montre l'image, nos feuilles sont disponibles en gros, bien empil\u00e9es et pr\u00eates \u00e0 \u00eatre livr\u00e9es, ce qui t\u00e9moigne de notre capacit\u00e9 \u00e0 traiter de grosses commandes et \u00e0 fournir des produits de qualit\u00e9. Chaque feuille offre une surface constante et lisse, ce qui en fait la meilleure solution pour am\u00e9liorer la pr\u00e9cision des tirs, le maniement du b\u00e2ton et les strat\u00e9gies de passe. Nous proposons diff\u00e9rentes \u00e9paisseurs et des mesures personnalis\u00e9es pour r\u00e9pondre aux exigences des entra\u00eeneurs, des centres d'entra\u00eenement et des joueurs au niveau international. Choisissez nos feuilles de polypropyl\u00e8ne pour une option \u00e9conomique et r\u00e9sistante afin d'am\u00e9liorer la m\u00e9thode de hockey.<\/p>","protected":false},"excerpt":{"rendered":"<p>Nous exportons des feuilles de polypropyl\u00e8ne de haute qualit\u00e9 pour les coussins de tir destin\u00e9s \u00e0 l'entra\u00eenement au hockey. Ces feuilles durables offrent une glisse sup\u00e9rieure, imitant la glace pour am\u00e9liorer l'entra\u00eenement au tir, au maniement de la crosse et \u00e0 la passe. Disponibles en vrac, nos feuilles de PP constituent une solution fiable pour les centres d'entra\u00eenement et les joueurs du monde entier.<\/p>","protected":false},"featured_media":2141,"template":"","meta":{"_gspb_post_css":""},"product_brand":[],"product_cat":[29,31],"product_tag":[410,84,409],"class_list":{"0":"post-2139","1":"product","2":"type-product","3":"status-publish","4":"has-post-thumbnail","6":"product_cat-ice-rink-products","7":"product_cat-hockey-practice-shooting-pads","8":"product_tag-hockey-practice","9":"product_tag-hockey-shooting-pads","10":"product_tag-polypropylene-sheets","12":"first","13":"instock","14":"shipping-taxable","15":"product-type-simple"},"_links":{"self":[{"href":"https:\/\/uhmwpemanufacture.com\/fr\/wp-json\/wp\/v2\/product\/2139","targetHints":{"allow":["GET"]}}],"collection":[{"href":"https:\/\/uhmwpemanufacture.com\/fr\/wp-json\/wp\/v2\/product"}],"about":[{"href":"https:\/\/uhmwpemanufacture.com\/fr\/wp-json\/wp\/v2\/types\/product"}],"wp:featuredmedia":[{"embeddable":true,"href":"https:\/\/uhmwpemanufacture.com\/fr\/wp-json\/wp\/v2\/media\/2141"}],"wp:attachment":[{"href":"https:\/\/uhmwpemanufacture.com\/fr\/wp-json\/wp\/v2\/media?parent=2139"}],"wp:term":[{"taxonomy":"product_brand","embeddable":true,"href":"https:\/\/uhmwpemanufacture.com\/fr\/wp-json\/wp\/v2\/product_brand?post=2139"},{"taxonomy":"product_cat","embeddable":true,"href":"https:\/\/uhmwpemanufacture.com\/fr\/wp-json\/wp\/v2\/product_cat?post=2139"},{"taxonomy":"product_tag","embeddable":true,"href":"https:\/\/uhmwpemanufacture.com\/fr\/wp-json\/wp\/v2\/product_tag?post=2139"}],"curies":[{"name":"wp","href":"https:\/\/api.w.org\/{rel}","templated":true}]}}